{"id":9190,"date":"2022-11-18T16:48:47","date_gmt":"2022-11-18T16:48:47","guid":{"rendered":"https:\/\/ceelimp.com\/politica-de-privacidad\/"},"modified":"2024-02-06T08:45:18","modified_gmt":"2024-02-06T08:45:18","slug":"politica-de-privacidad","status":"publish","type":"page","link":"https:\/\/ceelimp.com\/pe\/politica-de-privacidad\/","title":{"rendered":"Pol\u00edtica de privacidad"},"content":{"rendered":"<h1>POL\u00cdTICA DE PRIVACIDAD<\/h1>\n<h2>1.- Titular del sitio Web y Banco de Datos<\/h2>\n<p>La presente pol\u00edtica de protecci\u00f3n de datos regula el tratamiento de los datos personales obtenidos a trav\u00e9s del sitio Web https:\/\/ceelimp.com\/pe\/ (en adelante, la \u201cWeb\u201d).<\/p>\n<p>\u00a0 &#8211; Titular del banco de datos personales: <strong>CEELIMP GROUP S.A.C.<\/strong> (en adelante, \u201c<strong>Ceelimp<\/strong>\u201d) cuyos datos de identificaci\u00f3n se detallan a continuaci\u00f3n:<\/p>\n<p>\u00a0 \u00a0 \u00a0 \u00a0o N\u00famero de RUC: 20555330244<br \/>\u00a0 \u00a0 \u00a0 \u00a0o Domicilio: Calle Antequera 777, piso 7, distrito de San Isidro, Provincia y Departamento de Lima.<br \/>\u00a0 \u00a0 \u00a0 \u00a0o Contacto sobre protecci\u00f3n de datos: Protecciondedatos@ceelimp.com<\/p>\n<p>Ceelimp es una empresa de servicios de limpieza y servicios complementarios con m\u00e1s de 30 a\u00f1os de experiencia en la prestaci\u00f3n de servicios de limpieza hospitalaria, handling aeroportuario y servicios complementarios a empresas multinacionales.<\/p>\n<h3>\u00a0 1.- Alcance<\/h3>\n<p>La presente Pol\u00edtica de Privacidad regula la totalidad de relaciones existentes entre el usuario que accede a la Web (en adelante, el \u201cUsuario\u201d) y Ceelimp a efectos de la navegaci\u00f3n por el sitio Web y, en su caso, la gesti\u00f3n de los datos que proporcione a trav\u00e9s del formulario web.<\/p>\n<p>Los principios y disposiciones contenidos en la presente pol\u00edtica se aplicar\u00e1n a todo tratamiento de datos personales por parte de Ceelimp, sus empleados y en lo que corresponda, por aquellos terceros con los que se acuerde todo o parte de la realizaci\u00f3n de cualquier actividad relacionada con el tratamiento de datos personales o con sus sistemas de informaci\u00f3n, a los cuales se les exigir\u00e1 un nivel de diligencia y cumplimiento equivalente al que aplica Ceelimp.<\/p>\n<h3>2.- Finalidades del tratamiento<\/h3>\n<p>Los datos recabados a trav\u00e9s del sitio Web se utilizar\u00e1n de acuerdo a las siguientes finalidades:<\/p>\n<p>\u00a0 &#8211; <strong>Tipo de Usuario Finalidad del Tratamiento: <\/strong>Potenciales clientes (Usuario web).\u00a0<\/p>\n<p>\u00a0 &#8211;<strong> Finalidad del Tratamiento:<\/strong><\/p>\n<p>\u00a0 \u00a0 \u00a0 \u00a0 -&gt; Gestionar la potencial relaci\u00f3n comercial.<\/p>\n<p>\u00a0 \u00a0 \u00a0 \u00a0 -&gt; Resolver consultas planteadas.<\/p>\n<p>\u00a0 \u00a0 \u00a0 \u00a0 -&gt; Facilitar ofertas de nuestros servicios.<\/p>\n<p>\u00a0 \u00a0 \u00a0 \u00a0 -&gt; Analizar el uso de la p\u00e1gina web y estad\u00edstico de la navegaci\u00f3n, para ofrecer publicidad acorde a sus intereses.<\/p>\n<p>Ceelimp informa expresamente a los usuarios que los datos personales facilitados no ser\u00e1n transferidos a ning\u00fan tercero, a nivel nacional o internacional, cuya intervenci\u00f3n no sea estrictamente necesaria para el cumplimiento de las finalidades descritas en los puntos anteriores.<\/p>\n<p><strong>3.- Medidas de Seguridad.<\/strong><\/p>\n<p>Ceelimp se toma muy en serio la protecci\u00f3n de sus datos personales. Su informaci\u00f3n personal se conserva de forma segura y se trata con la m\u00e1xima diligencia, garantizando su absoluta confidencialidad y empleando los est\u00e1ndares de seguridad adecuados conforme a lo establecido en la Ley de Protecci\u00f3n de Datos Personales \u2013 Ley N\u00b0 29733, por su Reglamento, aprobado mediante Decreto Supremo N\u00b0 003-2013-JUS, el Decreto Legislativo N\u00b0 1353 y su Reglamento aprobado mediante Decreto Supremo N\u00b0 019-2017-JUS, y por la Directiva de Seguridad de la Informaci\u00f3n, aprobada por la Resoluci\u00f3n Directoral N\u00b0 019-2013-JUS\/DGPDP.<\/p>\n<p>El sitio Web se encuentra protegido mediante t\u00e9cnicas de seguridad de la informaci\u00f3n con el objeto de evitar el acceso no autorizado a los datos. Todo proceso de contrataci\u00f3n o que conlleve la introducci\u00f3n de datos personales ser\u00e1n siempre transmitidos mediante protocolo de comunicaci\u00f3n segura, de tal forma que ning\u00fan tercero tenga acceso a la informaci\u00f3n transmitida v\u00eda electr\u00f3nica.<\/p>\n<p><strong>4.- Principios del tratamiento<\/strong><\/p>\n<p>Ceelimp expone la presente pol\u00edtica en atenci\u00f3n a los principios rectores establecidos en la Ley N\u00ba 29733 &#8211; Ley de Protecci\u00f3n de Datos Personales. Por lo tanto:<\/p>\n<p>\u00a0 i) De acuerdo al principio de legalidad, Ceelimp no realiza recopilaci\u00f3n de datos personales por medios fraudulentos, desleales o il\u00edcitos.<\/p>\n<p>\u00a0 ii) El tratamiento de datos personales se realizar\u00e1 siempre amparado en el<br \/>consentimiento del titular, excluyendo las excepciones dispuestas por la legislaci\u00f3n aplicable.<\/p>\n<p>\u00a0 iii) Los datos personales se recopilar\u00e1n para una finalidad determinada, expl\u00edcita y l\u00edcita, y no se extender\u00e1 a otra finalidad distinta a la establecida de manera inequ\u00edvoca al momento de su recopilaci\u00f3n, excluyendo los casos de actividades de valor hist\u00f3rico, estad\u00edstico o cient\u00edfico que incluyan un procedimiento de disociaci\u00f3n o anonimizaci\u00f3n.<\/p>\n<p>\u00a0 iv) Todo tratamiento de datos personales ser\u00e1 adecuado, relevante y no excesivo a la finalidad para la que \u00e9stos hubiesen sido recopilados.<\/p>\n<p>\u00a0 v) Los datos personales ser\u00e1n veraces y exactos, implement\u00e1ndose, en la medida de lo posible, procedimientos de actualizaci\u00f3n y verificaci\u00f3n.<\/p>\n<p>\u00a0 vi) Los datos personales se conservar\u00e1n el tiempo necesario para cumplir con la finalidad del tratamiento y por un plazo m\u00e1ximo de diez (10) a\u00f1os, salvo disposiciones de almacenamiento posterior conforme a ley o autorizaci\u00f3n expresa del titular.<br \/>\u00a0 vii) Ceelimp y, en su caso, los encargados de tratamiento, adoptar\u00e1n las medidas t\u00e9cnicas, organizativas y legales necesarias para garantizar la seguridad de los datos personales.<\/p>\n<p>\u00a0 viii) Ceelimp garantiza un nivel adecuado de seguridad en el tratamiento de datos personales, acorde con la normativa vigente y los est\u00e1ndares internacionales de la materia.<\/p>\n<p><strong>5.- Transferencia de Datos Personales \u2013 Flujo Transfronterizo<\/strong><\/p>\n<p>Ceelimp deja expresa constancia de que no transferir\u00e1 los datos personales facilitados por los titulares a trav\u00e9s de la Web a ning\u00fan tercero, ya sea a nivel nacional o internacional, de igual manera no se realizar\u00e1 el flujo transfronterizo.<\/p>\n<p><strong>6.- Calidad y Plazo de conservaci\u00f3n de los Datos Personales<\/strong><\/p>\n<p>Los datos personales solicitados ser\u00e1n adecuados, pertinentes y no excesivos en relaci\u00f3n con la finalidad para los que se recogen. El Usuario garantiza que los datos personales facilitados son veraces y se hace responsable de comunicar a Ceelimp cualquier modificaci\u00f3n de los mismos. Ceelimp har\u00e1 los mejores esfuerzos para mantener su Banco de Datos actualizado, pero ser\u00e1 responsabilidad del Usuario informar a Ceelimp de las modificaciones que a futuro se produzcan en sus datos personales. El usuario responder\u00e1, en cualquier caso, de la veracidad de los datos facilitados, reserv\u00e1ndose Ceelimp el derecho a excluir a todo Usuario que haya facilitado datos falsos, sin perjuicio de las dem\u00e1s acciones que procedan en Derecho.<\/p>\n<p>Los datos personales ser\u00e1n tratados hasta que sea necesario para cumplir con las finalidades asociadas a su recopilaci\u00f3n. Una vez cumplida dicha finalidad, se conservar\u00e1n bloqueados, no permitiendo su utilizaci\u00f3n para cualquier otra finalidad, durante el tiempo en que pueda exigirse alg\u00fan tipo de responsabilidad a Ceelimp derivada de esta relaci\u00f3n o fruto de alguna disposici\u00f3n acorde a ley. En todo caso, se toma como plazo m\u00e1ximo hasta la cancelaci\u00f3n definitiva el plazo de diez (10) a\u00f1os.<\/p>\n<p><strong>7.- Tratamiento de Datos Sensibles y de Menores de Edad.<\/strong><\/p>\n<p>Ceelimp no recopila datos sensibles a trav\u00e9s del sitio Web y, por tanto, no realiza tratamiento alguno de datos personales de esta \u00edndole.<\/p>\n<p>Ceelimp no recoge datos de menores de edad a trav\u00e9s del sitio Web.<\/p>\n<p><strong>8.- Incorporaci\u00f3n en el Banco de Datos sobre informaci\u00f3n personal <\/strong><\/p>\n<p>Los datos personales recabadas sobre los Usuarios en el sitio web de CEELIMP ser\u00e1n almacenados en los siguientes bancos de datos:<\/p>\n<p>\u00a0 &#8211; <strong>C\u00f3digo de registro: <\/strong>En tr\u00e1mite ante el RNPDP<\/p>\n<p>\u00a0 &#8211;<strong> Titular del Banco de Datos: <\/strong>CEELIMP GROUP S.A.C.<\/p>\n<p>\u00a0 &#8211; <strong>Denominaci\u00f3n:<\/strong> Clientes<\/p>\n<p>Asimismo, CEELIMP en sus dem\u00e1s relaciones contractuales, custodia en los siguientes bancos de datos la siguiente informaci\u00f3n personal:<\/p>\n<p>\u00a0 \u00a0 &#8211; <strong>C\u00f3digo de registro:\u00a0<\/strong><\/p>\n<p>\u00a0 \u00a0 \u00a0 1. En tr\u00e1mite ante el RNPDP<\/p>\n<p>\u00a0 \u00a0 \u00a0 2. En tr\u00e1mite ante el RNPDP<\/p>\n<p>\u00a0 \u00a0 \u00a0 3. 17186<\/p>\n<p><strong>\u00a0 \u00a0 &#8211; Titular del Banco de Datos:<\/strong><\/p>\n<p>\u00a0 \u00a0 \u00a0 1. CEELIMP GROUP S.A.C.<\/p>\n<p>\u00a0 \u00a0 \u00a0 2. CEELIMP GROUP S.A.C.<\/p>\n<p>\u00a0 \u00a0 \u00a0 3. CEELIMP GROUP S.A.C.<\/p>\n<p><strong>\u00a0 \u00a0 &#8211; Denominaci\u00f3n:<\/strong><\/p>\n<p>\u00a0 \u00a0 \u00a0 1. Proveedores<\/p>\n<p>\u00a0 \u00a0 \u00a0 2. Candidatos<\/p>\n<p>\u00a0 \u00a0 \u00a0 3. Trabajadores<\/p>\n<p><strong>9.- Ejercicio de los Derechos de Acceso, Rectificaci\u00f3n Supresi\u00f3n y Oposici\u00f3n.<\/strong><\/p>\n<p>La normativa vigente otorga al titular de los datos personales un conjunto de derechos que le garantizan el control sobre los mismos. Dentro de este grupo, el Usuario puede ejercitar los siguientes derechos:<\/p>\n<p>\u00a0 i) Derecho de acceso. Derecho a obtener informaci\u00f3n sobre los datos personales de s\u00ed mismo que son objeto de tratamiento por parte de Ceelimp.<\/p>\n<p>\u00a0 ii) Derecho de rectificaci\u00f3n. Derecho a solicitar a Ceelimp la correcci\u00f3n de los datos personales objeto de tratamiento, ya sea por inexactitud u omisi\u00f3n. Incorpora el derecho de actualizaci\u00f3n, consistente en poner al d\u00eda la informaci\u00f3n previamente brindada, e inclusi\u00f3n, que consiste en a\u00f1adir datos adicionales a los brindados inicialmente.<\/p>\n<p>\u00a0 iii) Derecho de supresi\u00f3n. Derecho a solicitar la eliminaci\u00f3n de sus datos<br \/>personales, anulando el tratamiento de los mismos. La solicitud de supresi\u00f3n o cancelaci\u00f3n podr\u00e1 referirse a todos los datos personales del titular contenidos en un banco de datos personales o s\u00f3lo a alguna parte de ellos.<\/p>\n<p>\u00a0 iv) Derecho de oposici\u00f3n. Derecho a oponerse al tratamiento de sus datos<br \/>personales para finalidades concretas atendiendo a motivos fundados y leg\u00edtimos relativos a una concreta situaci\u00f3n personal.<\/p>\n<p>Para poder ejercitar estos derechos, el usuario deber\u00e1 remitir a Ceelimp una solicitud por escrito, acompa\u00f1ada de una copia de su documento de identificaci\u00f3n (DNI, Carn\u00e9 de Extranjer\u00eda o Pasaporte) a trav\u00e9s de cualquiera de los siguientes canales:<\/p>\n<p>\u00a0 &#8211; V\u00eda correo electr\u00f3nico dirigido a Protecciondedatos@ceelimp.com, con la referencia \u201cProtecci\u00f3n de Datos Personales\u201d, especificando el tipo de solicitud y sus motivos.<br \/>De requerir informaci\u00f3n adicional, se le comunicar\u00e1 oportunamente por el mismo medio.<\/p>\n<p>\u00a0 &#8211; V\u00eda correo postal o presencial, dirigi\u00e9ndose para ello a cualquiera de las siguientes direcciones: Calle Antequera 777, piso 7, distrito de San Isidro, Provincia y Departamento de Lima.<\/p>\n<p>Las solicitudes ser\u00e1n atendidas por Ceelimp sin costo alguno en los plazos establecidos legalmente contados desde la fecha en la que se presenta la solicitud. A trav\u00e9s de la respuesta se conceder\u00e1 el ejercicio del derecho o se justificar\u00e1 su negativa.<\/p>\n<p><strong>10.- Tr\u00e1fico IP<\/strong><\/p>\n<p>Ceelimp no almacena informaci\u00f3n de las IPs asignadas a los usuarios que visitan nuestros portales web. En ese sentido, en nuestros bancos de datos no se recoge informaci\u00f3n alguna respecto a las IP, est\u00e1ticas o din\u00e1micas, que nuestros usuarios hayan utilizado en cualquiera de sus navegaciones.<\/p>\n<p><strong>11.- Cambios<\/strong><\/p>\n<p>Ceelimp se reserva el derecho A revisar su Pol\u00edtica de Privacidad. En caso de que se lleven a cabo modificaciones sustanciales que puedan tener impacto en la protecci\u00f3n de los datos personales de los usuarios, \u00e9stos ser\u00e1n informados.<\/p>\n\n\n<p><\/p>\n","protected":false},"excerpt":{"rendered":"<p>POL\u00cdTICA DE PRIVACIDAD 1.- Titular del sitio Web y Banco de Datos La presente pol\u00edtica de protecci\u00f3n de datos regula el tratamiento de los datos personales obtenidos a trav\u00e9s del [&hellip;]<\/p>\n","protected":false},"author":1,"featured_media":0,"parent":0,"menu_order":0,"comment_status":"closed","ping_status":"closed","template":"","meta":{"_monsterinsights_skip_tracking":false,"_monsterinsights_sitenote_active":false,"_monsterinsights_sitenote_note":"","_monsterinsights_sitenote_category":0,"footnotes":""},"class_list":["post-9190","page","type-page","status-publish","hentry"],"yoast_head":"<!-- This site is optimized with the Yoast SEO plugin v25.0 - https:\/\/yoast.com\/wordpress\/plugins\/seo\/ -->\n<title>Pol\u00edtica de privacidad - Servicios de Limpieza en Madrid<\/title>\n<meta name=\"description\" content=\"Pol\u00edtica de privacidad. Empresa especializada en servicios auxiliares y de limpieza en Madrid. Contamos con m\u00e1s de 30 a\u00f1os de experiencia en el sector.\" \/>\n<meta name=\"robots\" content=\"index, follow, max-snippet:-1, max-image-preview:large, max-video-preview:-1\" \/>\n<link rel=\"canonical\" href=\"http:\/\/ceelimp.com\/pe\/politica-de-privacidad\/\" \/>\n<meta property=\"og:locale\" content=\"es_ES\" \/>\n<meta property=\"og:type\" content=\"article\" \/>\n<meta property=\"og:title\" content=\"Pol\u00edtica de privacidad - Servicios de Limpieza en Madrid\" \/>\n<meta property=\"og:description\" content=\"Pol\u00edtica de privacidad. Empresa especializada en servicios auxiliares y de limpieza en Madrid. Contamos con m\u00e1s de 30 a\u00f1os de experiencia en el sector.\" \/>\n<meta property=\"og:url\" content=\"http:\/\/ceelimp.com\/pe\/politica-de-privacidad\/\" \/>\n<meta property=\"og:site_name\" content=\"Empresa de limpieza y servicios complementarios | Ceelimp\" \/>\n<meta property=\"article:publisher\" content=\"https:\/\/www.facebook.com\/ceelimp\/\" \/>\n<meta property=\"article:modified_time\" content=\"2024-02-06T08:45:18+00:00\" \/>\n<meta name=\"twitter:card\" content=\"summary_large_image\" \/>\n<meta name=\"twitter:label1\" content=\"Est. reading time\" \/>\n\t<meta name=\"twitter:data1\" content=\"9 minutos\" \/>\n<script type=\"application\/ld+json\" class=\"yoast-schema-graph\">{\"@context\":\"https:\/\/schema.org\",\"@graph\":[{\"@type\":\"WebPage\",\"@id\":\"http:\/\/ceelimp.com\/pe\/politica-de-privacidad\/\",\"url\":\"http:\/\/ceelimp.com\/pe\/politica-de-privacidad\/\",\"name\":\"Pol\u00edtica de privacidad - Servicios de Limpieza en Madrid\",\"isPartOf\":{\"@id\":\"https:\/\/ceelimp.com\/es\/#website\"},\"datePublished\":\"2022-11-18T16:48:47+00:00\",\"dateModified\":\"2024-02-06T08:45:18+00:00\",\"description\":\"Pol\u00edtica de privacidad. Empresa especializada en servicios auxiliares y de limpieza en Madrid. Contamos con m\u00e1s de 30 a\u00f1os de experiencia en el sector.\",\"breadcrumb\":{\"@id\":\"http:\/\/ceelimp.com\/pe\/politica-de-privacidad\/#breadcrumb\"},\"inLanguage\":\"es\",\"potentialAction\":[{\"@type\":\"ReadAction\",\"target\":[\"http:\/\/ceelimp.com\/pe\/politica-de-privacidad\/\"]}]},{\"@type\":\"BreadcrumbList\",\"@id\":\"http:\/\/ceelimp.com\/pe\/politica-de-privacidad\/#breadcrumb\",\"itemListElement\":[{\"@type\":\"ListItem\",\"position\":1,\"name\":\"Inicio\",\"item\":\"https:\/\/ceelimp.com\/pe\/\"},{\"@type\":\"ListItem\",\"position\":2,\"name\":\"Pol\u00edtica de privacidad\"}]},{\"@type\":\"WebSite\",\"@id\":\"https:\/\/ceelimp.com\/es\/#website\",\"url\":\"https:\/\/ceelimp.com\/es\/\",\"name\":\"Empresa de limpieza y servicios complementarios | Ceelimp\",\"description\":\"Empresa de servicios de limpieza\",\"potentialAction\":[{\"@type\":\"SearchAction\",\"target\":{\"@type\":\"EntryPoint\",\"urlTemplate\":\"https:\/\/ceelimp.com\/es\/?s={search_term_string}\"},\"query-input\":{\"@type\":\"PropertyValueSpecification\",\"valueRequired\":true,\"valueName\":\"search_term_string\"}}],\"inLanguage\":\"es\"}]}<\/script>\n<!-- \/ Yoast SEO plugin. -->","yoast_head_json":{"title":"Pol\u00edtica de privacidad - Servicios de Limpieza en Madrid","description":"Pol\u00edtica de privacidad. Empresa especializada en servicios auxiliares y de limpieza en Madrid. Contamos con m\u00e1s de 30 a\u00f1os de experiencia en el sector.","robots":{"index":"index","follow":"follow","max-snippet":"max-snippet:-1","max-image-preview":"max-image-preview:large","max-video-preview":"max-video-preview:-1"},"canonical":"http:\/\/ceelimp.com\/pe\/politica-de-privacidad\/","og_locale":"es_ES","og_type":"article","og_title":"Pol\u00edtica de privacidad - Servicios de Limpieza en Madrid","og_description":"Pol\u00edtica de privacidad. Empresa especializada en servicios auxiliares y de limpieza en Madrid. Contamos con m\u00e1s de 30 a\u00f1os de experiencia en el sector.","og_url":"http:\/\/ceelimp.com\/pe\/politica-de-privacidad\/","og_site_name":"Empresa de limpieza y servicios complementarios | Ceelimp","article_publisher":"https:\/\/www.facebook.com\/ceelimp\/","article_modified_time":"2024-02-06T08:45:18+00:00","twitter_card":"summary_large_image","twitter_misc":{"Est. reading time":"9 minutos"},"schema":{"@context":"https:\/\/schema.org","@graph":[{"@type":"WebPage","@id":"http:\/\/ceelimp.com\/pe\/politica-de-privacidad\/","url":"http:\/\/ceelimp.com\/pe\/politica-de-privacidad\/","name":"Pol\u00edtica de privacidad - Servicios de Limpieza en Madrid","isPartOf":{"@id":"https:\/\/ceelimp.com\/es\/#website"},"datePublished":"2022-11-18T16:48:47+00:00","dateModified":"2024-02-06T08:45:18+00:00","description":"Pol\u00edtica de privacidad. Empresa especializada en servicios auxiliares y de limpieza en Madrid. Contamos con m\u00e1s de 30 a\u00f1os de experiencia en el sector.","breadcrumb":{"@id":"http:\/\/ceelimp.com\/pe\/politica-de-privacidad\/#breadcrumb"},"inLanguage":"es","potentialAction":[{"@type":"ReadAction","target":["http:\/\/ceelimp.com\/pe\/politica-de-privacidad\/"]}]},{"@type":"BreadcrumbList","@id":"http:\/\/ceelimp.com\/pe\/politica-de-privacidad\/#breadcrumb","itemListElement":[{"@type":"ListItem","position":1,"name":"Inicio","item":"https:\/\/ceelimp.com\/pe\/"},{"@type":"ListItem","position":2,"name":"Pol\u00edtica de privacidad"}]},{"@type":"WebSite","@id":"https:\/\/ceelimp.com\/es\/#website","url":"https:\/\/ceelimp.com\/es\/","name":"Empresa de limpieza y servicios complementarios | Ceelimp","description":"Empresa de servicios de limpieza","potentialAction":[{"@type":"SearchAction","target":{"@type":"EntryPoint","urlTemplate":"https:\/\/ceelimp.com\/es\/?s={search_term_string}"},"query-input":{"@type":"PropertyValueSpecification","valueRequired":true,"valueName":"search_term_string"}}],"inLanguage":"es"}]}},"_links":{"self":[{"href":"https:\/\/ceelimp.com\/pe\/wp-json\/wp\/v2\/pages\/9190","targetHints":{"allow":["GET"]}}],"collection":[{"href":"https:\/\/ceelimp.com\/pe\/wp-json\/wp\/v2\/pages"}],"about":[{"href":"https:\/\/ceelimp.com\/pe\/wp-json\/wp\/v2\/types\/page"}],"author":[{"embeddable":true,"href":"https:\/\/ceelimp.com\/pe\/wp-json\/wp\/v2\/users\/1"}],"replies":[{"embeddable":true,"href":"https:\/\/ceelimp.com\/pe\/wp-json\/wp\/v2\/comments?post=9190"}],"version-history":[{"count":0,"href":"https:\/\/ceelimp.com\/pe\/wp-json\/wp\/v2\/pages\/9190\/revisions"}],"wp:attachment":[{"href":"https:\/\/ceelimp.com\/pe\/wp-json\/wp\/v2\/media?parent=9190"}],"curies":[{"name":"wp","href":"https:\/\/api.w.org\/{rel}","templated":true}]}}