{"id":9186,"date":"2022-11-18T15:47:44","date_gmt":"2022-11-18T15:47:44","guid":{"rendered":"https:\/\/ceelimp.com\/politica-de-cookies\/"},"modified":"2022-11-18T16:11:54","modified_gmt":"2022-11-18T16:11:54","slug":"politica-de-cookies","status":"publish","type":"page","link":"https:\/\/ceelimp.com\/pe\/politica-de-cookies\/","title":{"rendered":"Pol\u00edtica de cookies"},"content":{"rendered":"\n<p><div class=\"fusion-fullwidth fullwidth-box fusion-builder-row-1 fusion-flex-container nonhundred-percent-fullwidth non-hundred-percent-height-scrolling\" style=\"--awb-border-radius-top-left:0px;--awb-border-radius-top-right:0px;--awb-border-radius-bottom-right:0px;--awb-border-radius-bottom-left:0px;\" ><\/div><div class=\"fusion-builder-row fusion-row fusion-flex-align-items-flex-start\" style=\"max-width:calc( 1100px + 0px );margin-left: calc(-0px \/ 2 );margin-right: calc(-0px \/ 2 );\"><\/div><div class=\"fusion-layout-column fusion_builder_column fusion-builder-column-0 fusion_builder_column_1_1 1_1 fusion-one-full fusion-column-first fusion-column-last\" style=\"--awb-bg-size:cover;--awb-margin-bottom:0px;width:100%;\"><div class=\"fusion-column-wrapper fusion-flex-column-wrapper-legacy\"><div class=\"fusion-clearfix\"><\/div><\/div><\/div><div class=\"fusion-text fusion-text-1\"><\/div><\/p>\n<header class=\"main\">\n<h1>Pol\u00edtica de cookies<\/h1>\n<\/header>\n<div class=\"page\" title=\"Page 1\">\n<div class=\"section\">\n<div class=\"layoutArea\">\n<div class=\"column\">\n<p><strong>CEELIMP GROUP S.A.C.<\/strong> (en adelante, \u201c<strong>Ceelimp<\/strong>\u201d), le informa de que este Sitio Web utiliza Cookies. Usted, al aceptar la pol\u00edtica de cookies mediante la pesta\u00f1a correspondiente que aparecer\u00e1 al entrar en nuestro Sitio Web, consiente expresamente al uso de las cookies que seleccione de acuerdo con los t\u00e9rminos de la presente Pol\u00edtica.<\/p>\n<p>Si tienes cualquier duda sobre la utilizaci\u00f3n de cookies, puedes ponerte en contacto con nosotros a trav\u00e9s del correo electr\u00f3nico protecciondedatos@ceelimp.com<\/p>\n<\/div>\n<\/div>\n<\/div>\n<\/div>\n<h2>1. \u00bfQu\u00e9 son las cookies?<\/h2>\n<div class=\"page\" title=\"Page 1\">\n<div class=\"section\">\n<div class=\"layoutArea\">\n<div class=\"column\">\n<p>Las cookies son peque\u00f1os archivos de texto que se instalan en su navegador y que sirven para registrar su actividad en el Sitio Web, permitirle una navegaci\u00f3n m\u00e1s fluida y personalizada, o facilitarle funcionalidades adicionales como la visualizaci\u00f3n de v\u00eddeos y gr\u00e1ficos interactivos<\/p>\n<h2>2. \u00bfQu\u00e9 tipo de cookies usa este Sitio Web?<\/h2>\n<div class=\"page\" title=\"Page 1\">\n<div class=\"section\">\n<div class=\"layoutArea\">\n<div class=\"column\">\n<p>El Sitio Web emplea los siguientes tipos de cookies:<br \/>\u00a0 \u00a0 (i) Cookies Permanentes. Son cookies que tienen una fecha l\u00edmite de funcionamiento y se almacenan en el disco duro.<\/p>\n<p>Adicionalmente, el Sitio web utiliza las siguientes cookies:<br \/>\u00a0 \u00a0 (i) Cookies t\u00e9cnicas. Son necesarias para el funcionamiento del Sitio Web, y permiten, por ejemplo, que usted pueda acceder a \u00e1reas seguras.<br \/>\u00a0 \u00a0 (ii) Cookies anal\u00edticas. Permiten analizar sus h\u00e1bitos de navegaci\u00f3n y<br \/>reconocerle cuando vuelve a acceder al Sitio Web.<\/p>\n<p><span style=\"color: inherit; font-size: 1.95em; font-weight: 600;\">3. \u00bfQu\u00e9 cookies espec\u00edficas podr\u00eda instalar el Sitio Web en mi navegador?<\/span><\/p>\n<\/div>\n<\/div>\n<\/div>\n<\/div>\n<div class=\"page\" title=\"Page 1\">\n<div class=\"section\">\n<div class=\"layoutArea\">\n<div class=\"column\">\n<p>Este Sitio web puede instalar tanto Cookies Propias, es decir, Cookies de Ceelimp como Cookies de terceros, quienes podr\u00e1n utilizar su informaci\u00f3n para distintas finalidades.\u00a0<br \/>En particular, las cookies que podr\u00edan instalarse a trav\u00e9s de este Sitio Web son las siguientes:<\/p>\n<\/div>\n<p>\u00a0<\/p>\n<\/div>\n<\/div>\n<\/div>\n<\/div>\n<\/div>\n<table>\n<tr>\n<td>Tipo de cookie<\/td>\n<td>Nombre de las cookies<\/td>\n<td>Titular o entidad que las gestiona<\/td>\n<td>Finalidad<\/td>\n<td>Plazo de conservaci\u00f3n<\/td>\n<\/tr>\n<tr>\n<td>De an\u00e1lisis o medici\u00f3n<\/td>\n<td>_ga<\/td>\n<td>Google, Inc<\/td>\n<td>Cookie anal\u00edtica que permite la distinci\u00f3n entre usuarios y sesiones<\/td>\n<td>2 a\u00f1os<\/td>\n<\/tr>\n<tr>\n<td>De an\u00e1lisis o medici\u00f3n<\/td>\n<td>_gat<\/td>\n<td>Google, Inc<\/td>\n<td>Cookie anal\u00edtica que permite la limitaci\u00f3n en el porcentaje de solicitudes realizadas<\/td>\n<td>1 minuto<\/td>\n<\/tr>\n<tr>\n<td>De an\u00e1lisis o medici\u00f3n<\/td>\n<td>_gid<\/td>\n<td>Google, Inc<\/td>\n<td>Cookie anal\u00edtica que permite la distinci\u00f3n entre usuarios y sesiones<\/td>\n<td>24 horas<\/td>\n<\/tr>\n<\/table>\n\n<h2>4.- Legitimaci\u00f3n y plazos de conservaci\u00f3n de las cookies que se instalan en su navegador<\/h2>\nAl entrar en nuestro Sitio Web, se activar\u00e1 un aviso de cookies que permitir\u00e1 al usuario aceptar la instalaci\u00f3n de todas las cookies empleadas por el sitio web o bien, de forma individual al hacer clic sobre la pesta\u00f1a \u201cVer Configuraci\u00f3n de Cookies\u201d, autorizar la\ninstalaci\u00f3n de aquellas cookies que resulten de su inter\u00e9s.\nNo obstante, Ceelimp le informa de que, al utilizar el Sitio Web, usted acepta expresamente y en todo caso, la instalaci\u00f3n de cookies de car\u00e1cter t\u00e9cnico y necesario para el correcto funcionamiento del Sitio Web.\n\nAsimismo, Ceelimp le informa de que la informaci\u00f3n obtenida por \nmedio de cookies se conservar\u00e1 durante los plazos de persistencia de las mismas.\n\n<h2>5.- Desautorizar, deshabilitar, bloquear o eliminar las cookies de su navegador<\/h2>\nUsted puede configurar su navegador para no aceptar las cookies, bloquearlas, y, en su caso, eliminarlas. Asimismo, puede retirar en cualquier momento un consentimiento otorgado previamente para la instalaci\u00f3n de las mismas a trav\u00e9s de nuestra pesta\u00f1a de\naceptaci\u00f3n de cookies.\n\nA continuaci\u00f3n, le indicamos el proceso que deber\u00e1 seguir para no autorizar, deshabilitar, o bloquear las cookies en diferentes navegadores web:\n\n  (i) Internet Explorer: Herramientas -&gt; Opciones de Internet -&gt; Privacidad -&gt; Configuraci\u00f3n.\n  (ii) Firefox: Herramientas -&gt; Opciones -&gt; Privacidad -&gt; Historial -&gt; Configuraci\u00f3n Personalizada.\n  (iii) Chrome: Configuraci\u00f3n -&gt; Mostrar opciones avanzadas -&gt; Privacidad -&gt; Configuraci\u00f3n de contenido.\n  (iv) Safari: Preferencias -&gt; Seguridad.\n\n\n\n<p><\/p>\n","protected":false},"excerpt":{"rendered":"<p>Pol\u00edtica de cookies CEELIMP GROUP S.A.C. (en adelante, \u201cCeelimp\u201d), le informa de que este Sitio Web utiliza Cookies. Usted, al aceptar la pol\u00edtica de cookies mediante la pesta\u00f1a correspondiente que [&hellip;]<\/p>\n","protected":false},"author":1,"featured_media":0,"parent":0,"menu_order":0,"comment_status":"closed","ping_status":"closed","template":"100-width.php","meta":{"_monsterinsights_skip_tracking":false,"_monsterinsights_sitenote_active":false,"_monsterinsights_sitenote_note":"","_monsterinsights_sitenote_category":0,"footnotes":""},"class_list":["post-9186","page","type-page","status-publish","hentry"],"yoast_head":"<!-- This site is optimized with the Yoast SEO plugin v25.0 - https:\/\/yoast.com\/wordpress\/plugins\/seo\/ -->\n<title>Pol\u00edtica de cookies - Servicios de Limpieza en Madrid<\/title>\n<meta name=\"description\" content=\"Pol\u00edtica de cookies. Empresa especializada en servicios auxiliares y de limpieza en Madrid. Contamos con m\u00e1s de 30 a\u00f1os de experiencia en el sector.\" \/>\n<meta name=\"robots\" content=\"index, follow, max-snippet:-1, max-image-preview:large, max-video-preview:-1\" \/>\n<link rel=\"canonical\" href=\"http:\/\/ceelimp.com\/pe\/politica-de-cookies\/\" \/>\n<meta property=\"og:locale\" content=\"es_ES\" \/>\n<meta property=\"og:type\" content=\"article\" \/>\n<meta property=\"og:title\" content=\"Pol\u00edtica de cookies - Servicios de Limpieza en Madrid\" \/>\n<meta property=\"og:description\" content=\"Pol\u00edtica de cookies. Empresa especializada en servicios auxiliares y de limpieza en Madrid. Contamos con m\u00e1s de 30 a\u00f1os de experiencia en el sector.\" \/>\n<meta property=\"og:url\" content=\"http:\/\/ceelimp.com\/pe\/politica-de-cookies\/\" \/>\n<meta property=\"og:site_name\" content=\"Empresa de limpieza y servicios complementarios | Ceelimp\" \/>\n<meta property=\"article:publisher\" content=\"https:\/\/www.facebook.com\/ceelimp\/\" \/>\n<meta property=\"article:modified_time\" content=\"2022-11-18T16:11:54+00:00\" \/>\n<meta name=\"twitter:card\" content=\"summary_large_image\" \/>\n<meta name=\"twitter:label1\" content=\"Est. reading time\" \/>\n\t<meta name=\"twitter:data1\" content=\"4 minutos\" \/>\n<script type=\"application\/ld+json\" class=\"yoast-schema-graph\">{\"@context\":\"https:\/\/schema.org\",\"@graph\":[{\"@type\":\"WebPage\",\"@id\":\"http:\/\/ceelimp.com\/pe\/politica-de-cookies\/\",\"url\":\"http:\/\/ceelimp.com\/pe\/politica-de-cookies\/\",\"name\":\"Pol\u00edtica de cookies - Servicios de Limpieza en Madrid\",\"isPartOf\":{\"@id\":\"https:\/\/ceelimp.com\/es\/#website\"},\"datePublished\":\"2022-11-18T15:47:44+00:00\",\"dateModified\":\"2022-11-18T16:11:54+00:00\",\"description\":\"Pol\u00edtica de cookies. Empresa especializada en servicios auxiliares y de limpieza en Madrid. Contamos con m\u00e1s de 30 a\u00f1os de experiencia en el sector.\",\"breadcrumb\":{\"@id\":\"http:\/\/ceelimp.com\/pe\/politica-de-cookies\/#breadcrumb\"},\"inLanguage\":\"es\",\"potentialAction\":[{\"@type\":\"ReadAction\",\"target\":[\"http:\/\/ceelimp.com\/pe\/politica-de-cookies\/\"]}]},{\"@type\":\"BreadcrumbList\",\"@id\":\"http:\/\/ceelimp.com\/pe\/politica-de-cookies\/#breadcrumb\",\"itemListElement\":[{\"@type\":\"ListItem\",\"position\":1,\"name\":\"Inicio\",\"item\":\"https:\/\/ceelimp.com\/pe\/\"},{\"@type\":\"ListItem\",\"position\":2,\"name\":\"Pol\u00edtica de cookies\"}]},{\"@type\":\"WebSite\",\"@id\":\"https:\/\/ceelimp.com\/es\/#website\",\"url\":\"https:\/\/ceelimp.com\/es\/\",\"name\":\"Empresa de limpieza y servicios complementarios | Ceelimp\",\"description\":\"Empresa de servicios de limpieza\",\"potentialAction\":[{\"@type\":\"SearchAction\",\"target\":{\"@type\":\"EntryPoint\",\"urlTemplate\":\"https:\/\/ceelimp.com\/es\/?s={search_term_string}\"},\"query-input\":{\"@type\":\"PropertyValueSpecification\",\"valueRequired\":true,\"valueName\":\"search_term_string\"}}],\"inLanguage\":\"es\"}]}<\/script>\n<!-- \/ Yoast SEO plugin. -->","yoast_head_json":{"title":"Pol\u00edtica de cookies - Servicios de Limpieza en Madrid","description":"Pol\u00edtica de cookies. Empresa especializada en servicios auxiliares y de limpieza en Madrid. Contamos con m\u00e1s de 30 a\u00f1os de experiencia en el sector.","robots":{"index":"index","follow":"follow","max-snippet":"max-snippet:-1","max-image-preview":"max-image-preview:large","max-video-preview":"max-video-preview:-1"},"canonical":"http:\/\/ceelimp.com\/pe\/politica-de-cookies\/","og_locale":"es_ES","og_type":"article","og_title":"Pol\u00edtica de cookies - Servicios de Limpieza en Madrid","og_description":"Pol\u00edtica de cookies. Empresa especializada en servicios auxiliares y de limpieza en Madrid. Contamos con m\u00e1s de 30 a\u00f1os de experiencia en el sector.","og_url":"http:\/\/ceelimp.com\/pe\/politica-de-cookies\/","og_site_name":"Empresa de limpieza y servicios complementarios | Ceelimp","article_publisher":"https:\/\/www.facebook.com\/ceelimp\/","article_modified_time":"2022-11-18T16:11:54+00:00","twitter_card":"summary_large_image","twitter_misc":{"Est. reading time":"4 minutos"},"schema":{"@context":"https:\/\/schema.org","@graph":[{"@type":"WebPage","@id":"http:\/\/ceelimp.com\/pe\/politica-de-cookies\/","url":"http:\/\/ceelimp.com\/pe\/politica-de-cookies\/","name":"Pol\u00edtica de cookies - Servicios de Limpieza en Madrid","isPartOf":{"@id":"https:\/\/ceelimp.com\/es\/#website"},"datePublished":"2022-11-18T15:47:44+00:00","dateModified":"2022-11-18T16:11:54+00:00","description":"Pol\u00edtica de cookies. Empresa especializada en servicios auxiliares y de limpieza en Madrid. Contamos con m\u00e1s de 30 a\u00f1os de experiencia en el sector.","breadcrumb":{"@id":"http:\/\/ceelimp.com\/pe\/politica-de-cookies\/#breadcrumb"},"inLanguage":"es","potentialAction":[{"@type":"ReadAction","target":["http:\/\/ceelimp.com\/pe\/politica-de-cookies\/"]}]},{"@type":"BreadcrumbList","@id":"http:\/\/ceelimp.com\/pe\/politica-de-cookies\/#breadcrumb","itemListElement":[{"@type":"ListItem","position":1,"name":"Inicio","item":"https:\/\/ceelimp.com\/pe\/"},{"@type":"ListItem","position":2,"name":"Pol\u00edtica de cookies"}]},{"@type":"WebSite","@id":"https:\/\/ceelimp.com\/es\/#website","url":"https:\/\/ceelimp.com\/es\/","name":"Empresa de limpieza y servicios complementarios | Ceelimp","description":"Empresa de servicios de limpieza","potentialAction":[{"@type":"SearchAction","target":{"@type":"EntryPoint","urlTemplate":"https:\/\/ceelimp.com\/es\/?s={search_term_string}"},"query-input":{"@type":"PropertyValueSpecification","valueRequired":true,"valueName":"search_term_string"}}],"inLanguage":"es"}]}},"_links":{"self":[{"href":"https:\/\/ceelimp.com\/pe\/wp-json\/wp\/v2\/pages\/9186","targetHints":{"allow":["GET"]}}],"collection":[{"href":"https:\/\/ceelimp.com\/pe\/wp-json\/wp\/v2\/pages"}],"about":[{"href":"https:\/\/ceelimp.com\/pe\/wp-json\/wp\/v2\/types\/page"}],"author":[{"embeddable":true,"href":"https:\/\/ceelimp.com\/pe\/wp-json\/wp\/v2\/users\/1"}],"replies":[{"embeddable":true,"href":"https:\/\/ceelimp.com\/pe\/wp-json\/wp\/v2\/comments?post=9186"}],"version-history":[{"count":0,"href":"https:\/\/ceelimp.com\/pe\/wp-json\/wp\/v2\/pages\/9186\/revisions"}],"wp:attachment":[{"href":"https:\/\/ceelimp.com\/pe\/wp-json\/wp\/v2\/media?parent=9186"}],"curies":[{"name":"wp","href":"https:\/\/api.w.org\/{rel}","templated":true}]}}