{"id":1770,"date":"2017-12-27T17:55:03","date_gmt":"2017-12-27T17:55:03","guid":{"rendered":"https:\/\/ceelimp.com\/contacto\/"},"modified":"2025-04-28T09:18:56","modified_gmt":"2025-04-28T09:18:56","slug":"contacto","status":"publish","type":"page","link":"https:\/\/ceelimp.com\/pe\/contacto\/","title":{"rendered":"Contacto"},"content":{"rendered":"<div class=\"fusion-fullwidth fullwidth-box fusion-builder-row-1 fusion-flex-container nonhundred-percent-fullwidth non-hundred-percent-height-scrolling\" style=\"--awb-background-position:center bottom;--awb-border-sizes-top:0px;--awb-border-sizes-bottom:0px;--awb-border-sizes-left:0px;--awb-border-sizes-right:0px;--awb-border-radius-top-left:0px;--awb-border-radius-top-right:0px;--awb-border-radius-bottom-right:0px;--awb-border-radius-bottom-left:0px;--awb-padding-top:130px;--awb-padding-bottom:110px;--awb-background-color:#f4f4f4;\" ><div class=\"fusion-builder-row fusion-row fusion-flex-align-items-flex-start\" style=\"max-width:1144px;margin-left: calc(-4% \/ 2 );margin-right: calc(-4% \/ 2 );\"><div class=\"fusion-layout-column fusion_builder_column fusion-builder-column-0 fusion_builder_column_1_1 1_1 fusion-flex-column fusion-flex-align-self-flex-start fusion-column-no-min-height\" style=\"--awb-bg-size:cover;--awb-width-large:100%;--awb-margin-top-large:0px;--awb-spacing-right-large:1.92%;--awb-margin-bottom-large:0px;--awb-spacing-left-large:1.92%;--awb-width-medium:100%;--awb-spacing-right-medium:1.92%;--awb-spacing-left-medium:1.92%;--awb-width-small:100%;--awb-spacing-right-small:1.92%;--awb-spacing-left-small:1.92%;\"><div class=\"fusion-column-wrapper fusion-flex-justify-content-flex-start fusion-content-layout-column\"><div class=\"fusion-text fusion-text-1\"><h2><span style=\"color: #000000;\">CONTACTE CON CEELIMP<\/span><\/h2>\n<p><span style=\"color: #ffffff;\"><span style=\"color: #000000;\">Si tiene cualquier consulta respecto a cualquiera de los servicios que prestamos, no dude en contactar con nosotros.<\/span><br \/>\n<\/span><\/p>\n<\/div><div class=\"fusion-separator fusion-full-width-sep\" style=\"align-self: center;margin-left: auto;margin-right: auto;margin-top:100px;width:100%;\"><\/div><\/div><\/div><div class=\"fusion-layout-column fusion_builder_column fusion-builder-column-1 fusion_builder_column_1_2 1_2 fusion-flex-column\" style=\"--awb-bg-size:cover;--awb-width-large:50%;--awb-margin-top-large:0px;--awb-spacing-right-large:3.84%;--awb-margin-bottom-large:20px;--awb-spacing-left-large:3.84%;--awb-width-medium:50%;--awb-spacing-right-medium:3.84%;--awb-spacing-left-medium:3.84%;--awb-width-small:100%;--awb-spacing-right-small:1.92%;--awb-spacing-left-small:1.92%;\"><div class=\"fusion-column-wrapper fusion-flex-justify-content-flex-start fusion-content-layout-column\">\n<div class=\"wpcf7 no-js\" id=\"wpcf7-f6-o1\" lang=\"es-ES\" dir=\"ltr\" data-wpcf7-id=\"6\">\n<div class=\"screen-reader-response\"><p role=\"status\" aria-live=\"polite\" aria-atomic=\"true\"><\/p> <ul><\/ul><\/div>\n<form action=\"\/pe\/wp-json\/wp\/v2\/pages\/1770#wpcf7-f6-o1\" method=\"post\" class=\"wpcf7-form init\" aria-label=\"Formulario de contacto\" novalidate=\"novalidate\" data-status=\"init\">\n<div style=\"display: none;\">\n<input type=\"hidden\" name=\"_wpcf7\" value=\"6\" \/>\n<input type=\"hidden\" name=\"_wpcf7_version\" value=\"6.0.6\" \/>\n<input type=\"hidden\" name=\"_wpcf7_locale\" value=\"es_ES\" \/>\n<input type=\"hidden\" name=\"_wpcf7_unit_tag\" value=\"wpcf7-f6-o1\" \/>\n<input type=\"hidden\" name=\"_wpcf7_container_post\" value=\"0\" \/>\n<input type=\"hidden\" name=\"_wpcf7_posted_data_hash\" value=\"\" \/>\n<input type=\"hidden\" name=\"_wpcf7_recaptcha_response\" value=\"\" \/>\n<\/div>\n<p><label> Nombre (requerido)<br \/>\n<span class=\"wpcf7-form-control-wrap\" data-name=\"your-name\"><input size=\"40\" maxlength=\"400\" class=\"wpcf7-form-control wpcf7-text wpcf7-validates-as-required\" aria-required=\"true\" aria-invalid=\"false\" value=\"\" type=\"text\" name=\"your-name\" \/><\/span> <\/label>\n<\/p>\n<p><label> Email:<br \/>\n<span class=\"wpcf7-form-control-wrap\" data-name=\"your-email\"><input size=\"40\" maxlength=\"400\" class=\"wpcf7-form-control wpcf7-email wpcf7-validates-as-required wpcf7-text wpcf7-validates-as-email\" aria-required=\"true\" aria-invalid=\"false\" value=\"\" type=\"email\" name=\"your-email\" \/><\/span> <\/label>\n<\/p>\n<p><label> Tel\u00e9fono: <span class=\"wpcf7-form-control-wrap\" data-name=\"telephone\"><input size=\"40\" maxlength=\"400\" class=\"wpcf7-form-control wpcf7-tel wpcf7-validates-as-required wpcf7-text wpcf7-validates-as-tel\" aria-required=\"true\" aria-invalid=\"false\" value=\"\" type=\"tel\" name=\"telephone\" \/><\/span> <\/label>\n<\/p>\n<p><label> Asunto<br \/>\n<span class=\"wpcf7-form-control-wrap\" data-name=\"your-subject\"><input size=\"40\" maxlength=\"400\" class=\"wpcf7-form-control wpcf7-text\" aria-invalid=\"false\" value=\"\" type=\"text\" name=\"your-subject\" \/><\/span> <\/label>\n<\/p>\n<p><label> Mensaje<br \/>\n<span class=\"wpcf7-form-control-wrap\" data-name=\"your-message\"><textarea cols=\"40\" rows=\"10\" maxlength=\"2000\" class=\"wpcf7-form-control wpcf7-textarea\" aria-invalid=\"false\" name=\"your-message\"><\/textarea><\/span> <\/label>\n<\/p>\n\n<p><span class=\"wpcf7-form-control-wrap\" data-name=\"acceptance-proteccion\"><span class=\"wpcf7-form-control wpcf7-acceptance\"><span class=\"wpcf7-list-item\"><input type=\"checkbox\" name=\"acceptance-proteccion\" value=\"1\" aria-invalid=\"false\" \/><\/span><\/span><\/span><label> He leido la <a href=https:\/\/ceelimp.com\/politica-proteccion-datos>pol\u00edtica de protecci\u00f3n de datos, la he entendido y doy mi consentimiento para que mis datos sean recopilados a trav\u00e9s de este formulario<\/a><\/label>\n<\/p>\n<p><span class=\"wpcf7-form-control-wrap\" data-name=\"acceptance-terminos\"><span class=\"wpcf7-form-control wpcf7-acceptance\"><span class=\"wpcf7-list-item\"><input type=\"checkbox\" name=\"acceptance-terminos\" value=\"1\" aria-invalid=\"false\" \/><\/span><\/span><\/span><label> He leido el aviso legal y acepto los <a href=\"https:\/\/ceelimp.com\/aviso-legal\">t\u00e9rminos y condiciones de uso<\/a><\/label>\n<\/p>\n<p><input class=\"wpcf7-form-control wpcf7-submit has-spinner\" type=\"submit\" value=\"Enviar\" \/>\n<\/p><p style=\"display: none !important;\" class=\"akismet-fields-container\" data-prefix=\"_wpcf7_ak_\"><label>&#916;<textarea name=\"_wpcf7_ak_hp_textarea\" cols=\"45\" rows=\"8\" maxlength=\"100\"><\/textarea><\/label><input type=\"hidden\" id=\"ak_js_1\" name=\"_wpcf7_ak_js\" value=\"152\"\/><script>document.getElementById( \"ak_js_1\" ).setAttribute( \"value\", ( new Date() ).getTime() );<\/script><\/p><div class=\"fusion-alert alert custom alert-custom fusion-alert-center wpcf7-response-output alert-dismissable\" role=\"alert\"><div class=\"fusion-alert-content-wrapper\"><span class=\"fusion-alert-content\"><\/span><\/div><button type=\"button\" class=\"close toggle-alert\" data-dismiss=\"alert\" aria-label=\"Close\">&times;<\/button><\/div>\n<\/form>\n<\/div>\n<\/div><\/div><div class=\"fusion-layout-column fusion_builder_column fusion-builder-column-2 fusion_builder_column_1_2 1_2 fusion-flex-column\" style=\"--awb-bg-size:cover;--awb-width-large:50%;--awb-margin-top-large:0px;--awb-spacing-right-large:3.84%;--awb-margin-bottom-large:20px;--awb-spacing-left-large:3.84%;--awb-width-medium:50%;--awb-spacing-right-medium:3.84%;--awb-spacing-left-medium:3.84%;--awb-width-small:100%;--awb-spacing-right-small:1.92%;--awb-spacing-left-small:1.92%;\"><div class=\"fusion-column-wrapper fusion-flex-justify-content-flex-start fusion-content-layout-column\"><div class=\"fusion-separator fusion-full-width-sep\" style=\"align-self: center;margin-left: auto;margin-right: auto;margin-top:40px;width:100%;\"><\/div><div class=\"fusion-text fusion-text-2\"><p><strong><span style=\"color: #000000;\">Ceelimp Group SAC<\/span><\/strong><br \/>\n<span style=\"color: #000000;\">Calle Antequera 777, piso 7<\/span><br \/>\n<span style=\"color: #000000;\"> San Isidro<\/span><br \/>\n<span style=\"color: #000000;\"> Lima<\/span><br \/>\n<span style=\"color: #000000;\"> Tel\u00e9fono: +55 0124 80 310<\/span><br \/>\n<span style=\"color: #000000;\"> Email: <a style=\"color: #000000;\" href=\"mailto:info@ceelimp.com.pe\">info@ceelimp.com.pe<\/a><\/span><\/p>\n<\/div><\/div><\/div><\/div><\/div>\n","protected":false},"excerpt":{"rendered":"","protected":false},"author":1,"featured_media":0,"parent":0,"menu_order":0,"comment_status":"closed","ping_status":"closed","template":"100-width.php","meta":{"_monsterinsights_skip_tracking":false,"_monsterinsights_sitenote_active":false,"_monsterinsights_sitenote_note":"","_monsterinsights_sitenote_category":0,"footnotes":""},"class_list":["post-1770","page","type-page","status-publish","hentry"],"yoast_head":"<!-- This site is optimized with the Yoast SEO plugin v25.0 - https:\/\/yoast.com\/wordpress\/plugins\/seo\/ -->\n<title>Contacto - Servicios de Limpieza en Madrid<\/title>\n<meta name=\"description\" content=\"Contacto. Empresa especializada en servicios auxiliares y de limpieza en Madrid. Contamos con m\u00e1s de 30 a\u00f1os de experiencia en el sector.\" \/>\n<meta name=\"robots\" content=\"index, follow, max-snippet:-1, max-image-preview:large, max-video-preview:-1\" \/>\n<link rel=\"canonical\" href=\"http:\/\/ceelimp.com\/pe\/contacto\/\" \/>\n<meta property=\"og:locale\" content=\"es_ES\" \/>\n<meta property=\"og:type\" content=\"article\" \/>\n<meta property=\"og:title\" content=\"Contacto - Servicios de Limpieza en Madrid\" \/>\n<meta property=\"og:description\" content=\"Contacto. Empresa especializada en servicios auxiliares y de limpieza en Madrid. Contamos con m\u00e1s de 30 a\u00f1os de experiencia en el sector.\" \/>\n<meta property=\"og:url\" content=\"http:\/\/ceelimp.com\/pe\/contacto\/\" \/>\n<meta property=\"og:site_name\" content=\"Empresa de limpieza y servicios complementarios | Ceelimp\" \/>\n<meta property=\"article:publisher\" content=\"https:\/\/www.facebook.com\/ceelimp\/\" \/>\n<meta property=\"article:modified_time\" content=\"2025-04-28T09:18:56+00:00\" \/>\n<meta name=\"twitter:card\" content=\"summary_large_image\" \/>\n<meta name=\"twitter:label1\" content=\"Est. reading time\" \/>\n\t<meta name=\"twitter:data1\" content=\"2 minutos\" \/>\n<script type=\"application\/ld+json\" class=\"yoast-schema-graph\">{\"@context\":\"https:\/\/schema.org\",\"@graph\":[{\"@type\":\"WebPage\",\"@id\":\"http:\/\/ceelimp.com\/pe\/contacto\/\",\"url\":\"http:\/\/ceelimp.com\/pe\/contacto\/\",\"name\":\"Contacto - Servicios de Limpieza en Madrid\",\"isPartOf\":{\"@id\":\"https:\/\/ceelimp.com\/es\/#website\"},\"datePublished\":\"2017-12-27T17:55:03+00:00\",\"dateModified\":\"2025-04-28T09:18:56+00:00\",\"description\":\"Contacto. Empresa especializada en servicios auxiliares y de limpieza en Madrid. Contamos con m\u00e1s de 30 a\u00f1os de experiencia en el sector.\",\"breadcrumb\":{\"@id\":\"http:\/\/ceelimp.com\/pe\/contacto\/#breadcrumb\"},\"inLanguage\":\"es\",\"potentialAction\":[{\"@type\":\"ReadAction\",\"target\":[\"http:\/\/ceelimp.com\/pe\/contacto\/\"]}]},{\"@type\":\"BreadcrumbList\",\"@id\":\"http:\/\/ceelimp.com\/pe\/contacto\/#breadcrumb\",\"itemListElement\":[{\"@type\":\"ListItem\",\"position\":1,\"name\":\"Inicio\",\"item\":\"https:\/\/ceelimp.com\/pe\/\"},{\"@type\":\"ListItem\",\"position\":2,\"name\":\"Contacto\"}]},{\"@type\":\"WebSite\",\"@id\":\"https:\/\/ceelimp.com\/es\/#website\",\"url\":\"https:\/\/ceelimp.com\/es\/\",\"name\":\"Empresa de limpieza y servicios complementarios | Ceelimp\",\"description\":\"Empresa de servicios de limpieza\",\"potentialAction\":[{\"@type\":\"SearchAction\",\"target\":{\"@type\":\"EntryPoint\",\"urlTemplate\":\"https:\/\/ceelimp.com\/es\/?s={search_term_string}\"},\"query-input\":{\"@type\":\"PropertyValueSpecification\",\"valueRequired\":true,\"valueName\":\"search_term_string\"}}],\"inLanguage\":\"es\"}]}<\/script>\n<!-- \/ Yoast SEO plugin. -->","yoast_head_json":{"title":"Contacto - Servicios de Limpieza en Madrid","description":"Contacto. Empresa especializada en servicios auxiliares y de limpieza en Madrid. Contamos con m\u00e1s de 30 a\u00f1os de experiencia en el sector.","robots":{"index":"index","follow":"follow","max-snippet":"max-snippet:-1","max-image-preview":"max-image-preview:large","max-video-preview":"max-video-preview:-1"},"canonical":"http:\/\/ceelimp.com\/pe\/contacto\/","og_locale":"es_ES","og_type":"article","og_title":"Contacto - Servicios de Limpieza en Madrid","og_description":"Contacto. Empresa especializada en servicios auxiliares y de limpieza en Madrid. Contamos con m\u00e1s de 30 a\u00f1os de experiencia en el sector.","og_url":"http:\/\/ceelimp.com\/pe\/contacto\/","og_site_name":"Empresa de limpieza y servicios complementarios | Ceelimp","article_publisher":"https:\/\/www.facebook.com\/ceelimp\/","article_modified_time":"2025-04-28T09:18:56+00:00","twitter_card":"summary_large_image","twitter_misc":{"Est. reading time":"2 minutos"},"schema":{"@context":"https:\/\/schema.org","@graph":[{"@type":"WebPage","@id":"http:\/\/ceelimp.com\/pe\/contacto\/","url":"http:\/\/ceelimp.com\/pe\/contacto\/","name":"Contacto - Servicios de Limpieza en Madrid","isPartOf":{"@id":"https:\/\/ceelimp.com\/es\/#website"},"datePublished":"2017-12-27T17:55:03+00:00","dateModified":"2025-04-28T09:18:56+00:00","description":"Contacto. Empresa especializada en servicios auxiliares y de limpieza en Madrid. Contamos con m\u00e1s de 30 a\u00f1os de experiencia en el sector.","breadcrumb":{"@id":"http:\/\/ceelimp.com\/pe\/contacto\/#breadcrumb"},"inLanguage":"es","potentialAction":[{"@type":"ReadAction","target":["http:\/\/ceelimp.com\/pe\/contacto\/"]}]},{"@type":"BreadcrumbList","@id":"http:\/\/ceelimp.com\/pe\/contacto\/#breadcrumb","itemListElement":[{"@type":"ListItem","position":1,"name":"Inicio","item":"https:\/\/ceelimp.com\/pe\/"},{"@type":"ListItem","position":2,"name":"Contacto"}]},{"@type":"WebSite","@id":"https:\/\/ceelimp.com\/es\/#website","url":"https:\/\/ceelimp.com\/es\/","name":"Empresa de limpieza y servicios complementarios | Ceelimp","description":"Empresa de servicios de limpieza","potentialAction":[{"@type":"SearchAction","target":{"@type":"EntryPoint","urlTemplate":"https:\/\/ceelimp.com\/es\/?s={search_term_string}"},"query-input":{"@type":"PropertyValueSpecification","valueRequired":true,"valueName":"search_term_string"}}],"inLanguage":"es"}]}},"_links":{"self":[{"href":"https:\/\/ceelimp.com\/pe\/wp-json\/wp\/v2\/pages\/1770","targetHints":{"allow":["GET"]}}],"collection":[{"href":"https:\/\/ceelimp.com\/pe\/wp-json\/wp\/v2\/pages"}],"about":[{"href":"https:\/\/ceelimp.com\/pe\/wp-json\/wp\/v2\/types\/page"}],"author":[{"embeddable":true,"href":"https:\/\/ceelimp.com\/pe\/wp-json\/wp\/v2\/users\/1"}],"replies":[{"embeddable":true,"href":"https:\/\/ceelimp.com\/pe\/wp-json\/wp\/v2\/comments?post=1770"}],"version-history":[{"count":0,"href":"https:\/\/ceelimp.com\/pe\/wp-json\/wp\/v2\/pages\/1770\/revisions"}],"wp:attachment":[{"href":"https:\/\/ceelimp.com\/pe\/wp-json\/wp\/v2\/media?parent=1770"}],"curies":[{"name":"wp","href":"https:\/\/api.w.org\/{rel}","templated":true}]}}