{"id":1731,"date":"2017-12-27T13:00:23","date_gmt":"2017-12-27T13:00:23","guid":{"rendered":"https:\/\/ceelimp.com\/empresa-servicios-complementarios\/servicio-de-mantenimiento\/"},"modified":"2019-08-22T09:58:59","modified_gmt":"2019-08-22T09:58:59","slug":"servicio-de-mantenimiento","status":"publish","type":"page","link":"https:\/\/ceelimp.com\/pe\/empresa-servicios-complementarios\/servicio-de-mantenimiento\/","title":{"rendered":"Servicio de mantenimiento"},"content":{"rendered":"<p><div class=\"fusion-fullwidth fullwidth-box fusion-builder-row-1 fusion-flex-container nonhundred-percent-fullwidth non-hundred-percent-height-scrolling\" style=\"--awb-border-radius-top-left:0px;--awb-border-radius-top-right:0px;--awb-border-radius-bottom-right:0px;--awb-border-radius-bottom-left:0px;\" ><div class=\"fusion-builder-row fusion-row fusion-flex-align-items-flex-start\" style=\"max-width:calc( 1100px + 0px );margin-left: calc(-0px \/ 2 );margin-right: calc(-0px \/ 2 );\"><div class=\"fusion-layout-column fusion_builder_column fusion-builder-column-0 fusion_builder_column_1_1 1_1 fusion-flex-column\" style=\"--awb-bg-size:cover;--awb-width-large:100%;--awb-margin-top-large:0px;--awb-spacing-right-large:0px;--awb-margin-bottom-large:20px;--awb-spacing-left-large:0px;--awb-width-medium:100%;--awb-spacing-right-medium:0px;--awb-spacing-left-medium:0px;--awb-width-small:100%;--awb-spacing-right-small:0px;--awb-spacing-left-small:0px;\"><div class=\"fusion-column-wrapper fusion-flex-justify-content-flex-start fusion-content-layout-column\"><div class=\"fusion-title title fusion-title-1 fusion-sep-none fusion-title-text fusion-title-size-one\"><h1 class=\"title-heading-left fusion-responsive-typography-calculated\" style=\"margin:0;--fontSize:45;line-height:1.4;\"><h1 style=\"font-size: 35px;\">EMPRESA DE SERVICIOS DE MANTENIMIENTO EN LIMA<\/h1><\/h1><\/div><\/div><\/div><\/div><\/div><div class=\"fusion-fullwidth fullwidth-box fusion-builder-row-2 fusion-flex-container nonhundred-percent-fullwidth non-hundred-percent-height-scrolling\" style=\"--awb-border-radius-top-left:0px;--awb-border-radius-top-right:0px;--awb-border-radius-bottom-right:0px;--awb-border-radius-bottom-left:0px;--awb-margin-bottom:-50px;--awb-background-color:#4ab8d4;\" ><div class=\"fusion-builder-row fusion-row fusion-flex-align-items-flex-start\" style=\"max-width:calc( 1100px + 0px );margin-left: calc(-0px \/ 2 );margin-right: calc(-0px \/ 2 );\"><div class=\"fusion-layout-column fusion_builder_column fusion-builder-column-1 fusion_builder_column_1_1 1_1 fusion-flex-column\" style=\"--awb-bg-size:cover;--awb-width-large:100%;--awb-margin-top-large:50px;--awb-spacing-right-large:0px;--awb-margin-bottom-large:0px;--awb-spacing-left-large:0px;--awb-width-medium:100%;--awb-spacing-right-medium:0px;--awb-spacing-left-medium:0px;--awb-width-small:100%;--awb-spacing-right-small:0px;--awb-spacing-left-small:0px;\"><div class=\"fusion-column-wrapper fusion-flex-justify-content-center fusion-content-layout-column\"><div class=\"fusion-text fusion-text-1\"><h2 style=\"text-align: center;\"><span style=\"color: #ffffff;\">\u00bfNECESITA UNA EMPRESA DE SERVICIO DE MANTENIMIENTO?<\/span><\/h2>\n<\/div><\/div><\/div><div class=\"fusion-layout-column fusion_builder_column fusion-builder-column-2 fusion_builder_column_1_1 1_1 fusion-flex-column\" style=\"--awb-bg-size:cover;--awb-width-large:100%;--awb-margin-top-large:0px;--awb-spacing-right-large:0px;--awb-margin-bottom-large:-20px;--awb-spacing-left-large:0px;--awb-width-medium:100%;--awb-spacing-right-medium:0px;--awb-spacing-left-medium:0px;--awb-width-small:100%;--awb-spacing-right-small:0px;--awb-spacing-left-small:0px;\"><div class=\"fusion-column-wrapper fusion-flex-justify-content-center fusion-content-layout-column\"><div style=\"text-align:center;\"><a class=\"fusion-button button-flat fusion-button-default-size button-custom fusion-button-default button-1 fusion-button-default-span fusion-button-default-type\" style=\"--button_accent_color:#ffffff;--button_accent_hover_color:#747474;--button_border_hover_color:#747474;--button_border_width-top:2px;--button_border_width-right:2px;--button_border_width-bottom:2px;--button_border_width-left:2px;--button_gradient_top_color:#747474;--button_gradient_bottom_color:#747474;--button_gradient_top_color_hover:#ffffff;--button_gradient_bottom_color_hover:#ffffff;\" target=\"_self\" title=\"Solicitar cotizaic\u00f3n sin compromiso\" href=\"\/pe\/solicitar-cotizaci\u00f3n\"><span class=\"fusion-button-text\">SOLICITAR COTIZACI\u00d3N<\/span><\/a><\/div><\/div><\/div><\/div><\/div><div class=\"fusion-fullwidth fullwidth-box fusion-builder-row-3 fusion-flex-container nonhundred-percent-fullwidth non-hundred-percent-height-scrolling\" style=\"--awb-border-radius-top-left:0px;--awb-border-radius-top-right:0px;--awb-border-radius-bottom-right:0px;--awb-border-radius-bottom-left:0px;--awb-margin-top:130px;--awb-margin-bottom:70px;\" ><div class=\"fusion-builder-row fusion-row fusion-flex-align-items-flex-start\" style=\"max-width:1144px;margin-left: calc(-4% \/ 2 );margin-right: calc(-4% \/ 2 );\"><div class=\"fusion-layout-column fusion_builder_column fusion-builder-column-3 fusion_builder_column_1_3 1_3 fusion-flex-column\" style=\"--awb-bg-size:cover;--awb-width-large:33.333333333333%;--awb-margin-top-large:0px;--awb-spacing-right-large:3.8399999999999%;--awb-margin-bottom-large:20px;--awb-spacing-left-large:5.76%;--awb-width-medium:33.333333333333%;--awb-spacing-right-medium:3.8399999999999%;--awb-spacing-left-medium:5.76%;--awb-width-small:100%;--awb-spacing-right-small:1.92%;--awb-spacing-left-small:1.92%;\"><div class=\"fusion-column-wrapper fusion-flex-justify-content-flex-start fusion-content-layout-column\"><div class=\"fusion-text fusion-text-2\"><h2 style=\"font-size: 25px; margin-bottom: 5px;\">Servicios de mantenimiento en Lima<\/h2>\n<p>El <em><strong>servicio de mantenimiento<\/strong><\/em> es algo esencial para nuestras instalaciones con el que lograremos preservar y prolongar su vida en las mejores condiciones posibles.<\/p>\n<p>Una inversi\u00f3n en servicio de mantenimiento supone una inversi\u00f3n en la vida de la misma. As\u00ed lograremos evitar grandes problemas que, a la larga, supondr\u00edan una importante inversi\u00f3n debido a la mala conservaci\u00f3n de las instalaciones.<\/p>\n<p>Ofrecemos el servicio de mantenimiento en Lima y todo Per\u00fa, realizando un estudio previo de las necesidades de cada edificio. De esta manera,\u00a0 realizaremos un plant de trabajo a medida para las necesidades de cada uno de nuestros clientes.<\/p>\n<p>Realizamos servicios de mantenimiento preventivos y correctivos con una alta actividad de control de la calidad de los trabajos por parte de nuestros supervisores. Nuestro servicio incluye auditor\u00edas de forma aleatoria para garantizar, as\u00ed, el m\u00e1ximo compromiso por todos nuestros trabajadores y el mejor desempe\u00f1o en sus tareas cotidianas.<\/p>\n<\/div><\/div><\/div><div class=\"fusion-layout-column fusion_builder_column fusion-builder-column-4 fusion_builder_column_2_3 2_3 fusion-flex-column fusion-column-inner-bg-wrapper\" style=\"--awb-inner-bg-size:cover;--awb-width-large:66.666666666667%;--awb-margin-top-large:0px;--awb-spacing-right-large:2.88%;--awb-margin-bottom-large:20px;--awb-spacing-left-large:3.84%;--awb-width-medium:66.666666666667%;--awb-spacing-right-medium:2.88%;--awb-spacing-left-medium:3.84%;--awb-width-small:100%;--awb-spacing-right-small:1.92%;--awb-spacing-left-small:1.92%;\"><span class=\"fusion-column-inner-bg hover-type-zoomin\"><span class=\"fusion-column-anchor\"><span class=\"fusion-column-inner-bg-image\"><\/span><\/span><\/span><div class=\"fusion-column-wrapper fusion-flex-justify-content-flex-start fusion-content-layout-column\"><div class=\"fusion-image-element \" style=\"text-align:center;--awb-caption-title-size:var(--h2_typography-font-size);--awb-caption-title-transform:var(--h2_typography-text-transform);--awb-caption-title-line-height:var(--h2_typography-line-height);--awb-caption-title-letter-spacing:var(--h2_typography-letter-spacing);\"><span class=\" fusion-imageframe imageframe-none imageframe-1 hover-type-zoomin\"><img decoding=\"async\" width=\"800\" height=\"536\" alt=\"Empresa de servicios de mantenimiento en Madrid\" title=\"Servicio de mantenimiento\" src=\"https:\/\/ceelimp.com\/wp-content\/uploads\/2017\/12\/Servicio-de-mantenimiento.jpg\" class=\"img-responsive wp-image-11890\" srcset=\"https:\/\/ceelimp.com\/wp-content\/uploads\/2017\/12\/Servicio-de-mantenimiento-200x134.jpg 200w, https:\/\/ceelimp.com\/wp-content\/uploads\/2017\/12\/Servicio-de-mantenimiento-400x268.jpg 400w, https:\/\/ceelimp.com\/wp-content\/uploads\/2017\/12\/Servicio-de-mantenimiento-600x402.jpg 600w, https:\/\/ceelimp.com\/wp-content\/uploads\/2017\/12\/Servicio-de-mantenimiento.jpg 800w, https:\/\/ceelimp.com\/wp-content\/uploads\/2017\/12\/Servicio-de-mantenimiento-1200x803.jpg 1200w\" sizes=\"(max-width: 640px) 100vw, 800px\" \/><\/span><\/div><\/div><\/div><\/div><\/div><div class=\"fusion-fullwidth fullwidth-box fusion-builder-row-4 fusion-flex-container nonhundred-percent-fullwidth non-hundred-percent-height-scrolling\" style=\"--awb-border-radius-top-left:0px;--awb-border-radius-top-right:0px;--awb-border-radius-bottom-right:0px;--awb-border-radius-bottom-left:0px;--awb-margin-bottom:-70px;--awb-background-color:#b6b6b6;\" ><div class=\"fusion-builder-row fusion-row fusion-flex-align-items-flex-start\" style=\"max-width:1144px;margin-left: calc(-4% \/ 2 );margin-right: calc(-4% \/ 2 );\"><div class=\"fusion-layout-column fusion_builder_column fusion-builder-column-5 fusion_builder_column_1_1 1_1 fusion-flex-column\" style=\"--awb-bg-size:cover;--awb-width-large:100%;--awb-margin-top-large:0px;--awb-spacing-right-large:1.92%;--awb-margin-bottom-large:20px;--awb-spacing-left-large:1.92%;--awb-width-medium:100%;--awb-spacing-right-medium:1.92%;--awb-spacing-left-medium:1.92%;--awb-width-small:100%;--awb-spacing-right-small:1.92%;--awb-spacing-left-small:1.92%;\"><div class=\"fusion-column-wrapper fusion-flex-justify-content-flex-start fusion-content-layout-column\"><div class=\"fusion-section-separator section-separator big-half-circle fusion-section-separator-1\" style=\"--awb-spacer-height:99px;--awb-svg-margin-left:1.92%;--awb-svg-margin-right:1.92%;--awb-svg-margin-left-medium:1.92%;--awb-svg-margin-right-medium:1.92%;--awb-svg-margin-left-small:1.92%;--awb-svg-margin-right-small:1.92%;--awb-divider-height:99px;--awb-spacer-padding-top:inherit;--awb-sep-padding:0;--awb-svg-padding:0;\"><div class=\"fusion-section-separator-svg\"><svg class=\"fusion-big-half-circle-candy\" xmlns=\"http:\/\/www.w3.org\/2000\/svg\" version=\"1.1\" width=\"100%\" height=\"100\" viewBox=\"0 0 100 100\" preserveAspectRatio=\"none\" fill=\"rgba(255,255,255,1)\"><path d=\"M0 0 C55 180 100 0 100 0 Z\"><\/path><\/svg><\/div><div class=\"fusion-section-separator-spacer\"><div class=\"fusion-section-separator-spacer-height\"><\/div><\/div><\/div><div class=\"fusion-title title fusion-title-2 fusion-title-text fusion-title-size-two\"><div class=\"title-sep-container title-sep-container-left fusion-no-large-visibility fusion-no-medium-visibility fusion-no-small-visibility\"><div class=\"title-sep sep- sep-solid\" style=\"border-color:#e0dede;\"><\/div><\/div><span class=\"awb-title-spacer fusion-no-large-visibility fusion-no-medium-visibility fusion-no-small-visibility\"><\/span><h2 class=\"title-heading-left fusion-responsive-typography-calculated\" style=\"margin:0;--fontSize:40;line-height:1.5;\"><h2 class=\"main\">Tareas de mantenimiento m\u00e1s comunes<\/h2><\/h2><span class=\"awb-title-spacer\"><\/span><div class=\"title-sep-container title-sep-container-right\"><div class=\"title-sep sep- sep-solid\" style=\"border-color:#e0dede;\"><\/div><\/div><\/div><\/div><\/div><div class=\"fusion-layout-column fusion_builder_column fusion-builder-column-6 fusion_builder_column_2_3 2_3 fusion-flex-column\" style=\"--awb-bg-size:cover;--awb-width-large:66.666666666667%;--awb-margin-top-large:0px;--awb-spacing-right-large:3.84%;--awb-margin-bottom-large:20px;--awb-spacing-left-large:2.88%;--awb-width-medium:66.666666666667%;--awb-spacing-right-medium:3.84%;--awb-spacing-left-medium:2.88%;--awb-width-small:100%;--awb-spacing-right-small:1.92%;--awb-spacing-left-small:1.92%;\"><div class=\"fusion-column-wrapper fusion-flex-justify-content-flex-start fusion-content-layout-column\"><div class=\"fusion-text fusion-text-3\"><ul>\n<li>Reparaci\u00f3n de peque\u00f1os desperfectos de la comunidad<\/li>\n<li>Sustituci\u00f3n de bombines de puertas<\/li>\n<li>Sustituci\u00f3n de l\u00e1mparas, bombillas y fluorescentes<\/li>\n<li>Lijado y barnizado de bancos en la finca<\/li>\n<li>Lijado y barnizado de barandillas<\/li>\n<li>Pintado de barandillas<\/li>\n<li>Reparaci\u00f3n de vallas<\/li>\n<li>Revisi\u00f3n y reparaci\u00f3n de puertas<\/li>\n<li>Revisi\u00f3n el\u00e9ctrica<\/li>\n<li>Peque\u00f1as reformas el\u00e9ctricas (cambios de autom\u00e1ticos, pulsadores, etc)<\/li>\n<li>Programaci\u00f3n de iluminaci\u00f3n<\/li>\n<li>Reparaci\u00f3n de desperfectos de la comunidad<\/li>\n<\/ul>\n<\/div><\/div><\/div><div class=\"fusion-layout-column fusion_builder_column fusion-builder-column-7 fusion_builder_column_1_3 1_3 fusion-flex-column\" style=\"--awb-padding-left:20px;--awb-bg-size:cover;--awb-border-color:#ffffff;--awb-border-left:2px;--awb-border-style:solid;--awb-width-large:33.333333333333%;--awb-margin-top-large:0px;--awb-spacing-right-large:5.76%;--awb-margin-bottom-large:0px;--awb-spacing-left-large:3.8399999999999%;--awb-width-medium:33.333333333333%;--awb-spacing-right-medium:5.76%;--awb-spacing-left-medium:3.8399999999999%;--awb-width-small:100%;--awb-spacing-right-small:1.92%;--awb-spacing-left-small:1.92%;\"><div class=\"fusion-column-wrapper fusion-flex-justify-content-flex-start fusion-content-layout-column\"><div class=\"fusion-text fusion-text-4\"><h3>Ofrecemos un servicio de mantenimiento a medida a sus necesidades<\/h3>\n<\/div><div class=\"fusion-text fusion-text-5\"><div class=\"row\">\n<div class=\"5u 12u$(small)\">\n<blockquote>\n<p>Realizamos <em><strong>servicios de mantenimiento<\/strong><\/em> preventivos y correctivos con una alta actividad de control de la calidad de los trabajos por parte de nuestros supervisores realizando auditor\u00edas de forma aleatoria del servicio para garantizar la calidad de las tareas de mantenimiento<\/p>\n<\/blockquote>\n<\/div>\n<\/div>\n<div class=\"12u 12u$(small) box\"><\/div>\n<\/div><\/div><\/div><div class=\"fusion-layout-column fusion_builder_column fusion-builder-column-8 fusion_builder_column_1_1 1_1 fusion-flex-column\" style=\"--awb-bg-color:#b6b6b6;--awb-bg-size:cover;--awb-width-large:100%;--awb-margin-top-large:0px;--awb-spacing-right-large:1.92%;--awb-margin-bottom-large:0px;--awb-spacing-left-large:1.92%;--awb-width-medium:100%;--awb-spacing-right-medium:1.92%;--awb-spacing-left-medium:1.92%;--awb-width-small:100%;--awb-spacing-right-small:1.92%;--awb-spacing-left-small:1.92%;\"><div class=\"fusion-column-wrapper fusion-flex-justify-content-flex-start fusion-content-layout-column\"><div class=\"fusion-section-separator section-separator big-half-circle fusion-section-separator-2\" style=\"--awb-spacer-height:99px;--awb-svg-margin-left:1.92%;--awb-svg-margin-right:1.92%;--awb-svg-margin-left-medium:1.92%;--awb-svg-margin-right-medium:1.92%;--awb-svg-margin-left-small:1.92%;--awb-svg-margin-right-small:1.92%;--awb-divider-height:99px;--awb-spacer-padding-top:inherit;--awb-sep-padding:0;--awb-svg-padding:0;\"><div class=\"fusion-section-separator-svg\"><svg class=\"fusion-big-half-circle-candy\" xmlns=\"http:\/\/www.w3.org\/2000\/svg\" version=\"1.1\" width=\"100%\" height=\"100\" viewBox=\"0 0 100 100\" preserveAspectRatio=\"none\" fill=\"rgba(255,255,255,1)\"><path d=\"M0 100 C40 0 60 0 100 100 Z\"><\/path><\/svg><\/div><div class=\"fusion-section-separator-spacer\"><div class=\"fusion-section-separator-spacer-height\"><\/div><\/div><\/div><\/div><\/div><\/div><\/div><\/p>\n","protected":false},"excerpt":{"rendered":"","protected":false},"author":1,"featured_media":0,"parent":1680,"menu_order":0,"comment_status":"closed","ping_status":"closed","template":"100-width.php","meta":{"_monsterinsights_skip_tracking":false,"_monsterinsights_sitenote_active":false,"_monsterinsights_sitenote_note":"","_monsterinsights_sitenote_category":0,"footnotes":""},"class_list":["post-1731","page","type-page","status-publish","hentry"],"yoast_head":"<!-- This site is optimized with the Yoast SEO plugin v25.0 - https:\/\/yoast.com\/wordpress\/plugins\/seo\/ -->\n<title>Servicio de mantenimiento en Lima - Ceelimp, servicios complementarios<\/title>\n<meta name=\"description\" content=\"Empresa de servicio de mantenimiento en Lima. Ceelimp, con m\u00e1s de 30 a\u00f1os de experiencia. Solicite cotizaci\u00f3n sin compromiso.\" \/>\n<meta name=\"robots\" content=\"index, follow, max-snippet:-1, max-image-preview:large, max-video-preview:-1\" \/>\n<link rel=\"canonical\" href=\"http:\/\/ceelimp.com\/es\/empresa-servicios-auxiliares\/servicio-de-mantenimiento\/\" \/>\n<meta property=\"og:locale\" content=\"es_ES\" \/>\n<meta property=\"og:type\" content=\"article\" \/>\n<meta property=\"og:title\" content=\"Servicio de mantenimiento - Ceelimp\" \/>\n<meta property=\"og:description\" content=\"Empresa de servicio de mantenimiento. Ceelimp, con m\u00e1s de 30 a\u00f1os de experiencia. Solicite cotizaci\u00f3n sin compromiso.\" \/>\n<meta property=\"og:url\" content=\"http:\/\/ceelimp.com\/es\/empresa-servicios-auxiliares\/servicio-de-mantenimiento\/\" \/>\n<meta property=\"og:site_name\" content=\"Empresa de limpieza y servicios complementarios | Ceelimp\" \/>\n<meta property=\"article:publisher\" content=\"https:\/\/www.facebook.com\/ceelimp\/\" \/>\n<meta property=\"article:modified_time\" content=\"2019-08-22T09:58:59+00:00\" \/>\n<meta name=\"twitter:card\" content=\"summary_large_image\" \/>\n<meta name=\"twitter:title\" content=\"Servicio de mantenimiento - Ceelimp\" \/>\n<meta name=\"twitter:description\" content=\"Empresa de servicio de mantenimiento. Ceelimp, con m\u00e1s de 30 a\u00f1os de experiencia. Solicite cotizaci\u00f3n sin compromiso.\" \/>\n<meta name=\"twitter:label1\" content=\"Est. reading time\" \/>\n\t<meta name=\"twitter:data1\" content=\"8 minutos\" \/>\n<script type=\"application\/ld+json\" class=\"yoast-schema-graph\">{\"@context\":\"https:\/\/schema.org\",\"@graph\":[{\"@type\":\"WebPage\",\"@id\":\"http:\/\/ceelimp.com\/es\/empresa-servicios-auxiliares\/servicio-de-mantenimiento\/\",\"url\":\"http:\/\/ceelimp.com\/es\/empresa-servicios-auxiliares\/servicio-de-mantenimiento\/\",\"name\":\"Servicio de mantenimiento en Lima - Ceelimp, servicios complementarios\",\"isPartOf\":{\"@id\":\"https:\/\/ceelimp.com\/es\/#website\"},\"datePublished\":\"2017-12-27T13:00:23+00:00\",\"dateModified\":\"2019-08-22T09:58:59+00:00\",\"description\":\"Empresa de servicio de mantenimiento en Lima. Ceelimp, con m\u00e1s de 30 a\u00f1os de experiencia. Solicite cotizaci\u00f3n sin compromiso.\",\"breadcrumb\":{\"@id\":\"http:\/\/ceelimp.com\/es\/empresa-servicios-auxiliares\/servicio-de-mantenimiento\/#breadcrumb\"},\"inLanguage\":\"es\",\"potentialAction\":[{\"@type\":\"ReadAction\",\"target\":[\"http:\/\/ceelimp.com\/es\/empresa-servicios-auxiliares\/servicio-de-mantenimiento\/\"]}]},{\"@type\":\"BreadcrumbList\",\"@id\":\"http:\/\/ceelimp.com\/es\/empresa-servicios-auxiliares\/servicio-de-mantenimiento\/#breadcrumb\",\"itemListElement\":[{\"@type\":\"ListItem\",\"position\":1,\"name\":\"Inicio\",\"item\":\"https:\/\/ceelimp.com\/pe\/\"},{\"@type\":\"ListItem\",\"position\":2,\"name\":\"Empresa de servicios complementarios\",\"item\":\"https:\/\/ceelimp.com\/pe\/empresa-servicios-complementarios\/\"},{\"@type\":\"ListItem\",\"position\":3,\"name\":\"Servicio de mantenimiento\"}]},{\"@type\":\"WebSite\",\"@id\":\"https:\/\/ceelimp.com\/es\/#website\",\"url\":\"https:\/\/ceelimp.com\/es\/\",\"name\":\"Empresa de limpieza y servicios complementarios | Ceelimp\",\"description\":\"Empresa de servicios de limpieza\",\"potentialAction\":[{\"@type\":\"SearchAction\",\"target\":{\"@type\":\"EntryPoint\",\"urlTemplate\":\"https:\/\/ceelimp.com\/es\/?s={search_term_string}\"},\"query-input\":{\"@type\":\"PropertyValueSpecification\",\"valueRequired\":true,\"valueName\":\"search_term_string\"}}],\"inLanguage\":\"es\"}]}<\/script>\n<!-- \/ Yoast SEO plugin. -->","yoast_head_json":{"title":"Servicio de mantenimiento en Lima - Ceelimp, servicios complementarios","description":"Empresa de servicio de mantenimiento en Lima. Ceelimp, con m\u00e1s de 30 a\u00f1os de experiencia. Solicite cotizaci\u00f3n sin compromiso.","robots":{"index":"index","follow":"follow","max-snippet":"max-snippet:-1","max-image-preview":"max-image-preview:large","max-video-preview":"max-video-preview:-1"},"canonical":"http:\/\/ceelimp.com\/es\/empresa-servicios-auxiliares\/servicio-de-mantenimiento\/","og_locale":"es_ES","og_type":"article","og_title":"Servicio de mantenimiento - Ceelimp","og_description":"Empresa de servicio de mantenimiento. Ceelimp, con m\u00e1s de 30 a\u00f1os de experiencia. Solicite cotizaci\u00f3n sin compromiso.","og_url":"http:\/\/ceelimp.com\/es\/empresa-servicios-auxiliares\/servicio-de-mantenimiento\/","og_site_name":"Empresa de limpieza y servicios complementarios | Ceelimp","article_publisher":"https:\/\/www.facebook.com\/ceelimp\/","article_modified_time":"2019-08-22T09:58:59+00:00","twitter_card":"summary_large_image","twitter_title":"Servicio de mantenimiento - Ceelimp","twitter_description":"Empresa de servicio de mantenimiento. Ceelimp, con m\u00e1s de 30 a\u00f1os de experiencia. Solicite cotizaci\u00f3n sin compromiso.","twitter_misc":{"Est. reading time":"8 minutos"},"schema":{"@context":"https:\/\/schema.org","@graph":[{"@type":"WebPage","@id":"http:\/\/ceelimp.com\/es\/empresa-servicios-auxiliares\/servicio-de-mantenimiento\/","url":"http:\/\/ceelimp.com\/es\/empresa-servicios-auxiliares\/servicio-de-mantenimiento\/","name":"Servicio de mantenimiento en Lima - Ceelimp, servicios complementarios","isPartOf":{"@id":"https:\/\/ceelimp.com\/es\/#website"},"datePublished":"2017-12-27T13:00:23+00:00","dateModified":"2019-08-22T09:58:59+00:00","description":"Empresa de servicio de mantenimiento en Lima. Ceelimp, con m\u00e1s de 30 a\u00f1os de experiencia. Solicite cotizaci\u00f3n sin compromiso.","breadcrumb":{"@id":"http:\/\/ceelimp.com\/es\/empresa-servicios-auxiliares\/servicio-de-mantenimiento\/#breadcrumb"},"inLanguage":"es","potentialAction":[{"@type":"ReadAction","target":["http:\/\/ceelimp.com\/es\/empresa-servicios-auxiliares\/servicio-de-mantenimiento\/"]}]},{"@type":"BreadcrumbList","@id":"http:\/\/ceelimp.com\/es\/empresa-servicios-auxiliares\/servicio-de-mantenimiento\/#breadcrumb","itemListElement":[{"@type":"ListItem","position":1,"name":"Inicio","item":"https:\/\/ceelimp.com\/pe\/"},{"@type":"ListItem","position":2,"name":"Empresa de servicios complementarios","item":"https:\/\/ceelimp.com\/pe\/empresa-servicios-complementarios\/"},{"@type":"ListItem","position":3,"name":"Servicio de mantenimiento"}]},{"@type":"WebSite","@id":"https:\/\/ceelimp.com\/es\/#website","url":"https:\/\/ceelimp.com\/es\/","name":"Empresa de limpieza y servicios complementarios | Ceelimp","description":"Empresa de servicios de limpieza","potentialAction":[{"@type":"SearchAction","target":{"@type":"EntryPoint","urlTemplate":"https:\/\/ceelimp.com\/es\/?s={search_term_string}"},"query-input":{"@type":"PropertyValueSpecification","valueRequired":true,"valueName":"search_term_string"}}],"inLanguage":"es"}]}},"_links":{"self":[{"href":"https:\/\/ceelimp.com\/pe\/wp-json\/wp\/v2\/pages\/1731","targetHints":{"allow":["GET"]}}],"collection":[{"href":"https:\/\/ceelimp.com\/pe\/wp-json\/wp\/v2\/pages"}],"about":[{"href":"https:\/\/ceelimp.com\/pe\/wp-json\/wp\/v2\/types\/page"}],"author":[{"embeddable":true,"href":"https:\/\/ceelimp.com\/pe\/wp-json\/wp\/v2\/users\/1"}],"replies":[{"embeddable":true,"href":"https:\/\/ceelimp.com\/pe\/wp-json\/wp\/v2\/comments?post=1731"}],"version-history":[{"count":0,"href":"https:\/\/ceelimp.com\/pe\/wp-json\/wp\/v2\/pages\/1731\/revisions"}],"up":[{"embeddable":true,"href":"https:\/\/ceelimp.com\/pe\/wp-json\/wp\/v2\/pages\/1680"}],"wp:attachment":[{"href":"https:\/\/ceelimp.com\/pe\/wp-json\/wp\/v2\/media?parent=1731"}],"curies":[{"name":"wp","href":"https:\/\/api.w.org\/{rel}","templated":true}]}}