{"id":1563,"date":"2017-12-13T18:14:27","date_gmt":"2017-12-13T18:14:27","guid":{"rendered":"https:\/\/ceelimp.com\/empresa-de-limpieza\/limpieza-de-universidades-colegios\/"},"modified":"2023-05-31T11:14:23","modified_gmt":"2023-05-31T11:14:23","slug":"limpieza-de-universidades","status":"publish","type":"page","link":"https:\/\/ceelimp.com\/pe\/empresa-de-limpieza\/limpieza-de-universidades\/","title":{"rendered":"Limpieza de universidades"},"content":{"rendered":"<p><div class=\"fusion-fullwidth fullwidth-box fusion-builder-row-1 fusion-flex-container nonhundred-percent-fullwidth non-hundred-percent-height-scrolling\" style=\"--awb-border-radius-top-left:0px;--awb-border-radius-top-right:0px;--awb-border-radius-bottom-right:0px;--awb-border-radius-bottom-left:0px;\" ><div class=\"fusion-builder-row fusion-row fusion-flex-align-items-flex-start\" style=\"max-width:calc( 1100px + 0px );margin-left: calc(-0px \/ 2 );margin-right: calc(-0px \/ 2 );\"><div class=\"fusion-layout-column fusion_builder_column fusion-builder-column-0 fusion_builder_column_1_1 1_1 fusion-flex-column\" style=\"--awb-bg-size:cover;--awb-width-large:100%;--awb-margin-top-large:0px;--awb-spacing-right-large:0px;--awb-margin-bottom-large:20px;--awb-spacing-left-large:0px;--awb-width-medium:100%;--awb-spacing-right-medium:0px;--awb-spacing-left-medium:0px;--awb-width-small:100%;--awb-spacing-right-small:0px;--awb-spacing-left-small:0px;\"><div class=\"fusion-column-wrapper fusion-flex-justify-content-flex-start fusion-content-layout-column\"><div class=\"fusion-title title fusion-title-1 fusion-sep-none fusion-title-text fusion-title-size-one\"><h1 class=\"title-heading-left fusion-responsive-typography-calculated\" style=\"margin:0;--fontSize:45;line-height:1.4;\"><h1 style=\"font-size: 35px;\">EMPRESA DE LIMPIEZA DE UNIVERSIDADES Y COLEGIOS EN LIMA<\/h1><\/h1><\/div><\/div><\/div><\/div><\/div><div class=\"fusion-fullwidth fullwidth-box fusion-builder-row-2 fusion-flex-container nonhundred-percent-fullwidth non-hundred-percent-height-scrolling fusion-no-medium-visibility\" style=\"--awb-border-radius-top-left:0px;--awb-border-radius-top-right:0px;--awb-border-radius-bottom-right:0px;--awb-border-radius-bottom-left:0px;--awb-margin-bottom:-50px;--awb-background-color:#4ab8d4;\" ><div class=\"fusion-builder-row fusion-row fusion-flex-align-items-flex-start\" style=\"max-width:calc( 1100px + 0px );margin-left: calc(-0px \/ 2 );margin-right: calc(-0px \/ 2 );\"><div class=\"fusion-layout-column fusion_builder_column fusion-builder-column-1 fusion_builder_column_1_1 1_1 fusion-flex-column\" style=\"--awb-bg-size:cover;--awb-width-large:100%;--awb-margin-top-large:50px;--awb-spacing-right-large:0px;--awb-margin-bottom-large:0px;--awb-spacing-left-large:0px;--awb-width-medium:100%;--awb-spacing-right-medium:0px;--awb-spacing-left-medium:0px;--awb-width-small:100%;--awb-spacing-right-small:0px;--awb-spacing-left-small:0px;\"><div class=\"fusion-column-wrapper fusion-flex-justify-content-center fusion-content-layout-column\"><div class=\"fusion-text fusion-text-1\"><h2 style=\"text-align: center;\"><span style=\"color: #ffffff;\">\u00bfNECESITA UNA EMPRESA DE LIMPIEZA DE UNIVERSIDADES Y COLEGIOS?<\/span><\/h2>\n<\/div><\/div><\/div><div class=\"fusion-layout-column fusion_builder_column fusion-builder-column-2 fusion_builder_column_1_1 1_1 fusion-flex-column\" style=\"--awb-bg-size:cover;--awb-width-large:100%;--awb-margin-top-large:0px;--awb-spacing-right-large:0px;--awb-margin-bottom-large:-20px;--awb-spacing-left-large:0px;--awb-width-medium:100%;--awb-spacing-right-medium:0px;--awb-spacing-left-medium:0px;--awb-width-small:100%;--awb-spacing-right-small:0px;--awb-spacing-left-small:0px;\"><div class=\"fusion-column-wrapper fusion-flex-justify-content-center fusion-content-layout-column\"><div style=\"text-align:center;\"><a class=\"fusion-button button-flat fusion-button-default-size button-custom fusion-button-default button-1 fusion-button-default-span fusion-button-default-type\" style=\"--button_accent_color:#ffffff;--button_accent_hover_color:#747474;--button_border_hover_color:#747474;--button_border_width-top:2px;--button_border_width-right:2px;--button_border_width-bottom:2px;--button_border_width-left:2px;--button_gradient_top_color:#747474;--button_gradient_bottom_color:#747474;--button_gradient_top_color_hover:#ffffff;--button_gradient_bottom_color_hover:#ffffff;\" target=\"_self\" title=\"Solicitar cotizaci\u00f3n sin compromiso\" href=\"https:\/\/ceelimp.com\/pe\/solicitar-cotizacion\/\"><span class=\"fusion-button-text\">SOLICITAR COTIZACI\u00d3N<\/span><\/a><\/div><\/div><\/div><\/div><\/div><div class=\"fusion-fullwidth fullwidth-box fusion-builder-row-3 fusion-flex-container nonhundred-percent-fullwidth non-hundred-percent-height-scrolling\" style=\"--awb-border-radius-top-left:0px;--awb-border-radius-top-right:0px;--awb-border-radius-bottom-right:0px;--awb-border-radius-bottom-left:0px;--awb-margin-top:130px;--awb-margin-bottom:70px;\" ><div class=\"fusion-builder-row fusion-row fusion-flex-align-items-flex-start\" style=\"max-width:1144px;margin-left: calc(-4% \/ 2 );margin-right: calc(-4% \/ 2 );\"><div class=\"fusion-layout-column fusion_builder_column fusion-builder-column-3 fusion_builder_column_1_2 1_2 fusion-flex-column\" style=\"--awb-bg-size:cover;--awb-width-large:50%;--awb-margin-top-large:0px;--awb-spacing-right-large:3.84%;--awb-margin-bottom-large:20px;--awb-spacing-left-large:3.84%;--awb-width-medium:50%;--awb-spacing-right-medium:3.84%;--awb-spacing-left-medium:3.84%;--awb-width-small:100%;--awb-spacing-right-small:1.92%;--awb-spacing-left-small:1.92%;\"><div class=\"fusion-column-wrapper fusion-flex-justify-content-flex-start fusion-content-layout-column\"><div class=\"fusion-text fusion-text-2\"><h2 style=\"font-size: 25px; margin-bottom: 5px;\">Limpieza de universidades y colegios en Lima<\/h2>\n<p>La <em><strong>limpieza de universidades y colegios<\/strong><\/em> es uno de los servicios m\u00e1s cr\u00edticos dentro del sector de la limpieza. Son centros con alta afluencia de personas donde se origina alta suciedad siendo susceptibles de existencia de diversos agentes externos (virus, bacterias, etc.). En caso de no realizarse una <strong>correcta limpieza y desinfecci\u00f3n,<\/strong> puede derivar en posibles enfermedades a los usuarios de los mismos.<br \/>\nAdem\u00e1s, los usuarios de este tipo de centros, en particular los colegios, son los usuarios m\u00e1s sensibles a padecer enfermedades. En <strong>Ceelimp <\/strong>consideramos de vital importancia realizar la limpieza de colegios con un esmero y cuidados especiales utilizando los productos m\u00e1s adecuados para minimizar el riesgo de sufrir trastornos como la irritaci\u00f3n de la piel o la irritaci\u00f3n de los ojos.<\/p>\n<\/div><\/div><\/div><div class=\"fusion-layout-column fusion_builder_column fusion-builder-column-4 fusion_builder_column_1_2 1_2 fusion-flex-column\" style=\"--awb-bg-size:cover;--awb-width-large:50%;--awb-margin-top-large:0px;--awb-spacing-right-large:3.84%;--awb-margin-bottom-large:20px;--awb-spacing-left-large:3.84%;--awb-width-medium:50%;--awb-spacing-right-medium:3.84%;--awb-spacing-left-medium:3.84%;--awb-width-small:100%;--awb-spacing-right-small:1.92%;--awb-spacing-left-small:1.92%;\"><div class=\"fusion-column-wrapper fusion-flex-justify-content-flex-start fusion-content-layout-column\"><div class=\"fusion-image-element \" style=\"--awb-caption-title-size:var(--h2_typography-font-size);--awb-caption-title-transform:var(--h2_typography-text-transform);--awb-caption-title-line-height:var(--h2_typography-line-height);--awb-caption-title-letter-spacing:var(--h2_typography-letter-spacing);\"><span class=\" fusion-imageframe imageframe-none imageframe-1 hover-type-none\"><img decoding=\"async\" width=\"800\" height=\"454\" alt=\"Empresa de limpieza de universidades y colegios en Madrid\" title=\"limpieza de universidades y limpieza de colegios\" src=\"https:\/\/ceelimp.com\/wp-content\/uploads\/2017\/12\/Limpieza-de-colegios-y-universidades.jpg\" class=\"img-responsive wp-image-11876\" srcset=\"https:\/\/ceelimp.com\/wp-content\/uploads\/2017\/12\/Limpieza-de-colegios-y-universidades-200x113.jpg 200w, https:\/\/ceelimp.com\/wp-content\/uploads\/2017\/12\/Limpieza-de-colegios-y-universidades-400x227.jpg 400w, https:\/\/ceelimp.com\/wp-content\/uploads\/2017\/12\/Limpieza-de-colegios-y-universidades-600x340.jpg 600w, https:\/\/ceelimp.com\/wp-content\/uploads\/2017\/12\/Limpieza-de-colegios-y-universidades.jpg 800w, https:\/\/ceelimp.com\/wp-content\/uploads\/2017\/12\/Limpieza-de-colegios-y-universidades-1200x681.jpg 1200w\" sizes=\"(max-width: 640px) 100vw, 600px\" \/><\/span><\/div><\/div><\/div><div class=\"fusion-layout-column fusion_builder_column fusion-builder-column-5 fusion_builder_column_2_3 2_3 fusion-flex-column\" style=\"--awb-bg-size:cover;--awb-width-large:66.666666666667%;--awb-margin-top-large:0px;--awb-spacing-right-large:3.84%;--awb-margin-bottom-large:20px;--awb-spacing-left-large:2.88%;--awb-width-medium:66.666666666667%;--awb-spacing-right-medium:3.84%;--awb-spacing-left-medium:2.88%;--awb-width-small:100%;--awb-spacing-right-small:1.92%;--awb-spacing-left-small:1.92%;\"><div class=\"fusion-column-wrapper fusion-flex-justify-content-flex-start fusion-content-layout-column\"><div class=\"fusion-text fusion-text-3\"><p><span style=\"color: #7f888f; font-family: 'Open Sans', sans-serif; font-size: 17.3333px; text-align: justify;\">Nuestra empresa es conocida en el sector de la <em><strong>limpieza de universidades y colegios en ciudades como Madrid.<\/strong><\/em>&nbsp;Realizamos estas tareas desde la d\u00e9cada de los 90 contando con numerosos clientes de gran fama a nivel nacional. <\/span><\/p>\n<p><span style=\"color: #7f888f; font-family: 'Open Sans', sans-serif; font-size: 17.3333px; text-align: justify;\">Gracias a nuestra dilatada experiencia en grandes centros educativos, disponemos del mejor conocimiento para la realizaci\u00f3n de las tareas de limpieza en este sector, contando adem\u00e1s de la mejor maquinaria a utilizar en funci\u00f3n de las caracter\u00edsticas de cada centro en concreto.<\/span><\/p>\n<\/div><\/div><\/div><div class=\"fusion-layout-column fusion_builder_column fusion-builder-column-6 fusion_builder_column_1_3 1_3 fusion-flex-column\" style=\"--awb-bg-size:cover;--awb-border-color:#ffffff;--awb-border-left:2px;--awb-border-style:solid;--awb-width-large:33.333333333333%;--awb-margin-top-large:0px;--awb-spacing-right-large:5.76%;--awb-margin-bottom-large:20px;--awb-spacing-left-large:3.8399999999999%;--awb-width-medium:33.333333333333%;--awb-spacing-right-medium:5.76%;--awb-spacing-left-medium:3.8399999999999%;--awb-width-small:100%;--awb-spacing-right-small:1.92%;--awb-spacing-left-small:1.92%;\"><div class=\"fusion-column-wrapper fusion-flex-justify-content-flex-start fusion-content-layout-column\"><div class=\"fusion-text fusion-text-4\"><h3>Relaci\u00f3n de confianza<\/h3>\n<\/div><div class=\"fusion-text fusion-text-5\"><p>Hemos logrado establecer relaciones con clientes que llevan confiando en Ceelimp el <em><strong>servicio de limpieza<\/strong><\/em> durante m\u00e1s de 25 a\u00f1os.<\/p>\n<\/div><\/div><\/div><div class=\"fusion-layout-column fusion_builder_column fusion-builder-column-7 fusion_builder_column_1_1 1_1 fusion-flex-column\" style=\"--awb-bg-size:cover;--awb-width-large:100%;--awb-margin-top-large:0px;--awb-spacing-right-large:1.92%;--awb-margin-bottom-large:20px;--awb-spacing-left-large:1.92%;--awb-width-medium:100%;--awb-spacing-right-medium:1.92%;--awb-spacing-left-medium:1.92%;--awb-width-small:100%;--awb-spacing-right-small:1.92%;--awb-spacing-left-small:1.92%;\"><div class=\"fusion-column-wrapper fusion-flex-justify-content-flex-start fusion-content-layout-column\"><div class=\"fusion-text fusion-text-6\"><p>Adem\u00e1s, ponemos a disposici\u00f3n de nuestros clientes, no s\u00f3lo el servicio de limpieza, sino tambi\u00e9n <a href=\"https:\/\/ceelimp.com\/pe\/empresa-servicios-complementarios\/servicio-de-mantenimiento\">servicio de mantenimiento <\/a>y&nbsp;<a href=\"https:\/\/ceelimp.com\/pe\/empresa-servicios-complementarios\/servicio-de-jardineria\">servicio de jardiner\u00eda <\/a>para poder ofrecer un servicio integral con los beneficios que supone contar con un \u00fanico proveedor de servicios:<\/p>\n<ul>\n<li>Reducci\u00f3n de costes.<\/li>\n<li>Reducci\u00f3n de actores.<\/li>\n<li>Control m\u00e1s exhaustivo.<\/li>\n<li>Relaci\u00f3n m\u00e1s cercana.<\/li>\n<\/ul>\n<p>Por otro lado, nuestros supervisores realizan auditor\u00edas aleatorias del servicio. As\u00ed, realizamos comprobaciones de los trabajos realizados adem\u00e1s del estado de la calidad en la <em><strong>limpieza de universidades y colegios. <\/strong><\/em><\/p>\n<p>De esta forma, logramos que usted se olvide de estas tareas que no son propias de su negocio.<\/p>\n<\/div><\/div><\/div><\/div><\/div><\/p>\n","protected":false},"excerpt":{"rendered":"","protected":false},"author":1,"featured_media":0,"parent":1388,"menu_order":0,"comment_status":"closed","ping_status":"closed","template":"100-width.php","meta":{"_monsterinsights_skip_tracking":false,"_monsterinsights_sitenote_active":false,"_monsterinsights_sitenote_note":"","_monsterinsights_sitenote_category":0,"footnotes":""},"class_list":["post-1563","page","type-page","status-publish","hentry"],"yoast_head":"<!-- This site is optimized with the Yoast SEO plugin v25.0 - https:\/\/yoast.com\/wordpress\/plugins\/seo\/ -->\n<title>Limpieza de universidades - Servicios de Limpieza en Lima<\/title>\n<meta name=\"description\" content=\"Ceelimp, empresa especializada en la limpieza de universidades y colegios en Lima. Solicite una cotizaci\u00f3n sin compromiso.\" \/>\n<meta name=\"robots\" content=\"index, follow, max-snippet:-1, max-image-preview:large, max-video-preview:-1\" \/>\n<link rel=\"canonical\" href=\"https:\/\/ceelimp.com\/pe\/empresa-de-limpieza\/limpieza-de-universidades\" \/>\n<meta property=\"og:locale\" content=\"es_ES\" \/>\n<meta property=\"og:type\" content=\"article\" \/>\n<meta property=\"og:title\" content=\"Limpieza de universidades y colegios en Lima\" \/>\n<meta property=\"og:description\" content=\"Ceelimp, empresa en Lima especializada en la limpieza de universidades y colegios\" \/>\n<meta property=\"og:url\" content=\"https:\/\/ceelimp.com\/pe\/empresa-de-limpieza\/limpieza-de-universidades\" \/>\n<meta property=\"og:site_name\" content=\"Empresa de limpieza y servicios complementarios | Ceelimp\" \/>\n<meta property=\"article:publisher\" content=\"https:\/\/www.facebook.com\/ceelimp\/\" \/>\n<meta property=\"article:modified_time\" content=\"2023-05-31T11:14:23+00:00\" \/>\n<meta name=\"twitter:card\" content=\"summary_large_image\" \/>\n<meta name=\"twitter:title\" content=\"Limpieza de universidades y colegios en Lima\" \/>\n<meta name=\"twitter:description\" content=\"Ceelimp, empresa en Lima especializada en la limpieza de universidades y colegios\" \/>\n<meta name=\"twitter:label1\" content=\"Est. reading time\" \/>\n\t<meta name=\"twitter:data1\" content=\"7 minutos\" \/>\n<script type=\"application\/ld+json\" class=\"yoast-schema-graph\">{\"@context\":\"https:\/\/schema.org\",\"@graph\":[{\"@type\":\"WebPage\",\"@id\":\"http:\/\/ceelimp.com\/pe\/empresa-de-limpieza\/limpieza-de-universidades\/\",\"url\":\"https:\/\/ceelimp.com\/pe\/empresa-de-limpieza\/limpieza-de-universidades\",\"name\":\"Limpieza de universidades - Servicios de Limpieza en Lima\",\"isPartOf\":{\"@id\":\"https:\/\/ceelimp.com\/es\/#website\"},\"datePublished\":\"2017-12-13T18:14:27+00:00\",\"dateModified\":\"2023-05-31T11:14:23+00:00\",\"description\":\"Ceelimp, empresa especializada en la limpieza de universidades y colegios en Lima. Solicite una cotizaci\u00f3n sin compromiso.\",\"breadcrumb\":{\"@id\":\"https:\/\/ceelimp.com\/pe\/empresa-de-limpieza\/limpieza-de-universidades#breadcrumb\"},\"inLanguage\":\"es\",\"potentialAction\":[{\"@type\":\"ReadAction\",\"target\":[\"https:\/\/ceelimp.com\/pe\/empresa-de-limpieza\/limpieza-de-universidades\"]}]},{\"@type\":\"BreadcrumbList\",\"@id\":\"https:\/\/ceelimp.com\/pe\/empresa-de-limpieza\/limpieza-de-universidades#breadcrumb\",\"itemListElement\":[{\"@type\":\"ListItem\",\"position\":1,\"name\":\"Inicio\",\"item\":\"https:\/\/ceelimp.com\/pe\/\"},{\"@type\":\"ListItem\",\"position\":2,\"name\":\"Empresa de Limpieza\",\"item\":\"https:\/\/ceelimp.com\/pe\/empresa-de-limpieza\/\"},{\"@type\":\"ListItem\",\"position\":3,\"name\":\"Limpieza de universidades\"}]},{\"@type\":\"WebSite\",\"@id\":\"https:\/\/ceelimp.com\/es\/#website\",\"url\":\"https:\/\/ceelimp.com\/es\/\",\"name\":\"Empresa de limpieza y servicios complementarios | Ceelimp\",\"description\":\"Empresa de servicios de limpieza\",\"potentialAction\":[{\"@type\":\"SearchAction\",\"target\":{\"@type\":\"EntryPoint\",\"urlTemplate\":\"https:\/\/ceelimp.com\/es\/?s={search_term_string}\"},\"query-input\":{\"@type\":\"PropertyValueSpecification\",\"valueRequired\":true,\"valueName\":\"search_term_string\"}}],\"inLanguage\":\"es\"}]}<\/script>\n<!-- \/ Yoast SEO plugin. -->","yoast_head_json":{"title":"Limpieza de universidades - Servicios de Limpieza en Lima","description":"Ceelimp, empresa especializada en la limpieza de universidades y colegios en Lima. Solicite una cotizaci\u00f3n sin compromiso.","robots":{"index":"index","follow":"follow","max-snippet":"max-snippet:-1","max-image-preview":"max-image-preview:large","max-video-preview":"max-video-preview:-1"},"canonical":"https:\/\/ceelimp.com\/pe\/empresa-de-limpieza\/limpieza-de-universidades","og_locale":"es_ES","og_type":"article","og_title":"Limpieza de universidades y colegios en Lima","og_description":"Ceelimp, empresa en Lima especializada en la limpieza de universidades y colegios","og_url":"https:\/\/ceelimp.com\/pe\/empresa-de-limpieza\/limpieza-de-universidades","og_site_name":"Empresa de limpieza y servicios complementarios | Ceelimp","article_publisher":"https:\/\/www.facebook.com\/ceelimp\/","article_modified_time":"2023-05-31T11:14:23+00:00","twitter_card":"summary_large_image","twitter_title":"Limpieza de universidades y colegios en Lima","twitter_description":"Ceelimp, empresa en Lima especializada en la limpieza de universidades y colegios","twitter_misc":{"Est. reading time":"7 minutos"},"schema":{"@context":"https:\/\/schema.org","@graph":[{"@type":"WebPage","@id":"http:\/\/ceelimp.com\/pe\/empresa-de-limpieza\/limpieza-de-universidades\/","url":"https:\/\/ceelimp.com\/pe\/empresa-de-limpieza\/limpieza-de-universidades","name":"Limpieza de universidades - Servicios de Limpieza en Lima","isPartOf":{"@id":"https:\/\/ceelimp.com\/es\/#website"},"datePublished":"2017-12-13T18:14:27+00:00","dateModified":"2023-05-31T11:14:23+00:00","description":"Ceelimp, empresa especializada en la limpieza de universidades y colegios en Lima. Solicite una cotizaci\u00f3n sin compromiso.","breadcrumb":{"@id":"https:\/\/ceelimp.com\/pe\/empresa-de-limpieza\/limpieza-de-universidades#breadcrumb"},"inLanguage":"es","potentialAction":[{"@type":"ReadAction","target":["https:\/\/ceelimp.com\/pe\/empresa-de-limpieza\/limpieza-de-universidades"]}]},{"@type":"BreadcrumbList","@id":"https:\/\/ceelimp.com\/pe\/empresa-de-limpieza\/limpieza-de-universidades#breadcrumb","itemListElement":[{"@type":"ListItem","position":1,"name":"Inicio","item":"https:\/\/ceelimp.com\/pe\/"},{"@type":"ListItem","position":2,"name":"Empresa de Limpieza","item":"https:\/\/ceelimp.com\/pe\/empresa-de-limpieza\/"},{"@type":"ListItem","position":3,"name":"Limpieza de universidades"}]},{"@type":"WebSite","@id":"https:\/\/ceelimp.com\/es\/#website","url":"https:\/\/ceelimp.com\/es\/","name":"Empresa de limpieza y servicios complementarios | Ceelimp","description":"Empresa de servicios de limpieza","potentialAction":[{"@type":"SearchAction","target":{"@type":"EntryPoint","urlTemplate":"https:\/\/ceelimp.com\/es\/?s={search_term_string}"},"query-input":{"@type":"PropertyValueSpecification","valueRequired":true,"valueName":"search_term_string"}}],"inLanguage":"es"}]}},"_links":{"self":[{"href":"https:\/\/ceelimp.com\/pe\/wp-json\/wp\/v2\/pages\/1563","targetHints":{"allow":["GET"]}}],"collection":[{"href":"https:\/\/ceelimp.com\/pe\/wp-json\/wp\/v2\/pages"}],"about":[{"href":"https:\/\/ceelimp.com\/pe\/wp-json\/wp\/v2\/types\/page"}],"author":[{"embeddable":true,"href":"https:\/\/ceelimp.com\/pe\/wp-json\/wp\/v2\/users\/1"}],"replies":[{"embeddable":true,"href":"https:\/\/ceelimp.com\/pe\/wp-json\/wp\/v2\/comments?post=1563"}],"version-history":[{"count":0,"href":"https:\/\/ceelimp.com\/pe\/wp-json\/wp\/v2\/pages\/1563\/revisions"}],"up":[{"embeddable":true,"href":"https:\/\/ceelimp.com\/pe\/wp-json\/wp\/v2\/pages\/1388"}],"wp:attachment":[{"href":"https:\/\/ceelimp.com\/pe\/wp-json\/wp\/v2\/media?parent=1563"}],"curies":[{"name":"wp","href":"https:\/\/api.w.org\/{rel}","templated":true}]}}