{"id":1531,"date":"2017-12-13T16:21:00","date_gmt":"2017-12-13T16:21:00","guid":{"rendered":"https:\/\/ceelimp.com\/empresa-de-limpieza\/limpieza-de-edificios\/"},"modified":"2023-05-31T14:28:58","modified_gmt":"2023-05-31T14:28:58","slug":"limpieza-de-edificios","status":"publish","type":"page","link":"https:\/\/ceelimp.com\/pe\/empresa-de-limpieza\/limpieza-de-edificios\/","title":{"rendered":"Limpieza de edificios"},"content":{"rendered":"<p><div class=\"fusion-fullwidth fullwidth-box fusion-builder-row-1 fusion-flex-container nonhundred-percent-fullwidth non-hundred-percent-height-scrolling\" style=\"--awb-border-radius-top-left:0px;--awb-border-radius-top-right:0px;--awb-border-radius-bottom-right:0px;--awb-border-radius-bottom-left:0px;\" ><div class=\"fusion-builder-row fusion-row fusion-flex-align-items-flex-start\" style=\"max-width:calc( 1100px + 0px );margin-left: calc(-0px \/ 2 );margin-right: calc(-0px \/ 2 );\"><div class=\"fusion-layout-column fusion_builder_column fusion-builder-column-0 fusion_builder_column_1_1 1_1 fusion-flex-column\" style=\"--awb-bg-size:cover;--awb-width-large:100%;--awb-margin-top-large:0px;--awb-spacing-right-large:0px;--awb-margin-bottom-large:20px;--awb-spacing-left-large:0px;--awb-width-medium:100%;--awb-spacing-right-medium:0px;--awb-spacing-left-medium:0px;--awb-width-small:100%;--awb-spacing-right-small:0px;--awb-spacing-left-small:0px;\"><div class=\"fusion-column-wrapper fusion-flex-justify-content-flex-start fusion-content-layout-column\"><div class=\"fusion-title title fusion-title-1 fusion-sep-none fusion-title-text fusion-title-size-one\"><h1 class=\"title-heading-left fusion-responsive-typography-calculated\" style=\"margin:0;--fontSize:45;line-height:1.4;\">LIMPIEZA DE EDIFICIOS<\/h1><\/div><\/div><\/div><\/div><\/div><div class=\"fusion-fullwidth fullwidth-box fusion-builder-row-2 fusion-flex-container hundred-percent-fullwidth non-hundred-percent-height-scrolling\" style=\"--awb-border-radius-top-left:0px;--awb-border-radius-top-right:0px;--awb-border-radius-bottom-right:0px;--awb-border-radius-bottom-left:0px;--awb-margin-bottom:-50px;--awb-background-color:#4ab8d4;\" ><div class=\"fusion-builder-row fusion-row fusion-flex-align-items-flex-start\" style=\"width:calc( 100% + 0px ) !important;max-width:calc( 100% + 0px ) !important;margin-left: calc(-0px \/ 2 );margin-right: calc(-0px \/ 2 );\"><div class=\"fusion-layout-column fusion_builder_column fusion-builder-column-1 fusion_builder_column_1_1 1_1 fusion-flex-column\" style=\"--awb-bg-size:cover;--awb-width-large:100%;--awb-margin-top-large:50px;--awb-spacing-right-large:0px;--awb-margin-bottom-large:0px;--awb-spacing-left-large:0px;--awb-width-medium:100%;--awb-spacing-right-medium:0px;--awb-spacing-left-medium:0px;--awb-width-small:100%;--awb-spacing-right-small:0px;--awb-spacing-left-small:0px;\"><div class=\"fusion-column-wrapper fusion-flex-justify-content-center fusion-content-layout-column\"><div class=\"fusion-text fusion-text-1\"><h3 style=\"text-align: center;\"><span style=\"color: #ffffff;\">\u00bfNECESITA UNA EMPRESA DE LIMPIEZA DE EDIFICIOS?<\/span><\/h3>\n<\/div><\/div><\/div><div class=\"fusion-layout-column fusion_builder_column fusion-builder-column-2 fusion_builder_column_1_1 1_1 fusion-flex-column\" style=\"--awb-bg-size:cover;--awb-width-large:100%;--awb-margin-top-large:0px;--awb-spacing-right-large:0px;--awb-margin-bottom-large:-20px;--awb-spacing-left-large:0px;--awb-width-medium:100%;--awb-spacing-right-medium:0px;--awb-spacing-left-medium:0px;--awb-width-small:100%;--awb-spacing-right-small:0px;--awb-spacing-left-small:0px;\"><div class=\"fusion-column-wrapper fusion-flex-justify-content-center fusion-content-layout-column\"><div style=\"text-align:center;\"><a class=\"fusion-button button-flat fusion-button-default-size button-custom fusion-button-default button-1 fusion-button-default-span fusion-button-default-type\" style=\"--button_accent_color:#ffffff;--button_accent_hover_color:#747474;--button_border_hover_color:#747474;--button_border_width-top:2px;--button_border_width-right:2px;--button_border_width-bottom:2px;--button_border_width-left:2px;--button_gradient_top_color:#747474;--button_gradient_bottom_color:#747474;--button_gradient_top_color_hover:#ffffff;--button_gradient_bottom_color_hover:#ffffff;\" target=\"_self\" title=\"Solicitar cotizaci\u00f3n sin compromiso\" href=\"\/pe\/solicitar-cotizacion\"><span class=\"fusion-button-text\">SOLICITAR COTIZACI\u00d3N<\/span><\/a><\/div><\/div><\/div><\/div><\/div><div class=\"fusion-fullwidth fullwidth-box fusion-builder-row-3 fusion-flex-container nonhundred-percent-fullwidth non-hundred-percent-height-scrolling\" style=\"--awb-border-radius-top-left:0px;--awb-border-radius-top-right:0px;--awb-border-radius-bottom-right:0px;--awb-border-radius-bottom-left:0px;--awb-margin-top:130px;--awb-margin-bottom:70px;\" ><div class=\"fusion-builder-row fusion-row fusion-flex-align-items-flex-start\" style=\"max-width:1144px;margin-left: calc(-4% \/ 2 );margin-right: calc(-4% \/ 2 );\"><div class=\"fusion-layout-column fusion_builder_column fusion-builder-column-3 fusion_builder_column_2_3 2_3 fusion-flex-column\" style=\"--awb-bg-size:cover;--awb-width-large:66.666666666667%;--awb-margin-top-large:0px;--awb-spacing-right-large:3.84%;--awb-margin-bottom-large:20px;--awb-spacing-left-large:2.88%;--awb-width-medium:66.666666666667%;--awb-spacing-right-medium:3.84%;--awb-spacing-left-medium:2.88%;--awb-width-small:100%;--awb-spacing-right-small:1.92%;--awb-spacing-left-small:1.92%;\"><div class=\"fusion-column-wrapper fusion-flex-justify-content-flex-start fusion-content-layout-column\"><div class=\"fusion-text fusion-text-2\"><p><em><strong>Cada edificio es \u00fanico<\/strong><\/em> y por ello presenta unas caracter\u00edsticas propias que hacen que cada tarea de limpieza deba adaptarse en funci\u00f3n de las necesidades que presente, ya que puede tratarse de un edificio de oficinas, una comunidad, puede requerir de diferente labores, tales como jardiner\u00eda o mantenimiento.<br \/>\nDe esta forma, <em><strong>Ceelimp<\/strong> <\/em>realiza una auditor\u00eda exhaustiva de las necesidades de cada uno con el objeto de poder ofrecer el servicio adecuado a cada edificio. Los servicios m\u00e1s destacados de <em><strong>limpieza de edificios<\/strong><\/em> ofrecido por <em><strong>Ceelimp<\/strong> <\/em>son los siguientes:<\/p>\n<\/div><\/div><\/div><div class=\"fusion-layout-column fusion_builder_column fusion-builder-column-4 fusion_builder_column_1_3 1_3 fusion-flex-column fusion-column-inner-bg-wrapper\" style=\"--awb-inner-bg-size:cover;--awb-width-large:33.333333333333%;--awb-margin-top-large:0px;--awb-spacing-right-large:5.76%;--awb-margin-bottom-large:20px;--awb-spacing-left-large:3.8399999999999%;--awb-width-medium:33.333333333333%;--awb-spacing-right-medium:5.76%;--awb-spacing-left-medium:3.8399999999999%;--awb-width-small:100%;--awb-spacing-right-small:1.92%;--awb-spacing-left-small:1.92%;\"><span class=\"fusion-column-inner-bg hover-type-zoomin\"><span class=\"fusion-column-anchor\"><span class=\"fusion-column-inner-bg-image\"><\/span><\/span><\/span><div class=\"fusion-column-wrapper fusion-flex-justify-content-flex-start fusion-content-layout-column\"><div class=\"fusion-image-element \" style=\"--awb-caption-title-size:var(--h2_typography-font-size);--awb-caption-title-transform:var(--h2_typography-text-transform);--awb-caption-title-line-height:var(--h2_typography-line-height);--awb-caption-title-letter-spacing:var(--h2_typography-letter-spacing);\"><span class=\" fusion-imageframe imageframe-none imageframe-1 hover-type-none\"><img decoding=\"async\" width=\"800\" height=\"533\" alt=\"Empresa de limpieza de edificios\" title=\"Limpieza de edificios\" src=\"https:\/\/ceelimp.com\/wp-content\/uploads\/2017\/12\/Limpieza-de-edificios.jpg\" class=\"img-responsive wp-image-11880\" srcset=\"https:\/\/ceelimp.com\/wp-content\/uploads\/2017\/12\/Limpieza-de-edificios-200x133.jpg 200w, https:\/\/ceelimp.com\/wp-content\/uploads\/2017\/12\/Limpieza-de-edificios-400x267.jpg 400w, https:\/\/ceelimp.com\/wp-content\/uploads\/2017\/12\/Limpieza-de-edificios-600x400.jpg 600w, https:\/\/ceelimp.com\/wp-content\/uploads\/2017\/12\/Limpieza-de-edificios.jpg 800w, https:\/\/ceelimp.com\/wp-content\/uploads\/2017\/12\/Limpieza-de-edificios-1200x800.jpg 1200w\" sizes=\"(max-width: 640px) 100vw, 400px\" \/><\/span><\/div><\/div><\/div><div class=\"fusion-layout-column fusion_builder_column fusion-builder-column-5 fusion_builder_column_1_3 1_3 fusion-flex-column\" style=\"--awb-bg-size:cover;--awb-width-large:33.333333333333%;--awb-margin-top-large:0px;--awb-spacing-right-large:5.76%;--awb-margin-bottom-large:20px;--awb-spacing-left-large:5.76%;--awb-width-medium:33.333333333333%;--awb-spacing-right-medium:5.76%;--awb-spacing-left-medium:5.76%;--awb-width-small:100%;--awb-spacing-right-small:1.92%;--awb-spacing-left-small:1.92%;\"><div class=\"fusion-column-wrapper fusion-flex-justify-content-flex-start fusion-content-layout-column\"><div class=\"fusion-text fusion-text-3\"><ul>\n<li style=\"color: #ffffff;\"><span style=\"color: #ffffff;\"><a href=\"https:\/\/ceelimp.com\/pe\/empresa-de-limpieza\/limpieza-de-oficinas\/\">Limpieza de oficinas<\/a><\/span><\/li>\n<li style=\"color: #ffffff;\"><span style=\"color: #ffffff;\"><a href=\"https:\/\/ceelimp.com\/pe\/empresa-de-limpieza\/limpieza-de-comunidades\/\">Limpieza de comunidades<\/a><\/span><\/li>\n<li style=\"color: #ffffff;\"><span style=\"color: #ffffff;\"><a href=\"https:\/\/ceelimp.com\/pe\/empresa-de-limpieza\/limpieza-de-garajes\/\">Limpieza de garajes<\/a><\/span><\/li>\n<li style=\"color: #ffffff;\"><span style=\"color: #ffffff;\"><a href=\"https:\/\/ceelimp.com\/pe\/empresa-de-limpieza\/limpiezas-puntuales\/\">Limpieza de cristales<\/a><\/span><\/li>\n<li style=\"color: #ffffff;\"><span style=\"color: #ffffff;\"><a href=\"https:\/\/ceelimp.com\/pe\/empresa-de-limpieza\/limpieza-de-obras\/\">Limpieza de obras<\/a><\/span><\/li>\n<li style=\"color: #ffffff;\"><span style=\"color: #ffffff;\"><a href=\"https:\/\/ceelimp.com\/pe\/empresa-de-limpieza\/limpiezas-puntuales\/\">Limpiezas verticales<br \/>\n<\/a><\/span><\/li>\n<li style=\"color: #ffffff;\"><span style=\"color: #ffffff;\"><a href=\"https:\/\/ceelimp.com\/pe\/empresa-de-limpieza\/limpiezas-puntuales\/\">Abrillantado de suelos<\/a><\/span><\/li>\n<\/ul>\n<\/div><\/div><\/div><div class=\"fusion-layout-column fusion_builder_column fusion-builder-column-6 fusion_builder_column_1_3 1_3 fusion-flex-column\" style=\"--awb-bg-size:cover;--awb-width-large:33.333333333333%;--awb-margin-top-large:0px;--awb-spacing-right-large:5.76%;--awb-margin-bottom-large:20px;--awb-spacing-left-large:5.76%;--awb-width-medium:33.333333333333%;--awb-spacing-right-medium:5.76%;--awb-spacing-left-medium:5.76%;--awb-width-small:100%;--awb-spacing-right-small:1.92%;--awb-spacing-left-small:1.92%;\"><div class=\"fusion-column-wrapper fusion-flex-justify-content-flex-start fusion-content-layout-column\"><div class=\"fusion-text fusion-text-4\"><ul>\n<li style=\"color: #ffffff;\"><span style=\"color: #ffffff;\"><a href=\"https:\/\/ceelimp.com\/pe\/empresa-de-limpieza\/limpiezas-puntuales\/\">Limpieza de choque<\/a><\/span><\/li>\n<li style=\"color: #ffffff;\"><span style=\"color: #ffffff;\"><a href=\"https:\/\/ceelimp.com\/pe\/empresa-de-limpieza\/limpiezas-puntuales\/\">Limpieza de moquetas y alfombras<\/a><\/span><\/li>\n<li style=\"color: #ffffff;\"><span style=\"color: #ffffff;\"><a href=\"https:\/\/ceelimp.com\/pe\/empresa-de-limpieza\/limpiezas-urgentes\/\">Limpiezas urgentes<\/a><\/span><\/li>\n<li style=\"color: #ffffff;\"><span style=\"color: #ffffff;\"><a href=\"\/pe\/empresa-servicios-complementarios\/servicio-de-mantenimiento\">Servicio de mantenimiento<\/a><\/span><\/li>\n<li style=\"color: #ffffff;\"><span style=\"color: #ffffff;\"><a href=\"\/pe\/empresa-servicios-complementarios\/servicio-de-conserjeria\">Servicio de conserjer\u00eda<\/a><\/span><\/li>\n<li style=\"color: #ffffff;\"><span style=\"color: #ffffff;\"><a href=\"\/pe\/empresa-servicios-complementarios\/servicio-de-jardineria\">Servicio de jardiner\u00eda<\/a><\/span><\/li>\n<li style=\"color: #ffffff;\"><\/li>\n<\/ul>\n<\/div><\/div><\/div><div class=\"fusion-layout-column fusion_builder_column fusion-builder-column-7 fusion_builder_column_1_3 1_3 fusion-flex-column\" style=\"--awb-bg-size:cover;--awb-border-color:#ffffff;--awb-border-left:2px;--awb-border-style:solid;--awb-width-large:33.333333333333%;--awb-margin-top-large:0px;--awb-spacing-right-large:5.76%;--awb-margin-bottom-large:20px;--awb-spacing-left-large:5.76%;--awb-width-medium:33.333333333333%;--awb-spacing-right-medium:5.76%;--awb-spacing-left-medium:5.76%;--awb-width-small:100%;--awb-spacing-right-small:1.92%;--awb-spacing-left-small:1.92%;\"><div class=\"fusion-column-wrapper fusion-flex-justify-content-flex-start fusion-content-layout-column\"><div class=\"fusion-text fusion-text-5\"><h4 style=\"padding-left: 30px;\" data-fontsize=\"28\" data-lineheight=\"42\"><span style=\"color: #747474;\"><em><strong>Limpieza de edificios adaptada<\/strong><\/em><\/span><\/h4>\n<\/div><div class=\"fusion-text fusion-text-6\"><p style=\"padding-left: 30px;\"><span style=\"color: #747474;\"><em><strong>Ceelimp<\/strong> realiza una auditor\u00eda exhaustiva de las necesidades de cada edificio con el objeto de poder ofrecer el servicio adecuado a cada uno.<\/em><\/span><\/p>\n<\/div><\/div><\/div><\/div><\/div><div class=\"fusion-fullwidth fullwidth-box fusion-builder-row-4 fusion-flex-container nonhundred-percent-fullwidth non-hundred-percent-height-scrolling\" style=\"--awb-border-radius-top-left:0px;--awb-border-radius-top-right:0px;--awb-border-radius-bottom-right:0px;--awb-border-radius-bottom-left:0px;--awb-margin-bottom:0px;--awb-background-color:#fff;\" ><div class=\"fusion-builder-row fusion-row fusion-flex-align-items-flex-start\" style=\"max-width:calc( 1100px + 0px );margin-left: calc(-0px \/ 2 );margin-right: calc(-0px \/ 2 );\"><div class=\"fusion-layout-column fusion_builder_column fusion-builder-column-8 fusion_builder_column_1_1 1_1 fusion-flex-column\" style=\"--awb-bg-color:#ffffff;--awb-bg-size:cover;--awb-width-large:100%;--awb-margin-top-large:0px;--awb-spacing-right-large:0px;--awb-margin-bottom-large:0px;--awb-spacing-left-large:0px;--awb-width-medium:100%;--awb-spacing-right-medium:0px;--awb-spacing-left-medium:0px;--awb-width-small:100%;--awb-spacing-right-small:0px;--awb-spacing-left-small:0px;\"><div class=\"fusion-column-wrapper fusion-flex-justify-content-flex-start fusion-content-layout-column\"><div class=\"fusion-text fusion-text-7\"><p>Si est\u00e1 interesado en recibir un&nbsp;<a href=\"https:\/\/ceelimp.com\/pe\/solicitar-cotizacion\">cotizaci\u00f3n adaptada a sus necesidades reales<\/a>, nuestros expertos se pondr\u00e1n en contacto con usted para realizar una auditor\u00eda de su edificio con el fin de ofrecerle nuestro mejor servicio al mejor precio.<\/p>\n<\/div><\/div><\/div><\/div><\/div><\/p>\n","protected":false},"excerpt":{"rendered":"","protected":false},"author":1,"featured_media":0,"parent":1388,"menu_order":0,"comment_status":"closed","ping_status":"closed","template":"100-width.php","meta":{"_monsterinsights_skip_tracking":false,"_monsterinsights_sitenote_active":false,"_monsterinsights_sitenote_note":"","_monsterinsights_sitenote_category":0,"footnotes":""},"class_list":["post-1531","page","type-page","status-publish","hentry"],"yoast_head":"<!-- This site is optimized with the Yoast SEO plugin v25.0 - https:\/\/yoast.com\/wordpress\/plugins\/seo\/ -->\n<title>Limpieza de edificios - Ceelimp, empresa de limpieza y servicios auxiliares<\/title>\n<meta name=\"description\" content=\"Empresa especializada en la limpieza de edificios integral. Con m\u00e1s de 30 a\u00f1os de experiencia. Solicita cotizaci\u00f3n sin compromiso.\" \/>\n<meta name=\"robots\" content=\"index, follow, max-snippet:-1, max-image-preview:large, max-video-preview:-1\" \/>\n<link rel=\"canonical\" href=\"http:\/\/ceelimp.com\/pe\/empresa-de-limpieza\/limpieza-de-edificios\/\" \/>\n<meta property=\"og:locale\" content=\"es_ES\" \/>\n<meta property=\"og:type\" content=\"article\" \/>\n<meta property=\"og:title\" content=\"Limpieza de edificios - Ceelimp, empresa de limpieza y servicios auxiliares\" \/>\n<meta property=\"og:description\" content=\"Empresa especializada en la limpieza de edificios integral. Con m\u00e1s de 30 a\u00f1os de experiencia. Solicita cotizaci\u00f3n sin compromiso.\" \/>\n<meta property=\"og:url\" content=\"http:\/\/ceelimp.com\/pe\/empresa-de-limpieza\/limpieza-de-edificios\/\" \/>\n<meta property=\"og:site_name\" content=\"Empresa de limpieza y servicios complementarios | Ceelimp\" \/>\n<meta property=\"article:publisher\" content=\"https:\/\/www.facebook.com\/ceelimp\/\" \/>\n<meta property=\"article:modified_time\" content=\"2023-05-31T14:28:58+00:00\" \/>\n<meta name=\"twitter:card\" content=\"summary_large_image\" \/>\n<meta name=\"twitter:title\" content=\"Limpieza de edificios - Ceelimp, empresa de limpieza\" \/>\n<meta name=\"twitter:description\" content=\"Empresa especializada en la limpieza de edificios integral. Con m\u00e1s de 30 a\u00f1os de experiencia. Solicita cotizaci\u00f3n sin compromiso.\" \/>\n<meta name=\"twitter:label1\" content=\"Est. reading time\" \/>\n\t<meta name=\"twitter:data1\" content=\"7 minutos\" \/>\n<script type=\"application\/ld+json\" class=\"yoast-schema-graph\">{\"@context\":\"https:\/\/schema.org\",\"@graph\":[{\"@type\":\"WebPage\",\"@id\":\"http:\/\/ceelimp.com\/pe\/empresa-de-limpieza\/limpieza-de-edificios\/\",\"url\":\"http:\/\/ceelimp.com\/pe\/empresa-de-limpieza\/limpieza-de-edificios\/\",\"name\":\"Limpieza de edificios - Ceelimp, empresa de limpieza y servicios auxiliares\",\"isPartOf\":{\"@id\":\"https:\/\/ceelimp.com\/es\/#website\"},\"datePublished\":\"2017-12-13T16:21:00+00:00\",\"dateModified\":\"2023-05-31T14:28:58+00:00\",\"description\":\"Empresa especializada en la limpieza de edificios integral. Con m\u00e1s de 30 a\u00f1os de experiencia. Solicita cotizaci\u00f3n sin compromiso.\",\"breadcrumb\":{\"@id\":\"http:\/\/ceelimp.com\/pe\/empresa-de-limpieza\/limpieza-de-edificios\/#breadcrumb\"},\"inLanguage\":\"es\",\"potentialAction\":[{\"@type\":\"ReadAction\",\"target\":[\"http:\/\/ceelimp.com\/pe\/empresa-de-limpieza\/limpieza-de-edificios\/\"]}]},{\"@type\":\"BreadcrumbList\",\"@id\":\"http:\/\/ceelimp.com\/pe\/empresa-de-limpieza\/limpieza-de-edificios\/#breadcrumb\",\"itemListElement\":[{\"@type\":\"ListItem\",\"position\":1,\"name\":\"Inicio\",\"item\":\"https:\/\/ceelimp.com\/pe\/\"},{\"@type\":\"ListItem\",\"position\":2,\"name\":\"Empresa de Limpieza\",\"item\":\"https:\/\/ceelimp.com\/pe\/empresa-de-limpieza\/\"},{\"@type\":\"ListItem\",\"position\":3,\"name\":\"Limpieza de edificios\"}]},{\"@type\":\"WebSite\",\"@id\":\"https:\/\/ceelimp.com\/es\/#website\",\"url\":\"https:\/\/ceelimp.com\/es\/\",\"name\":\"Empresa de limpieza y servicios complementarios | Ceelimp\",\"description\":\"Empresa de servicios de limpieza\",\"potentialAction\":[{\"@type\":\"SearchAction\",\"target\":{\"@type\":\"EntryPoint\",\"urlTemplate\":\"https:\/\/ceelimp.com\/es\/?s={search_term_string}\"},\"query-input\":{\"@type\":\"PropertyValueSpecification\",\"valueRequired\":true,\"valueName\":\"search_term_string\"}}],\"inLanguage\":\"es\"}]}<\/script>\n<!-- \/ Yoast SEO plugin. -->","yoast_head_json":{"title":"Limpieza de edificios - Ceelimp, empresa de limpieza y servicios auxiliares","description":"Empresa especializada en la limpieza de edificios integral. Con m\u00e1s de 30 a\u00f1os de experiencia. Solicita cotizaci\u00f3n sin compromiso.","robots":{"index":"index","follow":"follow","max-snippet":"max-snippet:-1","max-image-preview":"max-image-preview:large","max-video-preview":"max-video-preview:-1"},"canonical":"http:\/\/ceelimp.com\/pe\/empresa-de-limpieza\/limpieza-de-edificios\/","og_locale":"es_ES","og_type":"article","og_title":"Limpieza de edificios - Ceelimp, empresa de limpieza y servicios auxiliares","og_description":"Empresa especializada en la limpieza de edificios integral. Con m\u00e1s de 30 a\u00f1os de experiencia. Solicita cotizaci\u00f3n sin compromiso.","og_url":"http:\/\/ceelimp.com\/pe\/empresa-de-limpieza\/limpieza-de-edificios\/","og_site_name":"Empresa de limpieza y servicios complementarios | Ceelimp","article_publisher":"https:\/\/www.facebook.com\/ceelimp\/","article_modified_time":"2023-05-31T14:28:58+00:00","twitter_card":"summary_large_image","twitter_title":"Limpieza de edificios - Ceelimp, empresa de limpieza","twitter_description":"Empresa especializada en la limpieza de edificios integral. Con m\u00e1s de 30 a\u00f1os de experiencia. Solicita cotizaci\u00f3n sin compromiso.","twitter_misc":{"Est. reading time":"7 minutos"},"schema":{"@context":"https:\/\/schema.org","@graph":[{"@type":"WebPage","@id":"http:\/\/ceelimp.com\/pe\/empresa-de-limpieza\/limpieza-de-edificios\/","url":"http:\/\/ceelimp.com\/pe\/empresa-de-limpieza\/limpieza-de-edificios\/","name":"Limpieza de edificios - Ceelimp, empresa de limpieza y servicios auxiliares","isPartOf":{"@id":"https:\/\/ceelimp.com\/es\/#website"},"datePublished":"2017-12-13T16:21:00+00:00","dateModified":"2023-05-31T14:28:58+00:00","description":"Empresa especializada en la limpieza de edificios integral. Con m\u00e1s de 30 a\u00f1os de experiencia. Solicita cotizaci\u00f3n sin compromiso.","breadcrumb":{"@id":"http:\/\/ceelimp.com\/pe\/empresa-de-limpieza\/limpieza-de-edificios\/#breadcrumb"},"inLanguage":"es","potentialAction":[{"@type":"ReadAction","target":["http:\/\/ceelimp.com\/pe\/empresa-de-limpieza\/limpieza-de-edificios\/"]}]},{"@type":"BreadcrumbList","@id":"http:\/\/ceelimp.com\/pe\/empresa-de-limpieza\/limpieza-de-edificios\/#breadcrumb","itemListElement":[{"@type":"ListItem","position":1,"name":"Inicio","item":"https:\/\/ceelimp.com\/pe\/"},{"@type":"ListItem","position":2,"name":"Empresa de Limpieza","item":"https:\/\/ceelimp.com\/pe\/empresa-de-limpieza\/"},{"@type":"ListItem","position":3,"name":"Limpieza de edificios"}]},{"@type":"WebSite","@id":"https:\/\/ceelimp.com\/es\/#website","url":"https:\/\/ceelimp.com\/es\/","name":"Empresa de limpieza y servicios complementarios | Ceelimp","description":"Empresa de servicios de limpieza","potentialAction":[{"@type":"SearchAction","target":{"@type":"EntryPoint","urlTemplate":"https:\/\/ceelimp.com\/es\/?s={search_term_string}"},"query-input":{"@type":"PropertyValueSpecification","valueRequired":true,"valueName":"search_term_string"}}],"inLanguage":"es"}]}},"_links":{"self":[{"href":"https:\/\/ceelimp.com\/pe\/wp-json\/wp\/v2\/pages\/1531","targetHints":{"allow":["GET"]}}],"collection":[{"href":"https:\/\/ceelimp.com\/pe\/wp-json\/wp\/v2\/pages"}],"about":[{"href":"https:\/\/ceelimp.com\/pe\/wp-json\/wp\/v2\/types\/page"}],"author":[{"embeddable":true,"href":"https:\/\/ceelimp.com\/pe\/wp-json\/wp\/v2\/users\/1"}],"replies":[{"embeddable":true,"href":"https:\/\/ceelimp.com\/pe\/wp-json\/wp\/v2\/comments?post=1531"}],"version-history":[{"count":0,"href":"https:\/\/ceelimp.com\/pe\/wp-json\/wp\/v2\/pages\/1531\/revisions"}],"up":[{"embeddable":true,"href":"https:\/\/ceelimp.com\/pe\/wp-json\/wp\/v2\/pages\/1388"}],"wp:attachment":[{"href":"https:\/\/ceelimp.com\/pe\/wp-json\/wp\/v2\/media?parent=1531"}],"curies":[{"name":"wp","href":"https:\/\/api.w.org\/{rel}","templated":true}]}}