{"id":2313,"date":"2018-05-25T09:51:09","date_gmt":"2018-05-25T09:51:09","guid":{"rendered":"https:\/\/ceelimp.com\/?page_id=2313"},"modified":"2023-05-30T11:17:26","modified_gmt":"2023-05-30T11:17:26","slug":"aviso-legal","status":"publish","type":"page","link":"https:\/\/ceelimp.com\/es\/aviso-legal\/","title":{"rendered":"Aviso legal"},"content":{"rendered":"<div class=\"fusion-fullwidth fullwidth-box fusion-builder-row-1 fusion-flex-container nonhundred-percent-fullwidth non-hundred-percent-height-scrolling\" style=\"--awb-border-radius-top-left:0px;--awb-border-radius-top-right:0px;--awb-border-radius-bottom-right:0px;--awb-border-radius-bottom-left:0px;\" ><div class=\"fusion-builder-row fusion-row fusion-flex-align-items-flex-start\" style=\"max-width:calc( 1100px + 0px );margin-left: calc(-0px \/ 2 );margin-right: calc(-0px \/ 2 );\"><div class=\"fusion-layout-column fusion_builder_column fusion-builder-column-0 fusion_builder_column_1_1 1_1 fusion-flex-column\" style=\"--awb-bg-size:cover;--awb-width-large:100%;--awb-margin-top-large:0px;--awb-spacing-right-large:0px;--awb-margin-bottom-large:20px;--awb-spacing-left-large:0px;--awb-width-medium:100%;--awb-spacing-right-medium:0px;--awb-spacing-left-medium:0px;--awb-width-small:100%;--awb-spacing-right-small:0px;--awb-spacing-left-small:0px;\"><div class=\"fusion-column-wrapper fusion-flex-justify-content-flex-start fusion-content-layout-column\"><div class=\"fusion-text fusion-text-1\"><div class=\"page-header\">\n<h1>Aviso legal<\/h1>\n<\/div>\n<div class=\"page-content\">\n<section id=\"section-id-1492103105\" class=\"sppb-section \">\n<div class=\"sppb-row-container\">\n<div class=\"sppb-row\">\n<div id=\"column-wrap-id-1492103106\" class=\"sppb-col-sm-12\">\n<div id=\"column-id-1492103106\" class=\"sppb-column \">\n<div class=\"sppb-column-addons\">\n<div id=\"sppb-addon-1492103106457\" class=\"clearfix\">\n<div class=\"sppb-addon sppb-addon-feature sppb-text-left \">\n<div class=\"sppb-addon-content\">\n<div class=\"sppb-addon-text\">\n<div class=\"page\" title=\"Page 1\">\n<div class=\"layoutArea\">\n<div class=\"column\">\n<p><strong>CEELIMP<\/strong>, le informa que el acceso y uso de la pa\u0301gina web www.ceelimp.com esta\u0301 sujeta a las presentes condiciones de uso, por lo que le recomendamos que las lea atentamente cada vez que acceda a nuestro sitio Web.<\/p>\n<\/div>\n<\/div>\n<\/div>\n<div class=\"page\" title=\"Page 1\">\n<div class=\"layoutArea\">\n<div class=\"column\">\n<p>En cumplimiento de la <strong>Ley 34\/2002<\/strong>, de 11 de julio, de servicios de la sociedad de la informacio\u0301n y de comercio electro\u0301nico, le informamos, respecto a de cada una de las empresas responsables de este sitio web:<\/p>\n<div class=\"page\" title=\"Page 1\">\n<div class=\"layoutArea\">\n<div class=\"column\">\n<p><strong>CEELIMP FACILITY SERVICES SL<\/strong>, con CIF B86507225, con domicilio Las Rozas de Madrid, Calle Siete picos, 19, inscrita en el Registro Mercantil de Madrid al tomo 30106, Folio 123, Seccio\u0301n 8a, Hoja M 541954.<\/p>\n<p><strong>CONSERVACIO\u0301N DE EDIFICIOS Y EXTERIORES, S.A.<\/strong>, con CIF no A78178357, con domicilio Las Rozas de Madrid, Calle Siete picos, 19, inscrita en el Registro Mercantil de Madrid al tomo 3848, folio 186, Seccio\u0301n 8a, Hoja M 64635., que es la titular del dominio ceelimp.com y la titular del nombre comercial Ceelimp.<\/p>\n<p><strong>CONSERVACIO\u0301N DE EDIFICIOS Y EXTERIORES, S.A<\/strong> presta servicios de limpieza y <strong>CEELIMP FACILITY SERVICES SL<\/strong>, presta servicios de conserjeri\u0301a y mantenimiento de edificios y jardines.<\/p>\n<p>A los efectos del presente Aviso Legal, a dichas empresas se las denominara\u0301 conjuntamente <strong>CEELIMP<\/strong>.<\/p>\n<p>Puede comunicarse con nosotros:<\/p>\n<ul>\n<li>Por tele\u0301fono: 915738803<\/li>\n<li>O por correo electro\u0301nico: <a href=\"mailto:info@ceelimp.com\">info@ceelimp.com<\/a>.<\/li>\n<\/ul>\n<p>El sitio web ceelimp.com tiene por objeto facilitar, al pu\u0301blico en general, el conocimiento de las actividades que realiza, y la descripcio\u0301n de los productos y servicios que prestan <strong>CEELIMP FACILITY SERVICES SL<\/strong> y <strong>CONSERVACIO\u0301N DE EDIFICIOS Y EXTERIORES, S.A<\/strong><\/p>\n<\/div>\n<\/div>\n<\/div>\n<\/div>\n<\/div>\n<\/div>\n<div class=\"page\" title=\"Page 1\">\n<div class=\"layoutArea\">\n<div class=\"column\">\n<h2><strong>PROPIEDAD INTELECTUAL E INDUSTRIAL<\/strong><\/h2>\n<p>Los derechos de propiedad intelectual de los contenidos, textos, distintivos corporativos, ima\u0301genes, etc. de este sitio Web son propiedad de <strong>CEELIMP<\/strong>, as\u00ed como su c\u00f3digo fuente, dise\u00f1o, estructura de navegaci\u00f3n, bases de datos y los distintos elementos en \u00e9l contenidos son titularidad de <strong>CONSERVACI\u00d3N DE EDIFICIOS Y EXTERIORES, S.A.<\/strong>, y que goza de la titularidad de los derechos exclusivos de explotaci\u00f3n de los mismos en cualquier forma, especialmente a trav\u00e9s de los derechos de reproducci\u00f3n, distribuci\u00f3n, comunicaci\u00f3n p\u00fablica y transformaci\u00f3n.<\/p>\n<p>La reproduccio\u0301n, distribucio\u0301n, comercializacio\u0301n o transformacio\u0301n no autorizadas de estos contenidos -salvo en los supuestos permitidos legalmente para uso personal y privado-, constituyen una infraccio\u0301n de los derechos de propiedad intelectual de <strong>CEELIMP<\/strong> o de aque\u0301l que sea titular.<\/p>\n<\/div>\n<\/div>\n<div class=\"section\">\n<div class=\"layoutArea\">\n<div class=\"column\">\n<p>Queda prohibida la reproducci\u00f3n, total o parcial, distribuci\u00f3n, comercializaci\u00f3n o transformaci\u00f3n de cualquiera de los contenidos de la p\u00e1gina web sin la previa autorizaci\u00f3n escrita de <strong>CEELIMP<\/strong>.<\/p>\n<p>Para ejercer el derecho de cita, deber\u00e1 mencionarse <strong>CEELIMP<\/strong> como titular de los extractos de los contenidos o documentos aludidos, as\u00ed como la p\u00e1gina www.ceelimp.com, como fuente de la informaci\u00f3n cuando corresponda.<\/p>\n<div class=\"page\" title=\"Page 2\">\n<div class=\"layoutArea\">\n<div class=\"column\">\n<p><strong>CEELIMP<\/strong> no se responsabiliza del posible uso inapropiado que terceros realicen de esta pa\u0301gina Web, ni de la informacio\u0301n que a trave\u0301s de ella transmitan a terceros.<\/p>\n<div class=\"page\" title=\"Page 2\">\n<div class=\"layoutArea\">\n<div class=\"column\">\n<p>Los contenidos proporcionados a trave\u0301s de esta pa\u0301gina web tienen cara\u0301cter meramente informativo, por lo que el uso que de estos pueda hacer el usuario y las eventuales consecuencias, dan\u0303os o perjuicios que pudiesen derivarse, son de la exclusiva responsabilidad del usuario.<\/p>\n<p><strong>CEELIMP<\/strong> se reserva el derecho de ejercitar las acciones legales que considere oportunas derivadas de cualesquiera usos ili\u0301citos por parte de terceros de los contenidos de su pa\u0301gina web.<\/p>\n<\/div>\n<\/div>\n<\/div>\n<\/div>\n<\/div>\n<\/div>\n<\/div>\n<\/div>\n<\/div>\n<\/div>\n<div class=\"page\" title=\"Page 1\">\n<div class=\"layoutArea\">\n<div class=\"column\"><\/div>\n<\/div>\n<\/div>\n<h2><strong><a id=\"conciciones_uso\" title=\"\"><\/a>CONDICIONES DE USO DE LOS CONTENIDOS Y SERVICIOS<\/strong><\/h2>\n<div class=\"page\" title=\"Page 2\">\n<div class=\"layoutArea\">\n<div class=\"column\">\n<p>El acceso al sitio Web es gratuito salvo en lo relativo al coste de la conexio\u0301n a trave\u0301s de la red de telecomunicaciones suministrada por el proveedor de acceso contratado por los usuarios.<\/p>\n<p>El Usuario, sin detrimento de las que surjan a partir del clausulado de este documento, se obliga a hacer buen uso de los contenidos, informacio\u0301n y servicios prestados desde o a trave\u0301s del SITIO WEB, conforme a la ley, la buena fe y a las buenas costumbres generalmente aceptadas, comprometie\u0301ndose expresamente a:<\/p>\n<ul>\n<li>Abstenerse de realizar pra\u0301cticas o usos de los servicios con fines ili\u0301citos, fraudulentos, lesivos de derechos o intereses de <strong>CEELIMP<\/strong> o de terceros, infractores de las normas contenidas en el presente contrato o en las Condiciones Particulares que en su caso regulen cualquiera de los servicios prestados desde o a trave\u0301s del SITIO WEB.<\/li>\n<li>Abstenerse de realizar cualquier tipo de accio\u0301n que pudiera inutilizar, sobrecargar o dan\u0303ar sistemas, equipos o servicios del SITIO WEB o accesibles directa o indirectamente a trave\u0301s del SITIO WEB.<\/li>\n<li>Respetar los derechos de propiedad intelectual e industrial de <strong>CEELIMP<\/strong> y de terceros sobre los contenidos, informacio\u0301n y servicios prestados desde o a trave\u0301s del SITIO WEB, abstenie\u0301ndose con cara\u0301cter general de copiar, distribuir, reproducir o comunicar en forma en forma alguna los mismos a terceros, de no mediar autorizacio\u0301n expresa y por escrito de <strong>CEELIMP<\/strong> o de los titulares de dichos derechos.<\/li>\n<li>Abstenerse de realizar transacciones fraudulentas o que puedan facilitar conductas ili\u0301citas o fraudulentas de cualquier tipo.<\/li>\n<\/ul>\n<\/div>\n<\/div>\n<\/div>\n<div class=\"page\" title=\"Page 2\">\n<div class=\"layoutArea\">\n<div class=\"column\">\n<h3>EXCLUSIO\u0301N DE GARANTI\u0301AS<\/h3>\n<\/div>\n<\/div>\n<div class=\"layoutArea\">\n<div class=\"column\">\n<ul>\n<li>El SITIO WEB podra\u0301 contener enlaces a pa\u0301ginas que, au\u0301n dentro del SITIO WEB se encuentran bajo responsabilidad de terceros, y enlaces a pa\u0301ginas externas en todo caso al mismo. En ambos casos, <strong>CEELIMP<\/strong> no puede controlar o supervisar en modo alguno dicho contenido.<\/li>\n<\/ul>\n<\/div>\n<\/div>\n<\/div>\n<div class=\"page\" title=\"Page 3\">\n<div class=\"layoutArea\">\n<div class=\"column\">\n<ul>\n<li><strong>CEELIMP<\/strong> excluye, con toda la extensio\u0301n permitida por la Ley, cualquier responsabilidad de cualquier clase, derivada de la existencia o posibilidad de acceso a dichos contenidos.<\/li>\n<li><strong>CEELIMP<\/strong> no garantiza la inexistencia de interrupciones o errores en el acceso a la Web o a su contenido, ni que e\u0301ste se encuentre actualizado, si bien se compromete a llevar a cabo, siempre que no concurran causas que lo hagan imposible o de difi\u0301cil ejecucio\u0301n, y tan pronto tenga noticia de los errores, desconexiones o falta de actualizacio\u0301n en los contenidos, todas aquellas labores tendentes a subsanar los errores, restablecer la comunicacio\u0301n y actualizar los contenidos.<\/li>\n<li><strong>CEELIMP<\/strong> se reserva la facultad de efectuar, en cualquier momento y sin necesidad de previo aviso, modificaciones y actualizaciones de la informacio\u0301n contenida en la Web, de la configuracio\u0301n y disen\u0303o de e\u0301sta y de las condiciones de acceso.<\/li>\n<li>Tanto el acceso a la Web como el uso indebido que pueda efectuarse de la informacio\u0301n contenida en la misma es de la exclusiva responsabilidad de quien lo realiza, por tanto <strong>CEELIMP<\/strong> no responder\u00e1 de ninguna consecuencia, da\u00f1o o perjuicio que pudieran derivarse de dicho acceso o uso.<\/li>\n<\/ul>\n<\/div>\n<\/div>\n<div class=\"layoutArea\">\n<div class=\"column\">\n<h3>Seguridad y Privacidad<\/h3>\n<p><strong>CEELIMP<\/strong> empleara\u0301 razonablemente los medios a su alcance para proveer de sistemas de seguridad que protejan de forma razonable sus sistemas y los datos contenidos en los mismos contra ataques deliberados, softwares malignos, etc.<\/p>\n<p>No obstante, el Usuario entiende y acepta los aspectos que comporta la prestacio\u0301n de servicios a trave\u0301s de Internet dado el cara\u0301cter abierto, descentralizado y global de esta red de comunicaciones.<\/p>\n<p>Por este motivo <strong>CEELIMP<\/strong> NO garantiza la inexpugnabilidad de sus sistemas de seguridad ni la privacidad de la informacio\u0301n alojada en los mismos. <strong>CEELIMP<\/strong> excluye, con toda la extensio\u0301n permitida por la Ley, cualquier responsabilidad de cualquier clase por fallos de seguridad en el SITIO WEB y las consecuencias que de ellos pudieran derivarse.<\/p>\n<h3>Interrupciones y\/o Suspensio\u0301n del Sistema<\/h3>\n<p>Con cara\u0301cter general los diferentes servicios estara\u0301n disponibles ininterrumpidamente en Internet. Sin embargo, el Usuario queda apercibido de que <strong>CEELIMP<\/strong> NO garantiza en modo alguno esta continuidad debido a la naturaleza del medio a trave\u0301s del que se prestan.<br \/>\nEl Usuario entiende y acepta los aspectos que comporta la prestacio\u0301n de servicios a trave\u0301s de Internet dado el cara\u0301cter abierto, descentralizado y global de la red.<\/p>\n<p>Asi\u0301, por ejemplo, a ti\u0301tulo enunciativo no exhaustivo, a continuacio\u0301n, se recogen algunas de las situaciones que pueden interrumpir temporalmente la prestacio\u0301n de dichos servicios:<\/p>\n<ul>\n<li>Tareas de mantenimiento en los servidores y\/o li\u0301neas de datos<\/li>\n<li>Averi\u0301as en los servidores y\/o li\u0301neas de datos<\/li>\n<li>Ataques deliberados contra la seguridad e integridad del sistema<\/li>\n<li>Virus informa\u0301ticos o presencia de co\u0301digo maligno en las pa\u0301ginas que conforman o sonaccesibles desde el SITIO WEB<\/li>\n<\/ul>\n<\/div>\n<\/div>\n<\/div>\n<div class=\"page\" title=\"Page 4\">\n<div class=\"layoutArea\">\n<div class=\"column\">\n<p><strong>CEELIMP<\/strong> excluye, con toda la extensio\u0301n permitida por la Ley, cualquier responsabilidad de cualquier clase derivada de la interrupcio\u0301n temporal en la disponibilidad del SITIO WEB en la red Internet.<\/p>\n<p>El Usuario queda apercibido de que <strong>CEELIMP<\/strong> podra\u0301 en cualquier momento, a su solo criterio y sin obligacio\u0301n alguna de aviso previo, suspender con cara\u0301cter definitivo la presencia del SITIO WEB en la red Internet.<\/p>\n<h2>POLI\u0301TICA DE PROTECCIO\u0301N DE DATOS DE CARA\u0301CTER PERSONAL<\/h2>\n<p>Puede consultar <a href=\"https:\/\/ceelimp.com\/politica-proteccion-datos\/\">AQUI\u0301<\/a> nuestra la Poli\u0301tica de Proteccio\u0301n de Datos.<\/p>\n<h2>LEY APLICABLE Y JURISDICCIO\u0301N<\/h2>\n<p>El presente Aviso Legal y las relaciones que se establezcan entre el usuario y <strong>CEELIMP<\/strong> se regira\u0301n por la legislacio\u0301n espan\u0303ola que resulte aplicable. Siempre que la normativa vigente al efecto prevea la posibilidad para las partes de someterse a un fuero determinado, para toda cuestio\u0301n litigiosa derivada o relacionada con este Sitio Web, nos someteremos a los Juzgados y Tribunales de Madrid.<\/p>\n<\/div>\n<\/div>\n<\/div>\n<\/div>\n<\/div>\n<\/div>\n<\/div>\n<\/div>\n<\/div>\n<\/div>\n<\/div>\n<\/div>\n<\/section>\n<\/div>\n<\/div><\/div><\/div><\/div><\/div>\n","protected":false},"excerpt":{"rendered":"","protected":false},"author":1,"featured_media":0,"parent":0,"menu_order":0,"comment_status":"closed","ping_status":"closed","template":"","meta":{"_monsterinsights_skip_tracking":false,"_monsterinsights_sitenote_active":false,"_monsterinsights_sitenote_note":"","_monsterinsights_sitenote_category":0,"footnotes":""},"class_list":["post-2313","page","type-page","status-publish","hentry"],"yoast_head":"<!-- This site is optimized with the Yoast SEO plugin v25.0 - https:\/\/yoast.com\/wordpress\/plugins\/seo\/ -->\n<title>Aviso legal - Servicios de Limpieza en Madrid<\/title>\n<meta name=\"description\" content=\"Aviso legal. Empresa especializada en servicios auxiliares y de limpieza en Madrid. Contamos con m\u00e1s de 30 a\u00f1os de experiencia en el sector.\" \/>\n<meta name=\"robots\" content=\"index, follow, max-snippet:-1, max-image-preview:large, max-video-preview:-1\" \/>\n<link rel=\"canonical\" href=\"https:\/\/ceelimp.com\/es\/aviso-legal\" \/>\n<meta property=\"og:locale\" content=\"es_ES\" \/>\n<meta property=\"og:type\" content=\"article\" \/>\n<meta property=\"og:title\" content=\"Aviso legal - Servicios de Limpieza en Madrid\" \/>\n<meta property=\"og:description\" content=\"Aviso legal. Empresa especializada en servicios auxiliares y de limpieza en Madrid. Contamos con m\u00e1s de 30 a\u00f1os de experiencia en el sector.\" \/>\n<meta property=\"og:url\" content=\"https:\/\/ceelimp.com\/es\/aviso-legal\" \/>\n<meta property=\"og:site_name\" content=\"Empresa de limpieza y servicios auxiliares | Ceelimp\" \/>\n<meta property=\"article:publisher\" content=\"https:\/\/www.facebook.com\/ceelimp\/\" \/>\n<meta property=\"article:modified_time\" content=\"2023-05-30T11:17:26+00:00\" \/>\n<meta name=\"twitter:card\" content=\"summary_large_image\" \/>\n<meta name=\"twitter:label1\" content=\"Tiempo de lectura\" \/>\n\t<meta name=\"twitter:data1\" content=\"9 minutos\" \/>\n<script type=\"application\/ld+json\" class=\"yoast-schema-graph\">{\"@context\":\"https:\/\/schema.org\",\"@graph\":[{\"@type\":\"WebPage\",\"@id\":\"https:\/\/ceelimp.com\/es\/aviso-legal\/\",\"url\":\"https:\/\/ceelimp.com\/es\/aviso-legal\",\"name\":\"Aviso legal - Servicios de Limpieza en Madrid\",\"isPartOf\":{\"@id\":\"https:\/\/ceelimp.com\/es\/#website\"},\"datePublished\":\"2018-05-25T09:51:09+00:00\",\"dateModified\":\"2023-05-30T11:17:26+00:00\",\"description\":\"Aviso legal. Empresa especializada en servicios auxiliares y de limpieza en Madrid. Contamos con m\u00e1s de 30 a\u00f1os de experiencia en el sector.\",\"breadcrumb\":{\"@id\":\"https:\/\/ceelimp.com\/es\/aviso-legal#breadcrumb\"},\"inLanguage\":\"es\",\"potentialAction\":[{\"@type\":\"ReadAction\",\"target\":[\"https:\/\/ceelimp.com\/es\/aviso-legal\"]}]},{\"@type\":\"BreadcrumbList\",\"@id\":\"https:\/\/ceelimp.com\/es\/aviso-legal#breadcrumb\",\"itemListElement\":[{\"@type\":\"ListItem\",\"position\":1,\"name\":\"Inicio\",\"item\":\"https:\/\/ceelimp.com\/es\/\"},{\"@type\":\"ListItem\",\"position\":2,\"name\":\"Aviso legal\"}]},{\"@type\":\"WebSite\",\"@id\":\"https:\/\/ceelimp.com\/es\/#website\",\"url\":\"https:\/\/ceelimp.com\/es\/\",\"name\":\"Empresa de limpieza y servicios auxiliares | Ceelimp\",\"description\":\"Empresa de servicios de limpieza\",\"potentialAction\":[{\"@type\":\"SearchAction\",\"target\":{\"@type\":\"EntryPoint\",\"urlTemplate\":\"https:\/\/ceelimp.com\/es\/?s={search_term_string}\"},\"query-input\":{\"@type\":\"PropertyValueSpecification\",\"valueRequired\":true,\"valueName\":\"search_term_string\"}}],\"inLanguage\":\"es\"}]}<\/script>\n<!-- \/ Yoast SEO plugin. -->","yoast_head_json":{"title":"Aviso legal - Servicios de Limpieza en Madrid","description":"Aviso legal. Empresa especializada en servicios auxiliares y de limpieza en Madrid. Contamos con m\u00e1s de 30 a\u00f1os de experiencia en el sector.","robots":{"index":"index","follow":"follow","max-snippet":"max-snippet:-1","max-image-preview":"max-image-preview:large","max-video-preview":"max-video-preview:-1"},"canonical":"https:\/\/ceelimp.com\/es\/aviso-legal","og_locale":"es_ES","og_type":"article","og_title":"Aviso legal - Servicios de Limpieza en Madrid","og_description":"Aviso legal. Empresa especializada en servicios auxiliares y de limpieza en Madrid. Contamos con m\u00e1s de 30 a\u00f1os de experiencia en el sector.","og_url":"https:\/\/ceelimp.com\/es\/aviso-legal","og_site_name":"Empresa de limpieza y servicios auxiliares | Ceelimp","article_publisher":"https:\/\/www.facebook.com\/ceelimp\/","article_modified_time":"2023-05-30T11:17:26+00:00","twitter_card":"summary_large_image","twitter_misc":{"Tiempo de lectura":"9 minutos"},"schema":{"@context":"https:\/\/schema.org","@graph":[{"@type":"WebPage","@id":"https:\/\/ceelimp.com\/es\/aviso-legal\/","url":"https:\/\/ceelimp.com\/es\/aviso-legal","name":"Aviso legal - Servicios de Limpieza en Madrid","isPartOf":{"@id":"https:\/\/ceelimp.com\/es\/#website"},"datePublished":"2018-05-25T09:51:09+00:00","dateModified":"2023-05-30T11:17:26+00:00","description":"Aviso legal. Empresa especializada en servicios auxiliares y de limpieza en Madrid. Contamos con m\u00e1s de 30 a\u00f1os de experiencia en el sector.","breadcrumb":{"@id":"https:\/\/ceelimp.com\/es\/aviso-legal#breadcrumb"},"inLanguage":"es","potentialAction":[{"@type":"ReadAction","target":["https:\/\/ceelimp.com\/es\/aviso-legal"]}]},{"@type":"BreadcrumbList","@id":"https:\/\/ceelimp.com\/es\/aviso-legal#breadcrumb","itemListElement":[{"@type":"ListItem","position":1,"name":"Inicio","item":"https:\/\/ceelimp.com\/es\/"},{"@type":"ListItem","position":2,"name":"Aviso legal"}]},{"@type":"WebSite","@id":"https:\/\/ceelimp.com\/es\/#website","url":"https:\/\/ceelimp.com\/es\/","name":"Empresa de limpieza y servicios auxiliares | Ceelimp","description":"Empresa de servicios de limpieza","potentialAction":[{"@type":"SearchAction","target":{"@type":"EntryPoint","urlTemplate":"https:\/\/ceelimp.com\/es\/?s={search_term_string}"},"query-input":{"@type":"PropertyValueSpecification","valueRequired":true,"valueName":"search_term_string"}}],"inLanguage":"es"}]}},"_links":{"self":[{"href":"https:\/\/ceelimp.com\/es\/wp-json\/wp\/v2\/pages\/2313","targetHints":{"allow":["GET"]}}],"collection":[{"href":"https:\/\/ceelimp.com\/es\/wp-json\/wp\/v2\/pages"}],"about":[{"href":"https:\/\/ceelimp.com\/es\/wp-json\/wp\/v2\/types\/page"}],"author":[{"embeddable":true,"href":"https:\/\/ceelimp.com\/es\/wp-json\/wp\/v2\/users\/1"}],"replies":[{"embeddable":true,"href":"https:\/\/ceelimp.com\/es\/wp-json\/wp\/v2\/comments?post=2313"}],"version-history":[{"count":0,"href":"https:\/\/ceelimp.com\/es\/wp-json\/wp\/v2\/pages\/2313\/revisions"}],"wp:attachment":[{"href":"https:\/\/ceelimp.com\/es\/wp-json\/wp\/v2\/media?parent=2313"}],"curies":[{"name":"wp","href":"https:\/\/api.w.org\/{rel}","templated":true}]}}