{"id":1709,"date":"2017-12-27T11:48:02","date_gmt":"2017-12-27T11:48:02","guid":{"rendered":"https:\/\/ceelimp.com\/?page_id=1709"},"modified":"2023-05-30T11:26:53","modified_gmt":"2023-05-30T11:26:53","slug":"control-de-accesos","status":"publish","type":"page","link":"https:\/\/ceelimp.com\/es\/empresa-servicios-auxiliares\/control-de-accesos\/","title":{"rendered":"Control de accesos"},"content":{"rendered":"<p><div class=\"fusion-fullwidth fullwidth-box fusion-builder-row-1 fusion-flex-container nonhundred-percent-fullwidth non-hundred-percent-height-scrolling\" style=\"--awb-border-radius-top-left:0px;--awb-border-radius-top-right:0px;--awb-border-radius-bottom-right:0px;--awb-border-radius-bottom-left:0px;\" ><div class=\"fusion-builder-row fusion-row fusion-flex-align-items-flex-start\" style=\"max-width:calc( 1100px + 0px );margin-left: calc(-0px \/ 2 );margin-right: calc(-0px \/ 2 );\"><div class=\"fusion-layout-column fusion_builder_column fusion-builder-column-0 fusion_builder_column_1_1 1_1 fusion-flex-column\" style=\"--awb-bg-size:cover;--awb-width-large:100%;--awb-margin-top-large:0px;--awb-spacing-right-large:0px;--awb-margin-bottom-large:20px;--awb-spacing-left-large:0px;--awb-width-medium:100%;--awb-spacing-right-medium:0px;--awb-spacing-left-medium:0px;--awb-width-small:100%;--awb-spacing-right-small:0px;--awb-spacing-left-small:0px;\"><div class=\"fusion-column-wrapper fusion-flex-justify-content-flex-start fusion-content-layout-column\"><div class=\"fusion-title title fusion-title-1 fusion-sep-none fusion-title-text fusion-title-size-one\"><h1 class=\"title-heading-left fusion-responsive-typography-calculated\" style=\"margin:0;--fontSize:45;line-height:1.4;\"><h1 style=\"font-size: 35px;\">EMPRESA DE SERVICIOS DE CONTROL DE ACCESOS EN MADRID<\/h1><\/h1><\/div><\/div><\/div><\/div><\/div><div class=\"fusion-fullwidth fullwidth-box fusion-builder-row-2 fusion-flex-container nonhundred-percent-fullwidth non-hundred-percent-height-scrolling\" style=\"--awb-border-radius-top-left:0px;--awb-border-radius-top-right:0px;--awb-border-radius-bottom-right:0px;--awb-border-radius-bottom-left:0px;--awb-margin-bottom:-50px;--awb-background-color:#4ab8d4;\" ><div class=\"fusion-builder-row fusion-row fusion-flex-align-items-flex-start\" style=\"max-width:calc( 1100px + 0px );margin-left: calc(-0px \/ 2 );margin-right: calc(-0px \/ 2 );\"><div class=\"fusion-layout-column fusion_builder_column fusion-builder-column-1 fusion_builder_column_1_1 1_1 fusion-flex-column\" style=\"--awb-bg-size:cover;--awb-width-large:100%;--awb-margin-top-large:50px;--awb-spacing-right-large:0px;--awb-margin-bottom-large:0px;--awb-spacing-left-large:0px;--awb-width-medium:100%;--awb-spacing-right-medium:0px;--awb-spacing-left-medium:0px;--awb-width-small:100%;--awb-spacing-right-small:0px;--awb-spacing-left-small:0px;\"><div class=\"fusion-column-wrapper fusion-flex-justify-content-center fusion-content-layout-column\"><div class=\"fusion-text fusion-text-1\"><h2 style=\"text-align: center;\"><span style=\"color: #ffffff;\">\u00bfNECESITA UNA EMPRESA DE CONTROL DE ACCESOS?<\/span><\/h2>\n<\/div><\/div><\/div><div class=\"fusion-layout-column fusion_builder_column fusion-builder-column-2 fusion_builder_column_1_1 1_1 fusion-flex-column\" style=\"--awb-bg-size:cover;--awb-width-large:100%;--awb-margin-top-large:0px;--awb-spacing-right-large:0px;--awb-margin-bottom-large:-20px;--awb-spacing-left-large:0px;--awb-width-medium:100%;--awb-spacing-right-medium:0px;--awb-spacing-left-medium:0px;--awb-width-small:100%;--awb-spacing-right-small:0px;--awb-spacing-left-small:0px;\"><div class=\"fusion-column-wrapper fusion-flex-justify-content-center fusion-content-layout-column\"><div style=\"text-align:center;\"><a class=\"fusion-button button-flat fusion-button-default-size button-custom fusion-button-default button-1 fusion-button-default-span fusion-button-default-type\" style=\"--button_accent_color:#ffffff;--button_accent_hover_color:#747474;--button_border_hover_color:#747474;--button_border_width-top:2px;--button_border_width-right:2px;--button_border_width-bottom:2px;--button_border_width-left:2px;--button_gradient_top_color:#747474;--button_gradient_bottom_color:#747474;--button_gradient_top_color_hover:#ffffff;--button_gradient_bottom_color_hover:#ffffff;\" target=\"_self\" title=\"Solicitar presupuesto sin compromiso\" href=\"\/es\/solicitar-presupuesto\"><span class=\"fusion-button-text\">SOLICITAR PRESUPUESTO<\/span><\/a><\/div><\/div><\/div><\/div><\/div><div class=\"fusion-fullwidth fullwidth-box fusion-builder-row-3 fusion-flex-container nonhundred-percent-fullwidth non-hundred-percent-height-scrolling\" style=\"--awb-border-radius-top-left:0px;--awb-border-radius-top-right:0px;--awb-border-radius-bottom-right:0px;--awb-border-radius-bottom-left:0px;--awb-margin-top:130px;--awb-margin-bottom:70px;\" ><div class=\"fusion-builder-row fusion-row fusion-flex-align-items-flex-start\" style=\"max-width:1144px;margin-left: calc(-4% \/ 2 );margin-right: calc(-4% \/ 2 );\"><div class=\"fusion-layout-column fusion_builder_column fusion-builder-column-3 fusion_builder_column_1_3 1_3 fusion-flex-column\" style=\"--awb-bg-size:cover;--awb-width-large:33.333333333333%;--awb-margin-top-large:0px;--awb-spacing-right-large:3.8399999999999%;--awb-margin-bottom-large:20px;--awb-spacing-left-large:5.76%;--awb-width-medium:33.333333333333%;--awb-spacing-right-medium:3.8399999999999%;--awb-spacing-left-medium:5.76%;--awb-width-small:100%;--awb-spacing-right-small:1.92%;--awb-spacing-left-small:1.92%;\"><div class=\"fusion-column-wrapper fusion-flex-justify-content-flex-start fusion-content-layout-column\"><div class=\"fusion-text fusion-text-2\"><h2 style=\"font-size: 25px; margin-bottom: 5px;\">Servicios de control de accesos en Madrid<\/h2>\n<p>El <strong><em>servicio de control de accesos<\/em><\/strong> a nuestras instalaciones es un servicio indispensable para el correcto funcionamiento de nuestra empresa. Sin embargo, no se aporta un valor especial a nuestro negocio. Con <strong>Ceelimp<\/strong>, gracias al amplio abanico de servicio que ofrece, podr\u00e1 dedicarse a lo aporta realmente valor a su negocio en lugar de aquellos servicios necesarios pero inapreciables para sus clientes.<\/p>\n<p>Con el cat\u00e1logo de servicios que ofrecemos, buscamos la despreocupaci\u00f3n de nuestros clientes. Garantizamos la mejor calidad al mejor precio abarcando gran parte de los servicios a externalizar. De este modo, al contar con un proveedor que ofrezca todos estos servicios, se lograr\u00e1 una reducci\u00f3n de costes adem\u00e1s de una respuesta m\u00e1s efectiva.<\/p>\n<\/div><\/div><\/div><div class=\"fusion-layout-column fusion_builder_column fusion-builder-column-4 fusion_builder_column_2_3 2_3 fusion-flex-column fusion-column-inner-bg-wrapper\" style=\"--awb-inner-bg-size:cover;--awb-width-large:66.666666666667%;--awb-margin-top-large:0px;--awb-spacing-right-large:2.88%;--awb-margin-bottom-large:20px;--awb-spacing-left-large:3.84%;--awb-width-medium:66.666666666667%;--awb-spacing-right-medium:2.88%;--awb-spacing-left-medium:3.84%;--awb-width-small:100%;--awb-spacing-right-small:1.92%;--awb-spacing-left-small:1.92%;\"><span class=\"fusion-column-inner-bg hover-type-zoomin\"><span class=\"fusion-column-anchor\"><span class=\"fusion-column-inner-bg-image\"><\/span><\/span><\/span><div class=\"fusion-column-wrapper fusion-flex-justify-content-flex-start fusion-content-layout-column\"><div class=\"fusion-image-element \" style=\"text-align:center;--awb-caption-title-size:var(--h2_typography-font-size);--awb-caption-title-transform:var(--h2_typography-text-transform);--awb-caption-title-line-height:var(--h2_typography-line-height);--awb-caption-title-letter-spacing:var(--h2_typography-letter-spacing);\"><span class=\" fusion-imageframe imageframe-none imageframe-1 hover-type-zoomin\"><img decoding=\"async\" width=\"800\" height=\"533\" alt=\"Empresa de servicios de control de accesos en Madrid\" title=\"Servicio de control de accesos\" src=\"https:\/\/ceelimp.com\/wp-content\/uploads\/2017\/12\/Servicio-de-control-y-acceso.jpg\" class=\"img-responsive wp-image-1681\" srcset=\"https:\/\/ceelimp.com\/wp-content\/uploads\/2017\/12\/Servicio-de-control-y-acceso-200x133.jpg 200w, https:\/\/ceelimp.com\/wp-content\/uploads\/2017\/12\/Servicio-de-control-y-acceso-400x267.jpg 400w, https:\/\/ceelimp.com\/wp-content\/uploads\/2017\/12\/Servicio-de-control-y-acceso-600x400.jpg 600w, https:\/\/ceelimp.com\/wp-content\/uploads\/2017\/12\/Servicio-de-control-y-acceso.jpg 800w, https:\/\/ceelimp.com\/wp-content\/uploads\/2017\/12\/Servicio-de-control-y-acceso-1200x800.jpg 1200w\" sizes=\"(max-width: 640px) 100vw, 800px\" \/><\/span><\/div><\/div><\/div><div class=\"fusion-layout-column fusion_builder_column fusion-builder-column-5 fusion_builder_column_1_1 1_1 fusion-flex-column\" style=\"--awb-bg-size:cover;--awb-width-large:100%;--awb-margin-top-large:0px;--awb-spacing-right-large:1.92%;--awb-margin-bottom-large:20px;--awb-spacing-left-large:1.92%;--awb-width-medium:100%;--awb-spacing-right-medium:1.92%;--awb-spacing-left-medium:1.92%;--awb-width-small:100%;--awb-spacing-right-small:1.92%;--awb-spacing-left-small:1.92%;\"><div class=\"fusion-column-wrapper fusion-flex-justify-content-flex-start fusion-content-layout-column\"><div class=\"fusion-text fusion-text-3\"><p>En <strong>Ceelimp<\/strong> no s\u00f3lo prestamos el servicio de control de acceso a sus instalaciones sino que nuestros ingenieros est\u00e1n a podr\u00e1n realizar un estudio de sus necesidades a cubrir por los sistemas m\u00e1s vanguardistas. De esta manera, sus expectativas se ver\u00e1n cubiertas con las mejores garant\u00edas gracias a un servicio adaptado a sus necesidades.<\/p>\n<p>Para <strong>Ceelimp<\/strong> lo m\u00e1s importante es la satisfacci\u00f3n de nuestros clientes. Esto se traduce en una relaci\u00f3n profesional de larga duraci\u00f3n. Actualmente, contamos con la confianza de numerosos clientes desde hace m\u00e1s de 25 a\u00f1os.<\/p>\n<\/div><\/div><\/div><\/div><\/div><\/p>\n","protected":false},"excerpt":{"rendered":"","protected":false},"author":1,"featured_media":0,"parent":1678,"menu_order":0,"comment_status":"closed","ping_status":"closed","template":"100-width.php","meta":{"_monsterinsights_skip_tracking":false,"_monsterinsights_sitenote_active":false,"_monsterinsights_sitenote_note":"","_monsterinsights_sitenote_category":0,"footnotes":""},"class_list":["post-1709","page","type-page","status-publish","hentry"],"yoast_head":"<!-- This site is optimized with the Yoast SEO plugin v25.0 - https:\/\/yoast.com\/wordpress\/plugins\/seo\/ -->\n<title>Empresa de Servicios de Control de Accesos en Madrid<\/title>\n<meta name=\"description\" content=\"Servicio de control de accesos para empresas en Madrid. Servicio personalizado a las necesidades de cada cliente. Contacte y solicite presupuesto.\" \/>\n<meta name=\"robots\" content=\"index, follow, max-snippet:-1, max-image-preview:large, max-video-preview:-1\" \/>\n<link rel=\"canonical\" href=\"https:\/\/ceelimp.com\/es\/empresa-servicios-auxiliares\/control-de-accesos\/\" \/>\n<meta property=\"og:locale\" content=\"es_ES\" \/>\n<meta property=\"og:type\" content=\"article\" \/>\n<meta property=\"og:title\" content=\"Servicio de control de accesos - Ceelimp\" \/>\n<meta property=\"og:description\" content=\"Empresa de control de accesos. Ceelimp, empresa con m\u00e1s de 30 a\u00f1os de experiencia. Somos profesionales en el control de acceso a sus instalaciones.\" \/>\n<meta property=\"og:url\" content=\"https:\/\/ceelimp.com\/es\/empresa-servicios-auxiliares\/control-de-accesos\/\" \/>\n<meta property=\"og:site_name\" content=\"Empresa de limpieza y servicios auxiliares | Ceelimp\" \/>\n<meta property=\"article:publisher\" content=\"https:\/\/www.facebook.com\/ceelimp\/\" \/>\n<meta property=\"article:modified_time\" content=\"2023-05-30T11:26:53+00:00\" \/>\n<meta name=\"twitter:card\" content=\"summary_large_image\" \/>\n<meta name=\"twitter:title\" content=\"Servicio de control de accesos - Ceelimp\" \/>\n<meta name=\"twitter:description\" content=\"Empresa de control de accesos. Ceelimp, empresa con m\u00e1s de 30 a\u00f1os de experiencia. Somos profesionales en el control de acceso a sus instalaciones.\" \/>\n<meta name=\"twitter:label1\" content=\"Tiempo de lectura\" \/>\n\t<meta name=\"twitter:data1\" content=\"5 minutos\" \/>\n<script type=\"application\/ld+json\" class=\"yoast-schema-graph\">{\"@context\":\"https:\/\/schema.org\",\"@graph\":[{\"@type\":\"WebPage\",\"@id\":\"http:\/\/ceelimp.com\/es\/empresa-servicios-auxiliares\/control-de-accesos\/\",\"url\":\"https:\/\/ceelimp.com\/es\/empresa-servicios-auxiliares\/control-de-accesos\/\",\"name\":\"Empresa de Servicios de Control de Accesos en Madrid\",\"isPartOf\":{\"@id\":\"https:\/\/ceelimp.com\/es\/#website\"},\"datePublished\":\"2017-12-27T11:48:02+00:00\",\"dateModified\":\"2023-05-30T11:26:53+00:00\",\"description\":\"Servicio de control de accesos para empresas en Madrid. Servicio personalizado a las necesidades de cada cliente. Contacte y solicite presupuesto.\",\"breadcrumb\":{\"@id\":\"https:\/\/ceelimp.com\/es\/empresa-servicios-auxiliares\/control-de-accesos\/#breadcrumb\"},\"inLanguage\":\"es\",\"potentialAction\":[{\"@type\":\"ReadAction\",\"target\":[\"https:\/\/ceelimp.com\/es\/empresa-servicios-auxiliares\/control-de-accesos\/\"]}]},{\"@type\":\"BreadcrumbList\",\"@id\":\"https:\/\/ceelimp.com\/es\/empresa-servicios-auxiliares\/control-de-accesos\/#breadcrumb\",\"itemListElement\":[{\"@type\":\"ListItem\",\"position\":1,\"name\":\"Inicio\",\"item\":\"https:\/\/ceelimp.com\/es\/\"},{\"@type\":\"ListItem\",\"position\":2,\"name\":\"Empresa de servicios auxiliares\",\"item\":\"http:\/\/ceelimp.com\/es\/empresa-servicios-auxiliares\/\"},{\"@type\":\"ListItem\",\"position\":3,\"name\":\"Control de accesos\"}]},{\"@type\":\"WebSite\",\"@id\":\"https:\/\/ceelimp.com\/es\/#website\",\"url\":\"https:\/\/ceelimp.com\/es\/\",\"name\":\"Empresa de limpieza y servicios auxiliares | Ceelimp\",\"description\":\"Empresa de servicios de limpieza\",\"potentialAction\":[{\"@type\":\"SearchAction\",\"target\":{\"@type\":\"EntryPoint\",\"urlTemplate\":\"https:\/\/ceelimp.com\/es\/?s={search_term_string}\"},\"query-input\":{\"@type\":\"PropertyValueSpecification\",\"valueRequired\":true,\"valueName\":\"search_term_string\"}}],\"inLanguage\":\"es\"}]}<\/script>\n<!-- \/ Yoast SEO plugin. -->","yoast_head_json":{"title":"Empresa de Servicios de Control de Accesos en Madrid","description":"Servicio de control de accesos para empresas en Madrid. Servicio personalizado a las necesidades de cada cliente. Contacte y solicite presupuesto.","robots":{"index":"index","follow":"follow","max-snippet":"max-snippet:-1","max-image-preview":"max-image-preview:large","max-video-preview":"max-video-preview:-1"},"canonical":"https:\/\/ceelimp.com\/es\/empresa-servicios-auxiliares\/control-de-accesos\/","og_locale":"es_ES","og_type":"article","og_title":"Servicio de control de accesos - Ceelimp","og_description":"Empresa de control de accesos. Ceelimp, empresa con m\u00e1s de 30 a\u00f1os de experiencia. Somos profesionales en el control de acceso a sus instalaciones.","og_url":"https:\/\/ceelimp.com\/es\/empresa-servicios-auxiliares\/control-de-accesos\/","og_site_name":"Empresa de limpieza y servicios auxiliares | Ceelimp","article_publisher":"https:\/\/www.facebook.com\/ceelimp\/","article_modified_time":"2023-05-30T11:26:53+00:00","twitter_card":"summary_large_image","twitter_title":"Servicio de control de accesos - Ceelimp","twitter_description":"Empresa de control de accesos. Ceelimp, empresa con m\u00e1s de 30 a\u00f1os de experiencia. Somos profesionales en el control de acceso a sus instalaciones.","twitter_misc":{"Tiempo de lectura":"5 minutos"},"schema":{"@context":"https:\/\/schema.org","@graph":[{"@type":"WebPage","@id":"http:\/\/ceelimp.com\/es\/empresa-servicios-auxiliares\/control-de-accesos\/","url":"https:\/\/ceelimp.com\/es\/empresa-servicios-auxiliares\/control-de-accesos\/","name":"Empresa de Servicios de Control de Accesos en Madrid","isPartOf":{"@id":"https:\/\/ceelimp.com\/es\/#website"},"datePublished":"2017-12-27T11:48:02+00:00","dateModified":"2023-05-30T11:26:53+00:00","description":"Servicio de control de accesos para empresas en Madrid. Servicio personalizado a las necesidades de cada cliente. Contacte y solicite presupuesto.","breadcrumb":{"@id":"https:\/\/ceelimp.com\/es\/empresa-servicios-auxiliares\/control-de-accesos\/#breadcrumb"},"inLanguage":"es","potentialAction":[{"@type":"ReadAction","target":["https:\/\/ceelimp.com\/es\/empresa-servicios-auxiliares\/control-de-accesos\/"]}]},{"@type":"BreadcrumbList","@id":"https:\/\/ceelimp.com\/es\/empresa-servicios-auxiliares\/control-de-accesos\/#breadcrumb","itemListElement":[{"@type":"ListItem","position":1,"name":"Inicio","item":"https:\/\/ceelimp.com\/es\/"},{"@type":"ListItem","position":2,"name":"Empresa de servicios auxiliares","item":"http:\/\/ceelimp.com\/es\/empresa-servicios-auxiliares\/"},{"@type":"ListItem","position":3,"name":"Control de accesos"}]},{"@type":"WebSite","@id":"https:\/\/ceelimp.com\/es\/#website","url":"https:\/\/ceelimp.com\/es\/","name":"Empresa de limpieza y servicios auxiliares | Ceelimp","description":"Empresa de servicios de limpieza","potentialAction":[{"@type":"SearchAction","target":{"@type":"EntryPoint","urlTemplate":"https:\/\/ceelimp.com\/es\/?s={search_term_string}"},"query-input":{"@type":"PropertyValueSpecification","valueRequired":true,"valueName":"search_term_string"}}],"inLanguage":"es"}]}},"_links":{"self":[{"href":"https:\/\/ceelimp.com\/es\/wp-json\/wp\/v2\/pages\/1709","targetHints":{"allow":["GET"]}}],"collection":[{"href":"https:\/\/ceelimp.com\/es\/wp-json\/wp\/v2\/pages"}],"about":[{"href":"https:\/\/ceelimp.com\/es\/wp-json\/wp\/v2\/types\/page"}],"author":[{"embeddable":true,"href":"https:\/\/ceelimp.com\/es\/wp-json\/wp\/v2\/users\/1"}],"replies":[{"embeddable":true,"href":"https:\/\/ceelimp.com\/es\/wp-json\/wp\/v2\/comments?post=1709"}],"version-history":[{"count":0,"href":"https:\/\/ceelimp.com\/es\/wp-json\/wp\/v2\/pages\/1709\/revisions"}],"up":[{"embeddable":true,"href":"https:\/\/ceelimp.com\/es\/wp-json\/wp\/v2\/pages\/1678"}],"wp:attachment":[{"href":"https:\/\/ceelimp.com\/es\/wp-json\/wp\/v2\/media?parent=1709"}],"curies":[{"name":"wp","href":"https:\/\/api.w.org\/{rel}","templated":true}]}}