{"id":1543,"date":"2017-12-13T17:05:54","date_gmt":"2017-12-13T17:05:54","guid":{"rendered":"https:\/\/ceelimp.com\/?page_id=1543"},"modified":"2023-05-31T15:24:03","modified_gmt":"2023-05-31T15:24:03","slug":"limpieza-de-oficinas","status":"publish","type":"page","link":"https:\/\/ceelimp.com\/es\/empresa-de-limpieza\/limpieza-de-oficinas\/","title":{"rendered":"Limpieza de oficinas"},"content":{"rendered":"<p><div class=\"fusion-fullwidth fullwidth-box fusion-builder-row-1 fusion-flex-container nonhundred-percent-fullwidth non-hundred-percent-height-scrolling\" style=\"--awb-border-radius-top-left:0px;--awb-border-radius-top-right:0px;--awb-border-radius-bottom-right:0px;--awb-border-radius-bottom-left:0px;\" ><div class=\"fusion-builder-row fusion-row fusion-flex-align-items-flex-start\" style=\"max-width:calc( 1100px + 0px );margin-left: calc(-0px \/ 2 );margin-right: calc(-0px \/ 2 );\"><div class=\"fusion-layout-column fusion_builder_column fusion-builder-column-0 fusion_builder_column_1_1 1_1 fusion-flex-column\" style=\"--awb-bg-size:cover;--awb-width-large:100%;--awb-margin-top-large:0px;--awb-spacing-right-large:0px;--awb-margin-bottom-large:20px;--awb-spacing-left-large:0px;--awb-width-medium:100%;--awb-spacing-right-medium:0px;--awb-spacing-left-medium:0px;--awb-width-small:100%;--awb-spacing-right-small:0px;--awb-spacing-left-small:0px;\"><div class=\"fusion-column-wrapper fusion-flex-justify-content-flex-start fusion-content-layout-column\"><div class=\"fusion-title title fusion-title-1 fusion-sep-none fusion-title-text fusion-title-size-one\"><h1 class=\"title-heading-left fusion-responsive-typography-calculated\" style=\"margin:0;--fontSize:45;line-height:1.4;\"><p style=\"font-size: 35px;\">EMPRESA DE LIMPIEZA DE OFICINAS EN MADRID<\/p><\/h1><\/div><\/div><\/div><\/div><\/div><div class=\"fusion-fullwidth fullwidth-box fusion-builder-row-2 fusion-flex-container hundred-percent-fullwidth non-hundred-percent-height-scrolling fusion-no-medium-visibility\" style=\"--awb-border-radius-top-left:0px;--awb-border-radius-top-right:0px;--awb-border-radius-bottom-right:0px;--awb-border-radius-bottom-left:0px;--awb-margin-bottom:-50px;--awb-background-color:#4ab8d4;\" ><div class=\"fusion-builder-row fusion-row fusion-flex-align-items-flex-start\" style=\"width:calc( 100% + 0px ) !important;max-width:calc( 100% + 0px ) !important;margin-left: calc(-0px \/ 2 );margin-right: calc(-0px \/ 2 );\"><div class=\"fusion-layout-column fusion_builder_column fusion-builder-column-1 fusion_builder_column_1_1 1_1 fusion-flex-column\" style=\"--awb-bg-size:cover;--awb-width-large:100%;--awb-margin-top-large:50px;--awb-spacing-right-large:0px;--awb-margin-bottom-large:0px;--awb-spacing-left-large:0px;--awb-width-medium:100%;--awb-spacing-right-medium:0px;--awb-spacing-left-medium:0px;--awb-width-small:100%;--awb-spacing-right-small:0px;--awb-spacing-left-small:0px;\"><div class=\"fusion-column-wrapper fusion-flex-justify-content-center fusion-content-layout-column\"><div class=\"fusion-text fusion-text-1\"><h2 style=\"text-align: center;\"><span style=\"color: #ffffff;\">\u00bfNECESITA UNA EMPRESA DE LIMPIEZA DE OFICINAS?<\/span><\/h2>\n<\/div><\/div><\/div><div class=\"fusion-layout-column fusion_builder_column fusion-builder-column-2 fusion_builder_column_1_1 1_1 fusion-flex-column\" style=\"--awb-bg-size:cover;--awb-width-large:100%;--awb-margin-top-large:0px;--awb-spacing-right-large:0px;--awb-margin-bottom-large:-20px;--awb-spacing-left-large:0px;--awb-width-medium:100%;--awb-spacing-right-medium:0px;--awb-spacing-left-medium:0px;--awb-width-small:100%;--awb-spacing-right-small:0px;--awb-spacing-left-small:0px;\"><div class=\"fusion-column-wrapper fusion-flex-justify-content-center fusion-content-layout-column\"><div style=\"text-align:center;\"><a class=\"fusion-button button-flat fusion-button-default-size button-custom fusion-button-default button-1 fusion-button-default-span fusion-button-default-type\" style=\"--button_accent_color:#ffffff;--button_accent_hover_color:#747474;--button_border_hover_color:#747474;--button_border_width-top:2px;--button_border_width-right:2px;--button_border_width-bottom:2px;--button_border_width-left:2px;--button_gradient_top_color:#747474;--button_gradient_bottom_color:#747474;--button_gradient_top_color_hover:#ffffff;--button_gradient_bottom_color_hover:#ffffff;\" target=\"_self\" title=\"Solicitar presupuesto sin compromiso\" href=\"\/es\/solicitar-presupuesto\"><span class=\"fusion-button-text\">SOLICITAR PRESUPUESTO<\/span><\/a><\/div><\/div><\/div><\/div><\/div><div class=\"fusion-fullwidth fullwidth-box fusion-builder-row-3 fusion-flex-container nonhundred-percent-fullwidth non-hundred-percent-height-scrolling\" style=\"--awb-border-radius-top-left:0px;--awb-border-radius-top-right:0px;--awb-border-radius-bottom-right:0px;--awb-border-radius-bottom-left:0px;--awb-margin-top:130px;--awb-margin-bottom:70px;\" ><div class=\"fusion-builder-row fusion-row fusion-flex-align-items-flex-start\" style=\"max-width:1144px;margin-left: calc(-4% \/ 2 );margin-right: calc(-4% \/ 2 );\"><div class=\"fusion-layout-column fusion_builder_column fusion-builder-column-3 fusion_builder_column_1_3 1_3 fusion-flex-column fusion-column-inner-bg-wrapper\" style=\"--awb-inner-bg-size:cover;--awb-width-large:33.333333333333%;--awb-margin-top-large:0px;--awb-spacing-right-large:3.8399999999999%;--awb-margin-bottom-large:20px;--awb-spacing-left-large:5.76%;--awb-width-medium:33.333333333333%;--awb-spacing-right-medium:3.8399999999999%;--awb-spacing-left-medium:5.76%;--awb-width-small:100%;--awb-spacing-right-small:1.92%;--awb-spacing-left-small:1.92%;\"><span class=\"fusion-column-inner-bg hover-type-zoomin\"><span class=\"fusion-column-anchor\"><span class=\"fusion-column-inner-bg-image\"><\/span><\/span><\/span><div class=\"fusion-column-wrapper fusion-flex-justify-content-flex-start fusion-content-layout-column\"><div class=\"fusion-image-element \" style=\"--awb-caption-title-size:var(--h2_typography-font-size);--awb-caption-title-transform:var(--h2_typography-text-transform);--awb-caption-title-line-height:var(--h2_typography-line-height);--awb-caption-title-letter-spacing:var(--h2_typography-letter-spacing);\"><span class=\" fusion-imageframe imageframe-none imageframe-1 hover-type-none\"><img decoding=\"async\" width=\"800\" height=\"489\" alt=\"Empresa de servicios de limpieza de oficinas en Madrid\" title=\"limpieza de oficinas\" src=\"https:\/\/ceelimp.com\/wp-content\/uploads\/2017\/12\/Limpieza-de-oficinas.jpg\" class=\"img-responsive wp-image-1471\" srcset=\"https:\/\/ceelimp.com\/wp-content\/uploads\/2017\/12\/Limpieza-de-oficinas-200x122.jpg 200w, https:\/\/ceelimp.com\/wp-content\/uploads\/2017\/12\/Limpieza-de-oficinas-400x245.jpg 400w, https:\/\/ceelimp.com\/wp-content\/uploads\/2017\/12\/Limpieza-de-oficinas-600x367.jpg 600w, https:\/\/ceelimp.com\/wp-content\/uploads\/2017\/12\/Limpieza-de-oficinas.jpg 800w, https:\/\/ceelimp.com\/wp-content\/uploads\/2017\/12\/Limpieza-de-oficinas-1200x734.jpg 1200w\" sizes=\"(max-width: 640px) 100vw, 400px\" \/><\/span><\/div><\/div><\/div><div class=\"fusion-layout-column fusion_builder_column fusion-builder-column-4 fusion_builder_column_2_3 2_3 fusion-flex-column\" style=\"--awb-bg-size:cover;--awb-width-large:66.666666666667%;--awb-margin-top-large:0px;--awb-spacing-right-large:2.88%;--awb-margin-bottom-large:20px;--awb-spacing-left-large:3.84%;--awb-width-medium:66.666666666667%;--awb-spacing-right-medium:2.88%;--awb-spacing-left-medium:3.84%;--awb-width-small:100%;--awb-spacing-right-small:1.92%;--awb-spacing-left-small:1.92%;\"><div class=\"fusion-column-wrapper fusion-flex-justify-content-flex-start fusion-content-layout-column\"><div class=\"fusion-text fusion-text-2\"><h2 style=\"font-size: 25px; margin-bottom: 5px;\">Servicios de Limpieza de Oficinas en Madrid<\/h2>\n<p>La <em><strong>limpieza de oficinas<\/strong><\/em>, seg\u00fan afirman diversos estudios contrastados,<strong>&nbsp;<\/strong>est\u00e1 directamente relacionado con el nivel de productividad de los trabajadores. Por este motivo, toda empresa busca un ambiente agradable de trabajo para maximizar el rendimiento de sus trabajadores. De esta manera, la <strong>limpieza<\/strong> de sus <em>oficinas<\/em> debe ser un servicio de calidad delegado a los profesionales de la limpieza.<br \/>\nPor otro lado, las oficinas son una importante carta de presentaci\u00f3n ante clientes. As\u00ed que, en&nbsp;<em><strong>Ceelimp<\/strong><\/em>, conscientes de esta situaci\u00f3n, entendemos que el servicio de <em><strong>limpieza de <\/strong><\/em>sus <em><strong>oficinas<\/strong><\/em> es clave para el \u00e9xito de su compa\u00f1\u00eda.&nbsp; Por estos motivos, garantizamos el mejor servicio con la m\u00e1xima calidad.<\/p>\n<p>Impartimos diversos cursos de formaci\u00f3n a todos y cada uno de nuestros empleados para que sean totalmente aut\u00f3nomos en la realizaci\u00f3n de sus tareas de limpieza en oficinas.<\/p>\n<\/div><\/div><\/div><div class=\"fusion-layout-column fusion_builder_column fusion-builder-column-5 fusion_builder_column_2_3 2_3 fusion-flex-column\" style=\"--awb-bg-size:cover;--awb-width-large:66.666666666667%;--awb-margin-top-large:0px;--awb-spacing-right-large:3.84%;--awb-margin-bottom-large:20px;--awb-spacing-left-large:2.88%;--awb-width-medium:66.666666666667%;--awb-spacing-right-medium:3.84%;--awb-spacing-left-medium:2.88%;--awb-width-small:100%;--awb-spacing-right-small:1.92%;--awb-spacing-left-small:1.92%;\"><div class=\"fusion-column-wrapper fusion-flex-justify-content-flex-start fusion-content-layout-column\"><div class=\"fusion-text fusion-text-3\"><p>Adicionalmente, nuestros supervisores realizan auditor\u00edas aleatorias con el objeto de realizar un seguimiento de los trabajos realizados as\u00ed como del el estado de la calidad de las tareas de limpieza de su oficina logrando que usted se olvide de estas tareas que no son propias de su negocio.<\/p>\n<p>Con m\u00e1s de 30 a\u00f1os de experiencia en el sector de la <strong><em>limpieza de oficinas<\/em><\/strong> en Madrid, <em><strong>Ceelimp<\/strong> <\/em>cuenta con los mejores profesionales que a lo largo de los a\u00f1os han ido adquiriendo unos conocimientos que han dado lugar a la elaboraci\u00f3n de diversos protocolos de actuaci\u00f3n para el mejor cuidado de las instalaciones de nuestros clientes.<\/p>\n<\/div><\/div><\/div><div class=\"fusion-layout-column fusion_builder_column fusion-builder-column-6 fusion_builder_column_1_3 1_3 fusion-flex-column\" style=\"--awb-bg-size:cover;--awb-border-color:#ffffff;--awb-border-left:2px;--awb-border-style:solid;--awb-width-large:33.333333333333%;--awb-margin-top-large:0px;--awb-spacing-right-large:5.76%;--awb-margin-bottom-large:20px;--awb-spacing-left-large:3.8399999999999%;--awb-width-medium:33.333333333333%;--awb-spacing-right-medium:5.76%;--awb-spacing-left-medium:3.8399999999999%;--awb-width-small:100%;--awb-spacing-right-small:1.92%;--awb-spacing-left-small:1.92%;\"><div class=\"fusion-column-wrapper fusion-flex-justify-content-flex-start fusion-content-layout-column\"><div class=\"fusion-text fusion-text-4\"><h3>Relaci\u00f3n de confianza<\/h3>\n<\/div><div class=\"fusion-text fusion-text-5\"><p>Hemos logrado establecer relaciones con clientes que llevan confiando en Ceelimp el servicio de limpieza de oficinas en Madrid durante m\u00e1s de 30 a\u00f1os.<\/p>\n<\/div><\/div><\/div><div class=\"fusion-layout-column fusion_builder_column fusion-builder-column-7 fusion_builder_column_1_1 1_1 fusion-flex-column\" style=\"--awb-bg-size:cover;--awb-width-large:100%;--awb-margin-top-large:0px;--awb-spacing-right-large:1.92%;--awb-margin-bottom-large:20px;--awb-spacing-left-large:1.92%;--awb-width-medium:100%;--awb-spacing-right-medium:1.92%;--awb-spacing-left-medium:1.92%;--awb-width-small:100%;--awb-spacing-right-small:1.92%;--awb-spacing-left-small:1.92%;\"><div class=\"fusion-column-wrapper fusion-flex-justify-content-flex-start fusion-content-layout-column\"><div class=\"fusion-title title fusion-title-2 fusion-title-text fusion-title-size-two\"><div class=\"title-sep-container title-sep-container-left fusion-no-large-visibility fusion-no-medium-visibility fusion-no-small-visibility\"><div class=\"title-sep sep- sep-solid\" style=\"border-color:#e0dede;\"><\/div><\/div><span class=\"awb-title-spacer fusion-no-large-visibility fusion-no-medium-visibility fusion-no-small-visibility\"><\/span><h2 class=\"title-heading-left fusion-responsive-typography-calculated\" style=\"margin:0;--fontSize:40;line-height:1.5;\">\u00bfEn qu\u00e9 se traduce la experiencia de <strong>Ceelimp<\/strong> en la limpieza de oficinas?<\/h2><span class=\"awb-title-spacer\"><\/span><div class=\"title-sep-container title-sep-container-right\"><div class=\"title-sep sep- sep-solid\" style=\"border-color:#e0dede;\"><\/div><\/div><\/div><\/div><\/div><div class=\"fusion-layout-column fusion_builder_column fusion-builder-column-8 fusion_builder_column_1_1 1_1 fusion-flex-column\" style=\"--awb-bg-size:cover;--awb-width-large:100%;--awb-margin-top-large:0px;--awb-spacing-right-large:1.92%;--awb-margin-bottom-large:20px;--awb-spacing-left-large:1.92%;--awb-width-medium:100%;--awb-spacing-right-medium:1.92%;--awb-spacing-left-medium:1.92%;--awb-width-small:100%;--awb-spacing-right-small:1.92%;--awb-spacing-left-small:1.92%;\"><div class=\"fusion-column-wrapper fusion-flex-justify-content-flex-start fusion-content-layout-column\"><div class=\"fusion-text fusion-text-6\"><p>En <em><strong>Ceelimp<\/strong> <\/em>queremos establecer relaciones de confianza. Nuestro objetivo es que cada uno de nuestros clientes pueda olvidarse de realizar el seguimiento del servicio de limpieza. Como profesionales de la limpieza, en <strong><em>Ceelimp<\/em> <\/strong>nos preocupamos por realizar el servicio que, en todo momento, nuestros clientes necesitan.<\/p>\n<p>Por ello, nuestra primera acci\u00f3n es realizar una auditor\u00eda exhaustiva de las necesidades de cada cliente. Realizamos visitas previas a la oficina sobre la que se desea trabajar para ofrecer el mejor servicio con las mayores garant\u00edas de \u00e9xito.<\/p>\n<p>Entendemos lo que es vital de su negocio y comprendemos que la limpieza no lo es. Por este motivo, nuestro personal est\u00e1 muy concienciado en realizar sus tareas en tiempo y forma. Con esta filosof\u00eda, pretendemos establecer relaciones con nuestros clientes. De esta forma, hemos fidelizado clientes, quienes conf\u00edan en <em><strong>Ceelimp<\/strong>&nbsp;la<\/em>&nbsp;<em><strong>limpieza de oficinas<\/strong><\/em> desde hace m\u00e1s de 25 a\u00f1os.<\/p>\n<\/div><\/div><\/div><\/div><\/div><\/p>\n","protected":false},"excerpt":{"rendered":"","protected":false},"author":1,"featured_media":0,"parent":1359,"menu_order":0,"comment_status":"closed","ping_status":"closed","template":"100-width.php","meta":{"_monsterinsights_skip_tracking":false,"_monsterinsights_sitenote_active":false,"_monsterinsights_sitenote_note":"","_monsterinsights_sitenote_category":0,"footnotes":""},"class_list":["post-1543","page","type-page","status-publish","hentry"],"yoast_head":"<!-- This site is optimized with the Yoast SEO plugin v25.0 - https:\/\/yoast.com\/wordpress\/plugins\/seo\/ -->\n<title>Empresas de Servicios de Limpieza de Oficinas en Madrid<\/title>\n<meta name=\"description\" content=\"Empresa especializada en servicios de limpieza de oficinas en Madrid. Servicios de limpieza de oficinas para empresas. Presupuesto sin compromiso\" \/>\n<meta name=\"robots\" content=\"index, follow, max-snippet:-1, max-image-preview:large, max-video-preview:-1\" \/>\n<link rel=\"canonical\" href=\"https:\/\/ceelimp.com\/es\/empresa-de-limpieza\/limpieza-de-oficinas\/\" \/>\n<meta property=\"og:locale\" content=\"es_ES\" \/>\n<meta property=\"og:type\" content=\"article\" \/>\n<meta property=\"og:title\" content=\"Limpieza de oficinas - Ceelimp, empresa de limpieza\" \/>\n<meta property=\"og:description\" content=\"Empresa especializada en la limpieza de oficinas. Con m\u00e1s de 30 a\u00f1os de experiencia. Solicita presupuesto sin compromiso.\" \/>\n<meta property=\"og:url\" content=\"https:\/\/ceelimp.com\/es\/empresa-de-limpieza\/limpieza-de-oficinas\/\" \/>\n<meta property=\"og:site_name\" content=\"Empresa de limpieza y servicios auxiliares | Ceelimp\" \/>\n<meta property=\"article:publisher\" content=\"https:\/\/www.facebook.com\/ceelimp\/\" \/>\n<meta property=\"article:modified_time\" content=\"2023-05-31T15:24:03+00:00\" \/>\n<meta name=\"twitter:card\" content=\"summary_large_image\" \/>\n<meta name=\"twitter:title\" content=\"Limpieza de oficinas - Ceelimp, empresa de limpieza\" \/>\n<meta name=\"twitter:description\" content=\"Empresa especializada en la limpieza de oficinas. Con m\u00e1s de 30 a\u00f1os de experiencia. Solicita presupuesto sin compromiso.\" \/>\n<meta name=\"twitter:label1\" content=\"Tiempo de lectura\" \/>\n\t<meta name=\"twitter:data1\" content=\"8 minutos\" \/>\n<script type=\"application\/ld+json\" class=\"yoast-schema-graph\">{\"@context\":\"https:\/\/schema.org\",\"@graph\":[{\"@type\":\"WebPage\",\"@id\":\"http:\/\/ceelimp.com\/es\/empresa-de-limpieza\/limpieza-de-oficinas\/\",\"url\":\"https:\/\/ceelimp.com\/es\/empresa-de-limpieza\/limpieza-de-oficinas\/\",\"name\":\"Empresas de Servicios de Limpieza de Oficinas en Madrid\",\"isPartOf\":{\"@id\":\"https:\/\/ceelimp.com\/es\/#website\"},\"datePublished\":\"2017-12-13T17:05:54+00:00\",\"dateModified\":\"2023-05-31T15:24:03+00:00\",\"description\":\"Empresa especializada en servicios de limpieza de oficinas en Madrid. Servicios de limpieza de oficinas para empresas. Presupuesto sin compromiso\",\"breadcrumb\":{\"@id\":\"https:\/\/ceelimp.com\/es\/empresa-de-limpieza\/limpieza-de-oficinas\/#breadcrumb\"},\"inLanguage\":\"es\",\"potentialAction\":[{\"@type\":\"ReadAction\",\"target\":[\"https:\/\/ceelimp.com\/es\/empresa-de-limpieza\/limpieza-de-oficinas\/\"]}]},{\"@type\":\"BreadcrumbList\",\"@id\":\"https:\/\/ceelimp.com\/es\/empresa-de-limpieza\/limpieza-de-oficinas\/#breadcrumb\",\"itemListElement\":[{\"@type\":\"ListItem\",\"position\":1,\"name\":\"Inicio\",\"item\":\"https:\/\/ceelimp.com\/es\/\"},{\"@type\":\"ListItem\",\"position\":2,\"name\":\"Empresa de Limpieza\",\"item\":\"https:\/\/ceelimp.com\/es\/empresa-de-limpieza\/\"},{\"@type\":\"ListItem\",\"position\":3,\"name\":\"Limpieza de oficinas\"}]},{\"@type\":\"WebSite\",\"@id\":\"https:\/\/ceelimp.com\/es\/#website\",\"url\":\"https:\/\/ceelimp.com\/es\/\",\"name\":\"Empresa de limpieza y servicios auxiliares | Ceelimp\",\"description\":\"Empresa de servicios de limpieza\",\"potentialAction\":[{\"@type\":\"SearchAction\",\"target\":{\"@type\":\"EntryPoint\",\"urlTemplate\":\"https:\/\/ceelimp.com\/es\/?s={search_term_string}\"},\"query-input\":{\"@type\":\"PropertyValueSpecification\",\"valueRequired\":true,\"valueName\":\"search_term_string\"}}],\"inLanguage\":\"es\"}]}<\/script>\n<!-- \/ Yoast SEO plugin. -->","yoast_head_json":{"title":"Empresas de Servicios de Limpieza de Oficinas en Madrid","description":"Empresa especializada en servicios de limpieza de oficinas en Madrid. Servicios de limpieza de oficinas para empresas. Presupuesto sin compromiso","robots":{"index":"index","follow":"follow","max-snippet":"max-snippet:-1","max-image-preview":"max-image-preview:large","max-video-preview":"max-video-preview:-1"},"canonical":"https:\/\/ceelimp.com\/es\/empresa-de-limpieza\/limpieza-de-oficinas\/","og_locale":"es_ES","og_type":"article","og_title":"Limpieza de oficinas - Ceelimp, empresa de limpieza","og_description":"Empresa especializada en la limpieza de oficinas. Con m\u00e1s de 30 a\u00f1os de experiencia. Solicita presupuesto sin compromiso.","og_url":"https:\/\/ceelimp.com\/es\/empresa-de-limpieza\/limpieza-de-oficinas\/","og_site_name":"Empresa de limpieza y servicios auxiliares | Ceelimp","article_publisher":"https:\/\/www.facebook.com\/ceelimp\/","article_modified_time":"2023-05-31T15:24:03+00:00","twitter_card":"summary_large_image","twitter_title":"Limpieza de oficinas - Ceelimp, empresa de limpieza","twitter_description":"Empresa especializada en la limpieza de oficinas. Con m\u00e1s de 30 a\u00f1os de experiencia. Solicita presupuesto sin compromiso.","twitter_misc":{"Tiempo de lectura":"8 minutos"},"schema":{"@context":"https:\/\/schema.org","@graph":[{"@type":"WebPage","@id":"http:\/\/ceelimp.com\/es\/empresa-de-limpieza\/limpieza-de-oficinas\/","url":"https:\/\/ceelimp.com\/es\/empresa-de-limpieza\/limpieza-de-oficinas\/","name":"Empresas de Servicios de Limpieza de Oficinas en Madrid","isPartOf":{"@id":"https:\/\/ceelimp.com\/es\/#website"},"datePublished":"2017-12-13T17:05:54+00:00","dateModified":"2023-05-31T15:24:03+00:00","description":"Empresa especializada en servicios de limpieza de oficinas en Madrid. Servicios de limpieza de oficinas para empresas. Presupuesto sin compromiso","breadcrumb":{"@id":"https:\/\/ceelimp.com\/es\/empresa-de-limpieza\/limpieza-de-oficinas\/#breadcrumb"},"inLanguage":"es","potentialAction":[{"@type":"ReadAction","target":["https:\/\/ceelimp.com\/es\/empresa-de-limpieza\/limpieza-de-oficinas\/"]}]},{"@type":"BreadcrumbList","@id":"https:\/\/ceelimp.com\/es\/empresa-de-limpieza\/limpieza-de-oficinas\/#breadcrumb","itemListElement":[{"@type":"ListItem","position":1,"name":"Inicio","item":"https:\/\/ceelimp.com\/es\/"},{"@type":"ListItem","position":2,"name":"Empresa de Limpieza","item":"https:\/\/ceelimp.com\/es\/empresa-de-limpieza\/"},{"@type":"ListItem","position":3,"name":"Limpieza de oficinas"}]},{"@type":"WebSite","@id":"https:\/\/ceelimp.com\/es\/#website","url":"https:\/\/ceelimp.com\/es\/","name":"Empresa de limpieza y servicios auxiliares | Ceelimp","description":"Empresa de servicios de limpieza","potentialAction":[{"@type":"SearchAction","target":{"@type":"EntryPoint","urlTemplate":"https:\/\/ceelimp.com\/es\/?s={search_term_string}"},"query-input":{"@type":"PropertyValueSpecification","valueRequired":true,"valueName":"search_term_string"}}],"inLanguage":"es"}]}},"_links":{"self":[{"href":"https:\/\/ceelimp.com\/es\/wp-json\/wp\/v2\/pages\/1543","targetHints":{"allow":["GET"]}}],"collection":[{"href":"https:\/\/ceelimp.com\/es\/wp-json\/wp\/v2\/pages"}],"about":[{"href":"https:\/\/ceelimp.com\/es\/wp-json\/wp\/v2\/types\/page"}],"author":[{"embeddable":true,"href":"https:\/\/ceelimp.com\/es\/wp-json\/wp\/v2\/users\/1"}],"replies":[{"embeddable":true,"href":"https:\/\/ceelimp.com\/es\/wp-json\/wp\/v2\/comments?post=1543"}],"version-history":[{"count":0,"href":"https:\/\/ceelimp.com\/es\/wp-json\/wp\/v2\/pages\/1543\/revisions"}],"up":[{"embeddable":true,"href":"https:\/\/ceelimp.com\/es\/wp-json\/wp\/v2\/pages\/1359"}],"wp:attachment":[{"href":"https:\/\/ceelimp.com\/es\/wp-json\/wp\/v2\/media?parent=1543"}],"curies":[{"name":"wp","href":"https:\/\/api.w.org\/{rel}","templated":true}]}}