{"id":2480,"date":"2018-09-03T10:12:49","date_gmt":"2018-09-03T10:12:49","guid":{"rendered":"https:\/\/ceelimp.com\/limpiezas-urgentes\/"},"modified":"2018-09-12T11:47:58","modified_gmt":"2018-09-12T11:47:58","slug":"limpiezas-urgentes","status":"publish","type":"page","link":"https:\/\/ceelimp.com\/do\/empresa-de-limpieza\/limpiezas-urgentes\/","title":{"rendered":"Limpiezas urgentes"},"content":{"rendered":"<p><div class=\"fusion-fullwidth fullwidth-box fusion-builder-row-1 fusion-flex-container nonhundred-percent-fullwidth non-hundred-percent-height-scrolling\" style=\"--awb-border-radius-top-left:0px;--awb-border-radius-top-right:0px;--awb-border-radius-bottom-right:0px;--awb-border-radius-bottom-left:0px;\" ><div class=\"fusion-builder-row fusion-row fusion-flex-align-items-flex-start\" style=\"max-width:calc( 1100px + 0px );margin-left: calc(-0px \/ 2 );margin-right: calc(-0px \/ 2 );\"><div class=\"fusion-layout-column fusion_builder_column fusion-builder-column-0 fusion_builder_column_1_1 1_1 fusion-flex-column\" style=\"--awb-bg-size:cover;--awb-width-large:100%;--awb-margin-top-large:0px;--awb-spacing-right-large:0px;--awb-margin-bottom-large:20px;--awb-spacing-left-large:0px;--awb-width-medium:100%;--awb-spacing-right-medium:0px;--awb-spacing-left-medium:0px;--awb-width-small:100%;--awb-spacing-right-small:0px;--awb-spacing-left-small:0px;\"><div class=\"fusion-column-wrapper fusion-flex-justify-content-flex-start fusion-content-layout-column\"><div class=\"fusion-title title fusion-title-1 fusion-sep-none fusion-title-text fusion-title-size-one\"><h1 class=\"title-heading-left fusion-responsive-typography-calculated\" style=\"margin:0;--fontSize:45;line-height:1.4;\"><h1 style=\"font-size: 35px;\">EMPRESA DE LIMPIEZAS URGENTES EN SANTIAGO DE LOS CABALLEROS<\/h1><\/h1><\/div><\/div><\/div><\/div><\/div><div class=\"fusion-fullwidth fullwidth-box fusion-builder-row-2 fusion-flex-container nonhundred-percent-fullwidth non-hundred-percent-height-scrolling fusion-no-medium-visibility\" style=\"--awb-border-radius-top-left:0px;--awb-border-radius-top-right:0px;--awb-border-radius-bottom-right:0px;--awb-border-radius-bottom-left:0px;--awb-margin-bottom:-50px;--awb-background-color:#4ab8d4;\" ><div class=\"fusion-builder-row fusion-row fusion-flex-align-items-flex-start\" style=\"max-width:calc( 1100px + 0px );margin-left: calc(-0px \/ 2 );margin-right: calc(-0px \/ 2 );\"><div class=\"fusion-layout-column fusion_builder_column fusion-builder-column-1 fusion_builder_column_1_1 1_1 fusion-flex-column\" style=\"--awb-bg-size:cover;--awb-width-large:100%;--awb-margin-top-large:50px;--awb-spacing-right-large:0px;--awb-margin-bottom-large:0px;--awb-spacing-left-large:0px;--awb-width-medium:100%;--awb-spacing-right-medium:0px;--awb-spacing-left-medium:0px;--awb-width-small:100%;--awb-spacing-right-small:0px;--awb-spacing-left-small:0px;\"><div class=\"fusion-column-wrapper fusion-flex-justify-content-center fusion-content-layout-column\"><div class=\"fusion-text fusion-text-1\"><h2 style=\"text-align: center;\"><span style=\"color: #ffffff;\">\u00bfNECESITA UNA EMPRESA DE LIMPIEZAS URGENTES?<\/span><\/h2>\n<\/div><\/div><\/div><div class=\"fusion-layout-column fusion_builder_column fusion-builder-column-2 fusion_builder_column_1_1 1_1 fusion-flex-column\" style=\"--awb-bg-size:cover;--awb-width-large:100%;--awb-margin-top-large:0px;--awb-spacing-right-large:0px;--awb-margin-bottom-large:-20px;--awb-spacing-left-large:0px;--awb-width-medium:100%;--awb-spacing-right-medium:0px;--awb-spacing-left-medium:0px;--awb-width-small:100%;--awb-spacing-right-small:0px;--awb-spacing-left-small:0px;\"><div class=\"fusion-column-wrapper fusion-flex-justify-content-center fusion-content-layout-column\"><div style=\"text-align:center;\"><a class=\"fusion-button button-flat fusion-button-default-size button-custom fusion-button-default button-1 fusion-button-default-span fusion-button-default-type\" style=\"--button_accent_color:#ffffff;--button_accent_hover_color:#747474;--button_border_hover_color:#747474;--button_border_width-top:2px;--button_border_width-right:2px;--button_border_width-bottom:2px;--button_border_width-left:2px;--button_gradient_top_color:#747474;--button_gradient_bottom_color:#747474;--button_gradient_top_color_hover:#ffffff;--button_gradient_bottom_color_hover:#ffffff;\" target=\"_self\" title=\"Solicitar cotizaci\u00f3n sin compromiso\" href=\"https:\/\/ceelimp.com\/do\/solicitar-cotizacion\"><span class=\"fusion-button-text\">SOLICITAR COTIZACI\u00d3N<\/span><\/a><\/div><\/div><\/div><\/div><\/div><div class=\"fusion-fullwidth fullwidth-box fusion-builder-row-3 fusion-flex-container nonhundred-percent-fullwidth non-hundred-percent-height-scrolling\" style=\"--awb-border-radius-top-left:0px;--awb-border-radius-top-right:0px;--awb-border-radius-bottom-right:0px;--awb-border-radius-bottom-left:0px;--awb-margin-top:130px;--awb-margin-bottom:70px;\" ><div class=\"fusion-builder-row fusion-row fusion-flex-align-items-flex-start\" style=\"max-width:1144px;margin-left: calc(-4% \/ 2 );margin-right: calc(-4% \/ 2 );\"><div class=\"fusion-layout-column fusion_builder_column fusion-builder-column-3 fusion_builder_column_1_3 1_3 fusion-flex-column\" style=\"--awb-bg-size:cover;--awb-width-large:33.333333333333%;--awb-margin-top-large:0px;--awb-spacing-right-large:3.8399999999999%;--awb-margin-bottom-large:20px;--awb-spacing-left-large:5.76%;--awb-width-medium:33.333333333333%;--awb-spacing-right-medium:3.8399999999999%;--awb-spacing-left-medium:5.76%;--awb-width-small:100%;--awb-spacing-right-small:1.92%;--awb-spacing-left-small:1.92%;\"><div class=\"fusion-column-wrapper fusion-flex-justify-content-flex-start fusion-content-layout-column\"><div class=\"fusion-text fusion-text-2\"><h2 style=\"font-size: 25px; margin-bottom: 5px;\">Limpiezas urgentes en Santiago de los Caballeros<\/h2>\n<p>Son numerosas las causas que pueden requerir del servicio de <em><strong>limpiezas urgentes<\/strong><\/em>. Es por ello que se trate de uno de los servicios m\u00e1s delicados que <strong>Ceelimp<\/strong> lleva prestando desde hace m\u00e1s de 30 a\u00f1os.<br \/>\nEste tipo de urgencias pueden ser de diferente origen partiendo desde desastres naturales, incendios, enfermedades, fallecimientos o, simplemente por diversas causas que hacen imprescindible una actuaci\u00f3n urgente por <strong>profesionales de limpieza<\/strong>. En <strong>Ceelimp<\/strong> somos conscientes de la importancia de estas necesidades de nuestros clientes por ellos estamos comprometidos en ofrecer un servicio con la mayor premura posible respondiendo de inmediato, las 24 horas del d\u00eda los 365 d\u00edas del a\u00f1o.<\/p>\n<\/div><\/div><\/div><div class=\"fusion-layout-column fusion_builder_column fusion-builder-column-4 fusion_builder_column_2_3 2_3 fusion-flex-column fusion-column-inner-bg-wrapper\" style=\"--awb-inner-bg-size:cover;--awb-width-large:66.666666666667%;--awb-margin-top-large:0px;--awb-spacing-right-large:2.88%;--awb-margin-bottom-large:20px;--awb-spacing-left-large:3.84%;--awb-width-medium:66.666666666667%;--awb-spacing-right-medium:2.88%;--awb-spacing-left-medium:3.84%;--awb-width-small:100%;--awb-spacing-right-small:1.92%;--awb-spacing-left-small:1.92%;\"><span class=\"fusion-column-inner-bg hover-type-zoomin\"><span class=\"fusion-column-anchor\"><span class=\"fusion-column-inner-bg-image\"><\/span><\/span><\/span><div class=\"fusion-column-wrapper fusion-flex-justify-content-flex-start fusion-content-layout-column\"><div class=\"fusion-image-element \" style=\"--awb-caption-title-size:var(--h2_typography-font-size);--awb-caption-title-transform:var(--h2_typography-text-transform);--awb-caption-title-line-height:var(--h2_typography-line-height);--awb-caption-title-letter-spacing:var(--h2_typography-letter-spacing);\"><span class=\" fusion-imageframe imageframe-none imageframe-1 hover-type-none\"><img decoding=\"async\" width=\"800\" height=\"534\" alt=\"Empresa de servicios de limpiezas urgentes en Santiago de los Caballeros\" title=\"limpiezas urgentes\" src=\"https:\/\/ceelimp.com\/wp-content\/uploads\/2017\/12\/Limpiezas-urgentes.jpg\" class=\"img-responsive wp-image-11885\" srcset=\"https:\/\/ceelimp.com\/wp-content\/uploads\/2017\/12\/Limpiezas-urgentes-200x133.jpg 200w, https:\/\/ceelimp.com\/wp-content\/uploads\/2017\/12\/Limpiezas-urgentes-400x267.jpg 400w, https:\/\/ceelimp.com\/wp-content\/uploads\/2017\/12\/Limpiezas-urgentes-600x400.jpg 600w, https:\/\/ceelimp.com\/wp-content\/uploads\/2017\/12\/Limpiezas-urgentes.jpg 800w, https:\/\/ceelimp.com\/wp-content\/uploads\/2017\/12\/Limpiezas-urgentes-1200x800.jpg 1200w\" sizes=\"(max-width: 640px) 100vw, 800px\" \/><\/span><\/div><\/div><\/div><\/div><\/div><div class=\"fusion-fullwidth fullwidth-box fusion-builder-row-4 fusion-flex-container nonhundred-percent-fullwidth non-hundred-percent-height-scrolling\" style=\"--awb-border-radius-top-left:0px;--awb-border-radius-top-right:0px;--awb-border-radius-bottom-right:0px;--awb-border-radius-bottom-left:0px;--awb-margin-bottom:-70px;--awb-background-color:#b6b6b6;\" ><div class=\"fusion-builder-row fusion-row fusion-flex-align-items-flex-start\" style=\"max-width:1144px;margin-left: calc(-4% \/ 2 );margin-right: calc(-4% \/ 2 );\"><div class=\"fusion-layout-column fusion_builder_column fusion-builder-column-5 fusion_builder_column_1_1 1_1 fusion-flex-column\" style=\"--awb-bg-size:cover;--awb-width-large:100%;--awb-margin-top-large:0px;--awb-spacing-right-large:1.92%;--awb-margin-bottom-large:20px;--awb-spacing-left-large:1.92%;--awb-width-medium:100%;--awb-spacing-right-medium:1.92%;--awb-spacing-left-medium:1.92%;--awb-width-small:100%;--awb-spacing-right-small:1.92%;--awb-spacing-left-small:1.92%;\"><div class=\"fusion-column-wrapper fusion-flex-justify-content-flex-start fusion-content-layout-column\"><div class=\"fusion-section-separator section-separator big-half-circle fusion-section-separator-1\" style=\"--awb-spacer-height:99px;--awb-svg-margin-left:1.92%;--awb-svg-margin-right:1.92%;--awb-svg-margin-left-medium:1.92%;--awb-svg-margin-right-medium:1.92%;--awb-svg-margin-left-small:1.92%;--awb-svg-margin-right-small:1.92%;--awb-divider-height:99px;--awb-spacer-padding-top:inherit;--awb-sep-padding:0;--awb-svg-padding:0;\"><div class=\"fusion-section-separator-svg\"><svg class=\"fusion-big-half-circle-candy\" xmlns=\"http:\/\/www.w3.org\/2000\/svg\" version=\"1.1\" width=\"100%\" height=\"100\" viewBox=\"0 0 100 100\" preserveAspectRatio=\"none\" fill=\"rgba(255,255,255,1)\"><path d=\"M0 0 C55 180 100 0 100 0 Z\"><\/path><\/svg><\/div><div class=\"fusion-section-separator-spacer\"><div class=\"fusion-section-separator-spacer-height\"><\/div><\/div><\/div><\/div><\/div><div class=\"fusion-layout-column fusion_builder_column fusion-builder-column-6 fusion_builder_column_1_3 1_3 fusion-flex-column\" style=\"--awb-padding-right:20px;--awb-bg-size:cover;--awb-border-color:#ffffff;--awb-border-right:2px;--awb-border-style:solid;--awb-width-large:33.333333333333%;--awb-margin-top-large:0px;--awb-spacing-right-large:3.8399999999999%;--awb-margin-bottom-large:20px;--awb-spacing-left-large:5.76%;--awb-width-medium:33.333333333333%;--awb-spacing-right-medium:3.8399999999999%;--awb-spacing-left-medium:5.76%;--awb-width-small:100%;--awb-spacing-right-small:1.92%;--awb-spacing-left-small:1.92%;\"><div class=\"fusion-column-wrapper fusion-flex-justify-content-flex-start fusion-content-layout-column\"><div class=\"fusion-text fusion-text-3\"><h3><span style=\"color: #ffffff;\">Limpieza profesional durante m\u00e1s de 30 a\u00f1os<\/span><\/h3>\n<\/div><div class=\"fusion-text fusion-text-4\"><p><span style=\"color: #ffffff;\">M\u00e1s de 30 a\u00f1os intentando mejorar d\u00eda a d\u00eda para poder ofrecer el mejor servicio a las necesidades de cada cliente<\/span><\/p>\n<\/div><\/div><\/div><div class=\"fusion-layout-column fusion_builder_column fusion-builder-column-7 fusion_builder_column_2_3 2_3 fusion-flex-column\" style=\"--awb-bg-size:cover;--awb-width-large:66.666666666667%;--awb-margin-top-large:0px;--awb-spacing-right-large:2.88%;--awb-margin-bottom-large:20px;--awb-spacing-left-large:3.84%;--awb-width-medium:66.666666666667%;--awb-spacing-right-medium:2.88%;--awb-spacing-left-medium:3.84%;--awb-width-small:100%;--awb-spacing-right-small:1.92%;--awb-spacing-left-small:1.92%;\"><div class=\"fusion-column-wrapper fusion-flex-justify-content-flex-start fusion-content-layout-column\"><div class=\"fusion-text fusion-text-5\"><p><span style=\"color: #ffffff;\">Para realizar con la mayor efectividad y precisi\u00f3n los servicios que ofrecemos a nuestros clientes, adoptamos necesariamente los mejores m\u00e9todos a nuestro alcance, con la finalidad de lograr los objetivos marcados.<\/span><br \/>\n<span style=\"color: #ffffff;\"> Cada <em><strong>limpieza urgente<\/strong><\/em> requiere de unos productos, materiales y maquinaria diferente. Por ello, cabe destacar el abanico de servicios que <strong>Ceelimp<\/strong> presta de car\u00e1cter urgente:<\/span><\/p>\n<ul>\n<li><span style=\"color: #ffffff;\">Limpieza de incendios<\/span><\/li>\n<li><span style=\"color: #ffffff;\">Limpieza de inundaciones<\/span><\/li>\n<li><span style=\"color: #ffffff;\">Limpiezas traum\u00e1ticas:<\/span>\n<ul>\n<li><span style=\"color: #ffffff;\">S\u00edndrome de di\u00f3genes<\/span><\/li>\n<li><span style=\"color: #ffffff;\">Fallecimientos desasistidos<\/span><\/li>\n<li><span style=\"color: #ffffff;\">Desratizaci\u00f3n<\/span><\/li>\n<\/ul>\n<\/li>\n<li><span style=\"color: #ffffff;\"><a class=\"specialA\" style=\"color: #ffffff;\" href=\"https:\/\/ceelimp.com\/do\/empresa-de-limpieza\/limpieza-obras\">Limpieza de obras<\/a><\/span><\/li>\n<li><span style=\"color: #ffffff;\">Limpieza de grafitis<\/span><\/li>\n<li><span style=\"color: #ffffff;\">Limpieza por inauguraci\u00f3n<\/span><\/li>\n<li><span style=\"color: #ffffff;\"><a style=\"color: #ffffff;\" href=\"https:\/\/ceelimp.com\/do\/empresa-de-limpieza\/limpiezas-puntuales\/\">Limpieza de choque<\/a><\/span><\/li>\n<\/ul>\n<\/div><\/div><\/div><div class=\"fusion-layout-column fusion_builder_column fusion-builder-column-8 fusion_builder_column_1_1 1_1 fusion-flex-column\" style=\"--awb-bg-color:#b6b6b6;--awb-bg-size:cover;--awb-width-large:100%;--awb-margin-top-large:0px;--awb-spacing-right-large:1.92%;--awb-margin-bottom-large:0px;--awb-spacing-left-large:1.92%;--awb-width-medium:100%;--awb-spacing-right-medium:1.92%;--awb-spacing-left-medium:1.92%;--awb-width-small:100%;--awb-spacing-right-small:1.92%;--awb-spacing-left-small:1.92%;\"><div class=\"fusion-column-wrapper fusion-flex-justify-content-flex-start fusion-content-layout-column\"><div class=\"fusion-section-separator section-separator big-half-circle fusion-section-separator-2\" style=\"--awb-spacer-height:99px;--awb-svg-margin-left:1.92%;--awb-svg-margin-right:1.92%;--awb-svg-margin-left-medium:1.92%;--awb-svg-margin-right-medium:1.92%;--awb-svg-margin-left-small:1.92%;--awb-svg-margin-right-small:1.92%;--awb-divider-height:99px;--awb-spacer-padding-top:inherit;--awb-sep-padding:0;--awb-svg-padding:0;\"><div class=\"fusion-section-separator-svg\"><svg class=\"fusion-big-half-circle-candy\" xmlns=\"http:\/\/www.w3.org\/2000\/svg\" version=\"1.1\" width=\"100%\" height=\"100\" viewBox=\"0 0 100 100\" preserveAspectRatio=\"none\" fill=\"rgba(255,255,255,1)\"><path d=\"M0 100 C40 0 60 0 100 100 Z\"><\/path><\/svg><\/div><div class=\"fusion-section-separator-spacer\"><div class=\"fusion-section-separator-spacer-height\"><\/div><\/div><\/div><\/div><\/div><\/div><\/div><\/p>\n","protected":false},"excerpt":{"rendered":"","protected":false},"author":1,"featured_media":0,"parent":2501,"menu_order":0,"comment_status":"closed","ping_status":"closed","template":"100-width.php","meta":{"_monsterinsights_skip_tracking":false,"_monsterinsights_sitenote_active":false,"_monsterinsights_sitenote_note":"","_monsterinsights_sitenote_category":0,"footnotes":""},"class_list":["post-2480","page","type-page","status-publish","hentry"],"yoast_head":"<!-- This site is optimized with the Yoast SEO plugin v25.0 - https:\/\/yoast.com\/wordpress\/plugins\/seo\/ -->\n<title>Empresa de Limpiezas urgentes en Santiago de los Caballeros | Ceelimp<\/title>\n<meta name=\"description\" content=\"Empresa de Limpiezas urgentes en Santiago de los Caballeros. Empresa especializada en limpiezas urgentes. Con m\u00e1s de 30 a\u00f1os de experiencia. Cotizaci\u00f3n sin compromiso.\" \/>\n<meta name=\"robots\" content=\"index, follow, max-snippet:-1, max-image-preview:large, max-video-preview:-1\" \/>\n<link rel=\"canonical\" href=\"http:\/\/ceelimp.com\/do\/empresa-de-limpieza\/limpiezas-urgentes\/\" \/>\n<meta property=\"og:locale\" content=\"es_ES\" \/>\n<meta property=\"og:type\" content=\"article\" \/>\n<meta property=\"og:title\" content=\"Empresa de Limpiezas urgentes en Santiago de los Caballeros | Ceelimp\" \/>\n<meta property=\"og:description\" content=\"Ceelimp, empresa especializada en limpiezas urgentes. Con m\u00e1s de 30 a\u00f1os de experiencia. Conf\u00eda en profesionales, solicita cotizaci\u00f3n sin compromiso.\" \/>\n<meta property=\"og:url\" content=\"http:\/\/ceelimp.com\/do\/empresa-de-limpieza\/limpiezas-urgentes\/\" \/>\n<meta property=\"og:site_name\" content=\"Empresa de limpieza y servicios auxiliares | Ceelimp\" \/>\n<meta property=\"article:publisher\" content=\"https:\/\/www.facebook.com\/ceelimp\/\" \/>\n<meta property=\"article:modified_time\" content=\"2018-09-12T11:47:58+00:00\" \/>\n<meta name=\"twitter:card\" content=\"summary_large_image\" \/>\n<meta name=\"twitter:title\" content=\"Limpiezas urgentes - Ceelimp, empresa de limpieza y servicios auxiliares\" \/>\n<meta name=\"twitter:description\" content=\"Ceelimp, empresa especializada en limpiezas urgentes. Con m\u00e1s de 30 a\u00f1os de experiencia. Conf\u00eda en profesionales, solicita presupuesto sin compromiso.\" \/>\n<meta name=\"twitter:label1\" content=\"Est. reading time\" \/>\n\t<meta name=\"twitter:data1\" content=\"7 minutos\" \/>\n<script type=\"application\/ld+json\" class=\"yoast-schema-graph\">{\"@context\":\"https:\/\/schema.org\",\"@graph\":[{\"@type\":\"WebPage\",\"@id\":\"http:\/\/ceelimp.com\/do\/empresa-de-limpieza\/limpiezas-urgentes\/\",\"url\":\"http:\/\/ceelimp.com\/do\/empresa-de-limpieza\/limpiezas-urgentes\/\",\"name\":\"Empresa de Limpiezas urgentes en Santiago de los Caballeros | Ceelimp\",\"isPartOf\":{\"@id\":\"https:\/\/ceelimp.com\/es\/#website\"},\"datePublished\":\"2018-09-03T10:12:49+00:00\",\"dateModified\":\"2018-09-12T11:47:58+00:00\",\"description\":\"Empresa de Limpiezas urgentes en Santiago de los Caballeros. Empresa especializada en limpiezas urgentes. Con m\u00e1s de 30 a\u00f1os de experiencia. Cotizaci\u00f3n sin compromiso.\",\"breadcrumb\":{\"@id\":\"http:\/\/ceelimp.com\/do\/empresa-de-limpieza\/limpiezas-urgentes\/#breadcrumb\"},\"inLanguage\":\"es-DO\",\"potentialAction\":[{\"@type\":\"ReadAction\",\"target\":[\"http:\/\/ceelimp.com\/do\/empresa-de-limpieza\/limpiezas-urgentes\/\"]}]},{\"@type\":\"BreadcrumbList\",\"@id\":\"http:\/\/ceelimp.com\/do\/empresa-de-limpieza\/limpiezas-urgentes\/#breadcrumb\",\"itemListElement\":[{\"@type\":\"ListItem\",\"position\":1,\"name\":\"Inicio\",\"item\":\"http:\/\/ceelimp.com\/do\/\"},{\"@type\":\"ListItem\",\"position\":2,\"name\":\"Empresa de Limpieza\",\"item\":\"http:\/\/ceelimp.com\/do\/empresa-de-limpieza\/\"},{\"@type\":\"ListItem\",\"position\":3,\"name\":\"Limpiezas urgentes\"}]},{\"@type\":\"WebSite\",\"@id\":\"https:\/\/ceelimp.com\/es\/#website\",\"url\":\"https:\/\/ceelimp.com\/es\/\",\"name\":\"Empresa de limpieza y servicios auxiliares | Ceelimp\",\"description\":\"Empresa de servicios de limpieza\",\"potentialAction\":[{\"@type\":\"SearchAction\",\"target\":{\"@type\":\"EntryPoint\",\"urlTemplate\":\"https:\/\/ceelimp.com\/es\/?s={search_term_string}\"},\"query-input\":{\"@type\":\"PropertyValueSpecification\",\"valueRequired\":true,\"valueName\":\"search_term_string\"}}],\"inLanguage\":\"es-DO\"}]}<\/script>\n<!-- \/ Yoast SEO plugin. -->","yoast_head_json":{"title":"Empresa de Limpiezas urgentes en Santiago de los Caballeros | Ceelimp","description":"Empresa de Limpiezas urgentes en Santiago de los Caballeros. Empresa especializada en limpiezas urgentes. Con m\u00e1s de 30 a\u00f1os de experiencia. Cotizaci\u00f3n sin compromiso.","robots":{"index":"index","follow":"follow","max-snippet":"max-snippet:-1","max-image-preview":"max-image-preview:large","max-video-preview":"max-video-preview:-1"},"canonical":"http:\/\/ceelimp.com\/do\/empresa-de-limpieza\/limpiezas-urgentes\/","og_locale":"es_ES","og_type":"article","og_title":"Empresa de Limpiezas urgentes en Santiago de los Caballeros | Ceelimp","og_description":"Ceelimp, empresa especializada en limpiezas urgentes. Con m\u00e1s de 30 a\u00f1os de experiencia. Conf\u00eda en profesionales, solicita cotizaci\u00f3n sin compromiso.","og_url":"http:\/\/ceelimp.com\/do\/empresa-de-limpieza\/limpiezas-urgentes\/","og_site_name":"Empresa de limpieza y servicios auxiliares | Ceelimp","article_publisher":"https:\/\/www.facebook.com\/ceelimp\/","article_modified_time":"2018-09-12T11:47:58+00:00","twitter_card":"summary_large_image","twitter_title":"Limpiezas urgentes - Ceelimp, empresa de limpieza y servicios auxiliares","twitter_description":"Ceelimp, empresa especializada en limpiezas urgentes. Con m\u00e1s de 30 a\u00f1os de experiencia. Conf\u00eda en profesionales, solicita presupuesto sin compromiso.","twitter_misc":{"Est. reading time":"7 minutos"},"schema":{"@context":"https:\/\/schema.org","@graph":[{"@type":"WebPage","@id":"http:\/\/ceelimp.com\/do\/empresa-de-limpieza\/limpiezas-urgentes\/","url":"http:\/\/ceelimp.com\/do\/empresa-de-limpieza\/limpiezas-urgentes\/","name":"Empresa de Limpiezas urgentes en Santiago de los Caballeros | Ceelimp","isPartOf":{"@id":"https:\/\/ceelimp.com\/es\/#website"},"datePublished":"2018-09-03T10:12:49+00:00","dateModified":"2018-09-12T11:47:58+00:00","description":"Empresa de Limpiezas urgentes en Santiago de los Caballeros. Empresa especializada en limpiezas urgentes. Con m\u00e1s de 30 a\u00f1os de experiencia. Cotizaci\u00f3n sin compromiso.","breadcrumb":{"@id":"http:\/\/ceelimp.com\/do\/empresa-de-limpieza\/limpiezas-urgentes\/#breadcrumb"},"inLanguage":"es-DO","potentialAction":[{"@type":"ReadAction","target":["http:\/\/ceelimp.com\/do\/empresa-de-limpieza\/limpiezas-urgentes\/"]}]},{"@type":"BreadcrumbList","@id":"http:\/\/ceelimp.com\/do\/empresa-de-limpieza\/limpiezas-urgentes\/#breadcrumb","itemListElement":[{"@type":"ListItem","position":1,"name":"Inicio","item":"http:\/\/ceelimp.com\/do\/"},{"@type":"ListItem","position":2,"name":"Empresa de Limpieza","item":"http:\/\/ceelimp.com\/do\/empresa-de-limpieza\/"},{"@type":"ListItem","position":3,"name":"Limpiezas urgentes"}]},{"@type":"WebSite","@id":"https:\/\/ceelimp.com\/es\/#website","url":"https:\/\/ceelimp.com\/es\/","name":"Empresa de limpieza y servicios auxiliares | Ceelimp","description":"Empresa de servicios de limpieza","potentialAction":[{"@type":"SearchAction","target":{"@type":"EntryPoint","urlTemplate":"https:\/\/ceelimp.com\/es\/?s={search_term_string}"},"query-input":{"@type":"PropertyValueSpecification","valueRequired":true,"valueName":"search_term_string"}}],"inLanguage":"es-DO"}]}},"_links":{"self":[{"href":"https:\/\/ceelimp.com\/do\/wp-json\/wp\/v2\/pages\/2480","targetHints":{"allow":["GET"]}}],"collection":[{"href":"https:\/\/ceelimp.com\/do\/wp-json\/wp\/v2\/pages"}],"about":[{"href":"https:\/\/ceelimp.com\/do\/wp-json\/wp\/v2\/types\/page"}],"author":[{"embeddable":true,"href":"https:\/\/ceelimp.com\/do\/wp-json\/wp\/v2\/users\/1"}],"replies":[{"embeddable":true,"href":"https:\/\/ceelimp.com\/do\/wp-json\/wp\/v2\/comments?post=2480"}],"version-history":[{"count":0,"href":"https:\/\/ceelimp.com\/do\/wp-json\/wp\/v2\/pages\/2480\/revisions"}],"up":[{"embeddable":true,"href":"https:\/\/ceelimp.com\/do\/wp-json\/wp\/v2\/pages\/2501"}],"wp:attachment":[{"href":"https:\/\/ceelimp.com\/do\/wp-json\/wp\/v2\/media?parent=2480"}],"curies":[{"name":"wp","href":"https:\/\/api.w.org\/{rel}","templated":true}]}}